{"id":821,"date":"2016-06-09T11:26:40","date_gmt":"2016-06-09T11:26:40","guid":{"rendered":"https:\/\/berzini.lv\/ru\/?page_id=821"},"modified":"2016-06-09T11:26:40","modified_gmt":"2016-06-09T11:26:40","slug":"%d0%b2-%d1%80%d0%be%d0%b7%d0%bd%d0%b8%d1%86%d1%83","status":"publish","type":"page","link":"https:\/\/berzini.lv\/ru\/%d0%b2-%d1%80%d0%be%d0%b7%d0%bd%d0%b8%d1%86%d1%83\/","title":{"rendered":"\u0412 \u0440\u043e\u0437\u043d\u0438\u0446\u0443"},"content":{"rendered":"<h3>\u041a\u0430\u043a \u0434\u0435\u043b\u0430\u0442\u044c \u043f\u043e\u043a\u0443\u043f\u043a\u0438 &#8212; B \u0440\u043e\u0437\u043d\u0438\u0446\u0443<\/h3>\n<p>\u0412 \u0440\u0430\u0431\u043e\u0447\u0438\u0435 \u0434\u043d\u0438 \u0441 8.00 \u043e 17.00 \u0441\u0430\u0436\u0435\u043d\u0446\u044b \u043c\u043e\u0436\u043d\u043e \u043a\u0443\u043f\u0438\u0442\u044c \u043d\u0430 \u043c\u0435\u0441\u0442\u0435 \u0432 \u0445\u043e\u044f\u0439\u0441\u0442\u0432\u0435. \u0415\u0441\u043b\u0438 \u043e\u0447\u0435\u043d\u044c \u043d\u0435\u043e\u0431\u0445\u043e\u0434\u0438\u043c\u043e, \u0442\u043e \u044d\u0442\u043e \u043c\u043e\u0436\u043d\u043e \u0441\u0434\u0435\u043b\u0430\u0442\u044c \u0438 \u0432 \u0434\u0440\u0443\u0433\u043e\u0435 \u0432\u0440\u0435\u043c\u044f, \u0437\u0430\u0440\u0430\u043d\u0435\u0435 \u0434\u043e\u0433\u043e\u0432\u043e\u0440\u0438\u0432\u0448\u0438\u0441\u044c \u043f\u043e \u0442\u0435\u043b\u0435\u0444\u043e\u043d\u0443 2950661, \u0441\u043f\u0440\u0430\u0448\u0438\u0432\u0430\u0442\u044c \u0418\u0432\u0435\u0442\u0443. \u041e \u043d\u0430\u043b\u0438\u0447\u0438\u0438 \u0432 \u0430\u0441\u0441\u043e\u0440\u0442\u0438\u043c\u0435\u043d\u0442\u0435 \u043a\u043e\u043d\u043a\u0440\u0435\u0442\u043d\u044b\u0445 \u0440\u0430\u0441\u0442\u0435\u043d\u0438\u0439 \u0436\u0435\u043b\u0430\u0442\u0435\u043b\u044c\u043d\u043e \u0438\u043d\u0442\u0435\u0440\u0435\u0441\u043e\u0432\u0430\u0442\u044c\u0441\u044f \u0434\u043e \u043f\u0440\u0438\u0435\u0437\u0434\u0430 \u043a \u043d\u0430\u043c, \u043f\u043e\u0437\u0432\u043e\u043d\u0438\u0432 \u043f\u043e \u0442\u0435\u043b\u0435\u0444\u043e\u043d\u0443, \u0434\u0430\u0436\u0435 \u0435\u0441\u043b\u0438 \u0441\u043e\u0431\u0438\u0440\u0430\u0435\u0442\u0435\u0441\u044c \u043f\u0440\u0438\u0435\u0445\u0430\u0442\u044c \u0432 \u0443\u043a\u0430\u0437\u0430\u043d\u043d\u043e\u0435 \u0440\u0430\u0431\u043e\u0447\u0435\u0435 \u0432\u0440\u0435\u043c\u044f.<\/p>\n<p>\u041d\u0430\u0448\u0438 \u0441\u0430\u0436\u0435\u043d\u0446\u044b (\u0438\u0437\u0434\u0435\u043b\u0438\u044f) B\u044b \u043c\u043e\u0436\u0435\u0442\u0435 \u043f\u0440\u0438\u043e\u0431\u0440\u0435\u0441\u0442\u0438 \u043f\u043e \u0446\u0435\u043d\u0435, \u043c\u0430\u043b\u043e \u043e\u0442\u043b\u0438\u0447\u0430\u044e\u0449\u0435\u0439\u0441\u044f \u043e\u0442 \u043d\u0430\u0448\u0438\u0445 \u0440\u043e\u0437\u043d\u0438\u0447\u043d\u044b\u0445 \u0446\u0435\u043d, \u0443 \u043d\u0430\u0448\u0438\u0445 \u043f\u0430\u0440\u0442\u043d\u0435\u0440\u043e\u0432 \u043f\u043e \u0441\u043e\u0442\u0440\u0443\u0434\u043d\u0438\u0447\u0435\u0441\u0442\u0432\u0443:<\/p>\n<ul>\n<li>OOO \u201eD\u0101rzi\u201d \u0420\u0438\u0433\u0430, \u0443\u043b. \u0411\u0438\u043a\u0435\u0440\u043d\u0438\u0435\u043a\u0443<\/li>\n<li>A\/S \u201eDi\u0101na\u201d, \u043c\u0430\u0433\u0430\u0437\u0438\u043d \u201eM\u0101jai un D\u0101rzam\u201d<\/li>\n<li>M\u0430\u0433\u0430\u0437\u0438\u043d \u201eJanvila\u201d, \u0420\u0438\u0433\u0430, \u0443\u043b. \u041c\u0443\u0440\u044c\u044f\u043d\u044e<\/li>\n<li>M\u0430\u0433\u0430\u0437\u0438\u043d\u044b OOO \u201eK-Rauta\u201d<\/li>\n<li>A\/S \u201eLatvijas Valsts Me\u017ei\u201d \u0432 \u0415\u043b\u0433\u0430\u0432\u0441\u043ao\u043c \u043b\u0435\u0441\u043e\u043f\u0438\u0442\u043e\u043c\u043d\u0438\u043a\u0435 \u0438 \u043c\u0435\u0441\u0442\u0430\u0445 \u0442\u043e\u0440\u0433\u043e\u0432\u043b\u0438 \u0441\u0430\u0436\u0435\u043d\u0446\u0430\u043c\u0438 \u0432 \u0414\u0430\u0443\u0433\u0430\u0432\u043f\u0438\u043b\u0441\u0435<\/li>\n<li>OOO\u201eSilJa\u201d, \u041c\u0430\u0440\u0443\u043f\u0441\u043a\u0430\u044f \u0432\u043e\u043b\u043e\u0441\u0442\u044c, \u0443 \u0415\u043b\u0433\u0430\u0432\u0441\u043a\u043e\u0433\u043e \u0448\u043e\u0441\u0441\u0435<\/li>\n<li>OOO\u201eSkaisto D\u0101rzu Darbn\u012bca\u201d \u043c\u0435\u0441\u0442\u0430 \u0442\u043e\u0440\u0433\u043e\u0432\u043b\u0438 \u0432 \u041a\u0443\u043b\u0434\u0438\u0433\u0435<\/li>\n<li>OOO\u201eZa\u013cais serviss\u201d \u0432\u043e\u0437\u043b\u0435 \u0420\u0438\u0433\u0438 \u2013 \u043d\u0430 \u0412\u0435\u043d\u0442\u0441\u043f\u0438\u043b\u0441\u0441\u043a\u043e\u043c \u0448\u043e\u0441\u0441\u0435 \u043c\u0435\u0436\u0434\u0443 \u041f\u0443\u0440\u0435 \u0438 \u041a\u0430\u043d\u0434\u0430\u0432\u043e\u0439<\/li>\n<li>OOO\u201eZa\u013cais tirgus\u201d \u0432\u043e\u0437\u043b\u0435 \u0420\u0438\u0433\u0438 \u2013 \u043d\u0430 \u041b\u0438\u0435\u043f\u0430\u0439\u0441\u043a\u043e\u043c \u0448\u043e\u0441\u0441\u0435 \u0432 \u0432\u043e\u043b\u043e\u0441\u0442\u0438 \u0411\u0430\u0431\u0438\u0442\u0435\u0441<\/li>\n<\/ul>\n<p>\u0427\u0430\u0441\u0442\u044c \u043d\u0430\u0448\u0435\u0433\u043e \u0430\u0441\u0441\u043e\u0440\u0442\u0438\u043c\u0435\u043d\u0442\u0430 \u043d\u0430\u0445\u043e\u0434\u0438\u0442\u0441\u044f \u0432:<\/p>\n<ul>\n<li>OOO &#171;Kokaudz\u0113tava Baltezers&#187;<\/li>\n<\/ul>\n<p>\u041d\u0430\u0441 \u043c\u043e\u0436\u043d\u043e \u043d\u0430\u0439\u0442\u0438 \u043f\u043e\u0447\u0442\u0438 \u043d\u0430 \u0432\u0441\u0435\u0445 \u043a\u0440\u0443\u043f\u043d\u0435\u0439\u0448\u0438\u0445 \u0432\u044b\u0441\u0442\u0430\u0432\u043a\u0430\u0445 \u0438 \u044f\u0440\u043c\u043e\u0440\u043a\u0430\u0445, \u043a\u043e\u0442\u043e\u0440\u044b\u0435 \u043f\u0440\u043e\u0445\u043e\u0434\u044f\u0442 \u0441 \u043a\u043e\u043d\u0446\u0430 \u0430\u043f\u0440\u0435\u043b\u044f \u0434\u043e \u043d\u0430\u0447\u0430\u043b\u0430 \u0441\u0435\u043d\u0442\u044f\u0431\u0440\u044f: \u201eLatekspo\u201d \u0432\u044b\u0441\u0442\u0430\u0432\u043a\u0430 \u0432 \u0420\u0438\u0433\u0435 \u0432 \u043a\u043e\u043d\u0446\u0435 \u0430\u043f\u0440\u0435\u043b\u044f; SAB (<a href=\"http:\/\/www.stadi.lv\" target=\"_blank\">www.stadi.lv<\/a>) \u043e\u0440\u0433\u0430\u043d\u0438\u0437\u043e\u0430\u043d\u043d\u044b\u0439 \u201eLatvijas st\u0101du par\u0101d\u0113\u201d \u0432 \u043a\u043e\u043d\u0446\u0435  \u0430\u043f\u0440\u0435\u043b\u044f \u2013 \u043d\u0430\u0447\u0430\u043b\u0435 \u043c\u0430\u044f \u0438 \u0441\u0435\u043d\u0442\u044f\u0431\u0440\u044c\u0441\u043a\u0438\u0435 \u044f\u0440\u043c\u043e\u0440\u043a\u0438 \u0432 \u0431\u043e\u0442\u0430\u043d\u0438\u0447\u0435\u0441\u043a\u043e\u043c \u0441\u0430\u0434\u0443 \u0421\u0430\u043b\u0430\u0441\u043f\u0438\u043b\u0441\u0430, \u0432 \u041b\u0438\u0435\u043f\u0430\u0435 \u043e\u043a\u043e\u043b\u043e \u201eLatvie\u0161u biedr\u012bbas nams\u201d \u0432 \u043a\u043e\u043d\u0446\u0435 \u043c\u0430\u044f; \u201eBT 1\u201d \u201eVasaras sv\u0113tkos d\u0101rzam\u201d \u0432 \u043a\u043e\u043d\u0446\u0435 \u0432\u0442\u043e\u0440\u043e\u0439 \u043d\u0435\u0434\u0435\u043b\u0438  \u0438\u044e\u043b\u044f; \u0438, \u043a\u043e\u043d\u0435\u0447\u043d\u043e, \u201eD\u0101rzu Pasaules\u201d \u043a\u043e\u043b\u043b\u0435\u043a\u0442\u0438\u0432\u043d\u043e \u043e\u0440\u0433\u0430\u043d\u0438\u0437\u043e\u0432\u0430\u043d\u043d\u044b\u0439 \u201eZiedu ball\u0113\u201d ; \u0430 \u0442\u0430\u043a\u0436\u0435 \u043e\u0441\u0435\u043d\u043d\u044f\u044f \u044f\u0440\u043c\u043e\u0440\u043a\u0430 SAB \u0432 \u0411\u0443\u043b\u0434\u0443\u0440\u0430\u0445 \u0432\u043e \u0432\u0442\u043e\u0440\u043e\u0439 \u043f\u043e\u043b\u043e\u0432\u0438\u043d\u0435 \u0441\u0435\u043d\u0442\u044f\u0431\u0440\u044f.<\/p>\n","protected":false},"excerpt":{"rendered":"<p>\u041a\u0430\u043a \u0434\u0435\u043b\u0430\u0442\u044c \u043f\u043e\u043a\u0443\u043f\u043a\u0438 &#8212; B \u0440\u043e\u0437\u043d\u0438\u0446\u0443 \u0412 \u0440\u0430\u0431\u043e\u0447\u0438\u0435 \u0434\u043d\u0438 \u0441 8.00 \u043e 17.00 \u0441\u0430\u0436\u0435\u043d\u0446\u044b \u043c\u043e\u0436\u043d\u043e \u043a\u0443\u043f\u0438\u0442\u044c \u043d\u0430 \u043c\u0435\u0441\u0442\u0435 \u0432 \u0445\u043e\u044f\u0439\u0441\u0442\u0432\u0435. \u0415\u0441\u043b\u0438 \u043e\u0447\u0435\u043d\u044c \u043d\u0435\u043e\u0431\u0445\u043e\u0434\u0438\u043c\u043e, \u0442\u043e \u044d\u0442\u043e \u043c\u043e\u0436\u043d\u043e \u0441\u0434\u0435\u043b\u0430\u0442\u044c \u0438 \u0432 \u0434\u0440\u0443\u0433\u043e\u0435 \u0432\u0440\u0435\u043c\u044f, \u0437\u0430\u0440\u0430\u043d\u0435\u0435 \u0434\u043e\u0433\u043e\u0432\u043e\u0440\u0438\u0432\u0448\u0438\u0441\u044c \u043f\u043e \u0442\u0435\u043b\u0435\u0444\u043e\u043d\u0443 2950661, \u0441\u043f\u0440\u0430\u0448\u0438\u0432\u0430\u0442\u044c \u0418\u0432\u0435\u0442\u0443. \u041e \u043d\u0430\u043b\u0438\u0447\u0438\u0438 \u0432 \u0430\u0441\u0441\u043e\u0440\u0442\u0438\u043c\u0435\u043d\u0442\u0435 \u043a\u043e\u043d\u043a\u0440\u0435\u0442\u043d\u044b\u0445 \u0440\u0430\u0441\u0442\u0435\u043d\u0438\u0439 \u0436\u0435\u043b\u0430\u0442\u0435\u043b\u044c\u043d\u043e \u0438\u043d\u0442\u0435\u0440\u0435\u0441\u043e\u0432\u0430\u0442\u044c\u0441\u044f \u0434\u043e \u043f\u0440\u0438\u0435\u0437\u0434\u0430 \u043a \u043d\u0430\u043c, \u043f\u043e\u0437\u0432\u043e\u043d\u0438\u0432 \u043f\u043e \u0442\u0435\u043b\u0435\u0444\u043e\u043d\u0443, \u0434\u0430\u0436\u0435 \u0435\u0441\u043b\u0438&hellip;<\/p>\n","protected":false},"author":1,"featured_media":0,"parent":0,"menu_order":0,"comment_status":"closed","ping_status":"closed","template":"","meta":{"ngg_post_thumbnail":0,"footnotes":""},"class_list":["post-821","page","type-page","status-publish","hentry"],"yoast_head":"<!-- This site is optimized with the Yoast SEO plugin v24.1 - https:\/\/yoast.com\/wordpress\/plugins\/seo\/ -->\n<title>\u0412 \u0440\u043e\u0437\u043d\u0438\u0446\u0443 - Zemnieku Saimniec\u012bba &quot;B\u0113rzi\u0146i&quot;<\/title>\n<meta name=\"robots\" content=\"index, follow, max-snippet:-1, max-image-preview:large, max-video-preview:-1\" \/>\n<link rel=\"canonical\" href=\"https:\/\/berzini.lv\/ru\/\u0432-\u0440\u043e\u0437\u043d\u0438\u0446\u0443\/\" \/>\n<meta property=\"og:locale\" content=\"ru_RU\" \/>\n<meta property=\"og:type\" content=\"article\" \/>\n<meta property=\"og:title\" content=\"\u0412 \u0440\u043e\u0437\u043d\u0438\u0446\u0443 - Zemnieku Saimniec\u012bba &quot;B\u0113rzi\u0146i&quot;\" \/>\n<meta property=\"og:description\" content=\"\u041a\u0430\u043a \u0434\u0435\u043b\u0430\u0442\u044c \u043f\u043e\u043a\u0443\u043f\u043a\u0438 &#8212; B \u0440\u043e\u0437\u043d\u0438\u0446\u0443 \u0412 \u0440\u0430\u0431\u043e\u0447\u0438\u0435 \u0434\u043d\u0438 \u0441 8.00 \u043e 17.00 \u0441\u0430\u0436\u0435\u043d\u0446\u044b \u043c\u043e\u0436\u043d\u043e \u043a\u0443\u043f\u0438\u0442\u044c \u043d\u0430 \u043c\u0435\u0441\u0442\u0435 \u0432 \u0445\u043e\u044f\u0439\u0441\u0442\u0432\u0435. \u0415\u0441\u043b\u0438 \u043e\u0447\u0435\u043d\u044c \u043d\u0435\u043e\u0431\u0445\u043e\u0434\u0438\u043c\u043e, \u0442\u043e \u044d\u0442\u043e \u043c\u043e\u0436\u043d\u043e \u0441\u0434\u0435\u043b\u0430\u0442\u044c \u0438 \u0432 \u0434\u0440\u0443\u0433\u043e\u0435 \u0432\u0440\u0435\u043c\u044f, \u0437\u0430\u0440\u0430\u043d\u0435\u0435 \u0434\u043e\u0433\u043e\u0432\u043e\u0440\u0438\u0432\u0448\u0438\u0441\u044c \u043f\u043e \u0442\u0435\u043b\u0435\u0444\u043e\u043d\u0443 2950661, \u0441\u043f\u0440\u0430\u0448\u0438\u0432\u0430\u0442\u044c \u0418\u0432\u0435\u0442\u0443. \u041e \u043d\u0430\u043b\u0438\u0447\u0438\u0438 \u0432 \u0430\u0441\u0441\u043e\u0440\u0442\u0438\u043c\u0435\u043d\u0442\u0435 \u043a\u043e\u043d\u043a\u0440\u0435\u0442\u043d\u044b\u0445 \u0440\u0430\u0441\u0442\u0435\u043d\u0438\u0439 \u0436\u0435\u043b\u0430\u0442\u0435\u043b\u044c\u043d\u043e \u0438\u043d\u0442\u0435\u0440\u0435\u0441\u043e\u0432\u0430\u0442\u044c\u0441\u044f \u0434\u043e \u043f\u0440\u0438\u0435\u0437\u0434\u0430 \u043a \u043d\u0430\u043c, \u043f\u043e\u0437\u0432\u043e\u043d\u0438\u0432 \u043f\u043e \u0442\u0435\u043b\u0435\u0444\u043e\u043d\u0443, \u0434\u0430\u0436\u0435 \u0435\u0441\u043b\u0438&hellip;\" \/>\n<meta property=\"og:url\" content=\"https:\/\/berzini.lv\/ru\/\u0432-\u0440\u043e\u0437\u043d\u0438\u0446\u0443\/\" \/>\n<meta property=\"og:site_name\" content=\"Zemnieku Saimniec\u012bba &quot;B\u0113rzi\u0146i&quot;\" \/>\n<meta name=\"twitter:card\" content=\"summary_large_image\" \/>\n<script type=\"application\/ld+json\" class=\"yoast-schema-graph\">{\"@context\":\"https:\/\/schema.org\",\"@graph\":[{\"@type\":\"WebPage\",\"@id\":\"https:\/\/berzini.lv\/ru\/%d0%b2-%d1%80%d0%be%d0%b7%d0%bd%d0%b8%d1%86%d1%83\/\",\"url\":\"https:\/\/berzini.lv\/ru\/%d0%b2-%d1%80%d0%be%d0%b7%d0%bd%d0%b8%d1%86%d1%83\/\",\"name\":\"\u0412 \u0440\u043e\u0437\u043d\u0438\u0446\u0443 - Zemnieku Saimniec\u012bba &quot;B\u0113rzi\u0146i&quot;\",\"isPartOf\":{\"@id\":\"https:\/\/berzini.lv\/#website\"},\"datePublished\":\"2016-06-09T11:26:40+00:00\",\"dateModified\":\"2016-06-09T11:26:40+00:00\",\"breadcrumb\":{\"@id\":\"https:\/\/berzini.lv\/ru\/%d0%b2-%d1%80%d0%be%d0%b7%d0%bd%d0%b8%d1%86%d1%83\/#breadcrumb\"},\"inLanguage\":\"ru-RU\",\"potentialAction\":[{\"@type\":\"ReadAction\",\"target\":[\"https:\/\/berzini.lv\/ru\/%d0%b2-%d1%80%d0%be%d0%b7%d0%bd%d0%b8%d1%86%d1%83\/\"]}]},{\"@type\":\"BreadcrumbList\",\"@id\":\"https:\/\/berzini.lv\/ru\/%d0%b2-%d1%80%d0%be%d0%b7%d0%bd%d0%b8%d1%86%d1%83\/#breadcrumb\",\"itemListElement\":[{\"@type\":\"ListItem\",\"position\":1,\"name\":\"Home\",\"item\":\"https:\/\/berzini.lv\/ru\/\"},{\"@type\":\"ListItem\",\"position\":2,\"name\":\"\u0412 \u0440\u043e\u0437\u043d\u0438\u0446\u0443\"}]},{\"@type\":\"WebSite\",\"@id\":\"https:\/\/berzini.lv\/#website\",\"url\":\"https:\/\/berzini.lv\/\",\"name\":\"Zemnieku Saimniec\u012bba &quot;B\u0113rzi\u0146i&quot;\",\"description\":\"ee\",\"potentialAction\":[{\"@type\":\"SearchAction\",\"target\":{\"@type\":\"EntryPoint\",\"urlTemplate\":\"https:\/\/berzini.lv\/?s={search_term_string}\"},\"query-input\":{\"@type\":\"PropertyValueSpecification\",\"valueRequired\":true,\"valueName\":\"search_term_string\"}}],\"inLanguage\":\"ru-RU\"}]}<\/script>\n<!-- \/ Yoast SEO plugin. -->","yoast_head_json":{"title":"\u0412 \u0440\u043e\u0437\u043d\u0438\u0446\u0443 - Zemnieku Saimniec\u012bba &quot;B\u0113rzi\u0146i&quot;","robots":{"index":"index","follow":"follow","max-snippet":"max-snippet:-1","max-image-preview":"max-image-preview:large","max-video-preview":"max-video-preview:-1"},"canonical":"https:\/\/berzini.lv\/ru\/\u0432-\u0440\u043e\u0437\u043d\u0438\u0446\u0443\/","og_locale":"ru_RU","og_type":"article","og_title":"\u0412 \u0440\u043e\u0437\u043d\u0438\u0446\u0443 - Zemnieku Saimniec\u012bba &quot;B\u0113rzi\u0146i&quot;","og_description":"\u041a\u0430\u043a \u0434\u0435\u043b\u0430\u0442\u044c \u043f\u043e\u043a\u0443\u043f\u043a\u0438 &#8212; B \u0440\u043e\u0437\u043d\u0438\u0446\u0443 \u0412 \u0440\u0430\u0431\u043e\u0447\u0438\u0435 \u0434\u043d\u0438 \u0441 8.00 \u043e 17.00 \u0441\u0430\u0436\u0435\u043d\u0446\u044b \u043c\u043e\u0436\u043d\u043e \u043a\u0443\u043f\u0438\u0442\u044c \u043d\u0430 \u043c\u0435\u0441\u0442\u0435 \u0432 \u0445\u043e\u044f\u0439\u0441\u0442\u0432\u0435. \u0415\u0441\u043b\u0438 \u043e\u0447\u0435\u043d\u044c \u043d\u0435\u043e\u0431\u0445\u043e\u0434\u0438\u043c\u043e, \u0442\u043e \u044d\u0442\u043e \u043c\u043e\u0436\u043d\u043e \u0441\u0434\u0435\u043b\u0430\u0442\u044c \u0438 \u0432 \u0434\u0440\u0443\u0433\u043e\u0435 \u0432\u0440\u0435\u043c\u044f, \u0437\u0430\u0440\u0430\u043d\u0435\u0435 \u0434\u043e\u0433\u043e\u0432\u043e\u0440\u0438\u0432\u0448\u0438\u0441\u044c \u043f\u043e \u0442\u0435\u043b\u0435\u0444\u043e\u043d\u0443 2950661, \u0441\u043f\u0440\u0430\u0448\u0438\u0432\u0430\u0442\u044c \u0418\u0432\u0435\u0442\u0443. \u041e \u043d\u0430\u043b\u0438\u0447\u0438\u0438 \u0432 \u0430\u0441\u0441\u043e\u0440\u0442\u0438\u043c\u0435\u043d\u0442\u0435 \u043a\u043e\u043d\u043a\u0440\u0435\u0442\u043d\u044b\u0445 \u0440\u0430\u0441\u0442\u0435\u043d\u0438\u0439 \u0436\u0435\u043b\u0430\u0442\u0435\u043b\u044c\u043d\u043e \u0438\u043d\u0442\u0435\u0440\u0435\u0441\u043e\u0432\u0430\u0442\u044c\u0441\u044f \u0434\u043e \u043f\u0440\u0438\u0435\u0437\u0434\u0430 \u043a \u043d\u0430\u043c, \u043f\u043e\u0437\u0432\u043e\u043d\u0438\u0432 \u043f\u043e \u0442\u0435\u043b\u0435\u0444\u043e\u043d\u0443, \u0434\u0430\u0436\u0435 \u0435\u0441\u043b\u0438&hellip;","og_url":"https:\/\/berzini.lv\/ru\/\u0432-\u0440\u043e\u0437\u043d\u0438\u0446\u0443\/","og_site_name":"Zemnieku Saimniec\u012bba &quot;B\u0113rzi\u0146i&quot;","twitter_card":"summary_large_image","schema":{"@context":"https:\/\/schema.org","@graph":[{"@type":"WebPage","@id":"https:\/\/berzini.lv\/ru\/%d0%b2-%d1%80%d0%be%d0%b7%d0%bd%d0%b8%d1%86%d1%83\/","url":"https:\/\/berzini.lv\/ru\/%d0%b2-%d1%80%d0%be%d0%b7%d0%bd%d0%b8%d1%86%d1%83\/","name":"\u0412 \u0440\u043e\u0437\u043d\u0438\u0446\u0443 - Zemnieku Saimniec\u012bba &quot;B\u0113rzi\u0146i&quot;","isPartOf":{"@id":"https:\/\/berzini.lv\/#website"},"datePublished":"2016-06-09T11:26:40+00:00","dateModified":"2016-06-09T11:26:40+00:00","breadcrumb":{"@id":"https:\/\/berzini.lv\/ru\/%d0%b2-%d1%80%d0%be%d0%b7%d0%bd%d0%b8%d1%86%d1%83\/#breadcrumb"},"inLanguage":"ru-RU","potentialAction":[{"@type":"ReadAction","target":["https:\/\/berzini.lv\/ru\/%d0%b2-%d1%80%d0%be%d0%b7%d0%bd%d0%b8%d1%86%d1%83\/"]}]},{"@type":"BreadcrumbList","@id":"https:\/\/berzini.lv\/ru\/%d0%b2-%d1%80%d0%be%d0%b7%d0%bd%d0%b8%d1%86%d1%83\/#breadcrumb","itemListElement":[{"@type":"ListItem","position":1,"name":"Home","item":"https:\/\/berzini.lv\/ru\/"},{"@type":"ListItem","position":2,"name":"\u0412 \u0440\u043e\u0437\u043d\u0438\u0446\u0443"}]},{"@type":"WebSite","@id":"https:\/\/berzini.lv\/#website","url":"https:\/\/berzini.lv\/","name":"Zemnieku Saimniec\u012bba &quot;B\u0113rzi\u0146i&quot;","description":"ee","potentialAction":[{"@type":"SearchAction","target":{"@type":"EntryPoint","urlTemplate":"https:\/\/berzini.lv\/?s={search_term_string}"},"query-input":{"@type":"PropertyValueSpecification","valueRequired":true,"valueName":"search_term_string"}}],"inLanguage":"ru-RU"}]}},"_links":{"self":[{"href":"https:\/\/berzini.lv\/ru\/wp-json\/wp\/v2\/pages\/821","targetHints":{"allow":["GET"]}}],"collection":[{"href":"https:\/\/berzini.lv\/ru\/wp-json\/wp\/v2\/pages"}],"about":[{"href":"https:\/\/berzini.lv\/ru\/wp-json\/wp\/v2\/types\/page"}],"author":[{"embeddable":true,"href":"https:\/\/berzini.lv\/ru\/wp-json\/wp\/v2\/users\/1"}],"replies":[{"embeddable":true,"href":"https:\/\/berzini.lv\/ru\/wp-json\/wp\/v2\/comments?post=821"}],"version-history":[{"count":1,"href":"https:\/\/berzini.lv\/ru\/wp-json\/wp\/v2\/pages\/821\/revisions"}],"predecessor-version":[{"id":822,"href":"https:\/\/berzini.lv\/ru\/wp-json\/wp\/v2\/pages\/821\/revisions\/822"}],"wp:attachment":[{"href":"https:\/\/berzini.lv\/ru\/wp-json\/wp\/v2\/media?parent=821"}],"curies":[{"name":"wp","href":"https:\/\/api.w.org\/{rel}","templated":true}]}}