{"id":793,"date":"2016-06-09T11:16:20","date_gmt":"2016-06-09T11:16:20","guid":{"rendered":"https:\/\/berzini.lv\/ru\/?page_id=793"},"modified":"2025-01-28T06:04:31","modified_gmt":"2025-01-28T06:04:31","slug":"%d0%bf%d0%b0%d1%80%d1%82%d0%bd%d1%91%d1%80%d1%8b-%d0%bf%d0%be-%d1%81%d0%be%d1%82%d1%80%d1%83%d0%b4%d0%bd%d0%b8%d1%87%d0%b5%d1%81%d1%82%d0%b2%d1%83","status":"publish","type":"page","link":"https:\/\/berzini.lv\/ru\/%d0%bf%d0%b0%d1%80%d1%82%d0%bd%d1%91%d1%80%d1%8b-%d0%bf%d0%be-%d1%81%d0%be%d1%82%d1%80%d1%83%d0%b4%d0%bd%d0%b8%d1%87%d0%b5%d1%81%d1%82%d0%b2%d1%83\/","title":{"rendered":"\u041f\u0430\u0440\u0442\u043d\u0451\u0440\u044b \u043f\u043e \u0441\u043e\u0442\u0440\u0443\u0434\u043d\u0438\u0447\u0435\u0441\u0442\u0432\u0443"},"content":{"rendered":"<h3>\u0423 \u043a\u043e\u0433\u043e \u043f\u043e\u043a\u0443\u043f\u0430\u0435\u043c<\/h3>\n<p>\u0414\u043b\u044f \u043d\u0430\u0448\u0435\u0439 \u0440\u0430\u0431\u043e\u0442\u044b \u043d\u0435\u043e\u0431\u0445\u043e\u0434\u0438\u043c\u043e\u0435 \u0441\u044b\u0440\u044c\u0451 \u0438 \u043c\u0430\u0442\u0435\u0440\u0438\u0430\u043b\u044b \u043f\u043e\u043a\u0443\u043f\u0430\u0435\u043c \u0443 \u043b\u0430\u0442\u0432\u0438\u0439\u0441\u043a\u0438\u0445 \u043f\u0440\u043e\u0438\u0437\u0432\u043e\u0434\u0438\u0442\u0435\u043b\u0435\u0439 \u0438 \u0438\u043d\u043e\u0441\u0442\u0440\u0430\u043d\u043d\u044b\u0445 \u044d\u043a\u0441\u043f\u043e\u0440\u0442\u0451\u0440\u043e\u0432.<\/p>\n<p>\u041d\u0430\u0438\u0431\u043e\u043b\u0435\u0435 \u043a\u0440\u0443\u043f\u043d\u044b\u0435 \u043f\u043e\u0441\u0442\u0430\u0432\u0449\u0438\u043a\u0438 \u0441\u0435\u043c\u044f\u043d, \u0441\u0435\u044f\u043d\u0446\u0435\u0432 \u0438 \u0447\u0435\u0440\u0435\u043d\u043a\u043e\u0432:<\/p>\n<ul>\n<li>\u041a\u0425&#187;Bites&#187;<\/li>\n<li>\u041e\u041e\u041e&#187;Onava&#187;<\/li>\n<li>\u041e\u041e\u041e&#187;Kurzemes s\u0113klas&#187;<\/li>\n<li>\u041e\u041e\u041e&#187;Schetelig LV&#187;, \u0437\u0434\u0435\u0441\u044c \u043c\u044b \u043f\u043e\u043a\u0443\u043f\u0430\u0435\u043c \u0442\u0430\u043a\u0436\u0435 \u0433\u043e\u0440\u0448\u043a\u0438 \u0438 \u0441\u0430\u0434\u043e\u0432\u043e\u0434\u0447\u0435\u0441\u043a\u0438\u0439 \u0438\u043d\u0432\u0435\u043d\u0442\u0430\u0440\u044c\u044e<\/li>\n<\/ul>\n<p>\u0423\u0434\u043e\u0431\u0440\u0435\u043d\u0438\u0435 \u0438 \u043f\u0435\u0441\u0442\u0438\u0446\u0438\u0434\u044b \u043e\u0441\u043d\u043e\u0432\u043d\u043e\u043c \u043f\u043e\u043a\u0443\u043f\u0430\u0435\u043c \u0443:<\/p>\n<ul>\n<li>\u041e\u041e\u041e&#187;Agro Tukums&#187;, \u0430 \u0433\u043e\u0442\u043e\u0432\u044b\u0435 \u0442\u043e\u0440\u0444\u044f\u043d\u044b\u0435 \u0441\u0443\u0431\u0441\u0442\u0440\u0430\u0442\u044b \u0443 \u041e\u041e\u041e \u201eLaflora\u201d.<\/li>\n<li>\u0415\u0441\u043b\u0438 \u043d\u0435\u043e\u0431\u0445\u043e\u0434\u0438\u043c\u043e \u043c\u0443\u043b\u044c\u0447\u0438\u0440\u043e\u0432\u0430\u043d\u0438\u0435, \u0442\u043e \u0432\u0441\u0435\u0433\u0434\u0430 \u043f\u043e\u043c\u043e\u0436\u0435\u0442 &nbsp;\u041a\u0425 \u201eBasteji\u201d<\/li>\n<li>\u0412\u0430\u0436\u043d\u043e\u0435 \u0442\u0435\u0445\u043d\u043e\u043b\u043e\u0433\u0438\u0447\u0435\u0441\u043a\u043e\u0435 \u043e\u0431\u043e\u0440\u0443\u0434\u043e\u0432\u0430\u043d\u0438\u0435 \u0434\u043b\u044f \u0445\u043e\u0437\u044f\u0439\u0441\u0442\u0432\u0430, \u043c\u0430\u0448\u0438\u043d\u044b \u0434\u043b\u044f \u043d\u0430\u043f\u043e\u043b\u043d\u0435\u043d\u0438\u044f \u0433\u043e\u0440\u0448\u043a\u043e\u0432 \u201eDemtec 800\u201d \u043d\u0430\u043c \u043f\u043e\u0441\u0442\u0430\u0432\u043b\u044f\u0435\u0442 \u041e\u041e\u041e \u201eSilJa\u201d.<\/li>\n<\/ul>\n<h3>\u041a\u043e\u043c\u0443 \u043f\u0440\u043e\u0434\u0430\u0451\u043c<\/h3>\n<p>\u0414\u043b\u044f \u0441\u0432\u043e\u0438\u0445 \u043a\u043b\u0438\u0435\u043d\u0442\u043e\u0432 \u0443 \u043d\u0430\u0441 \u043f\u043e\u043a\u0443\u043f\u0430\u044e\u0442 \u0441\u0430\u0436\u0435\u043d\u0446\u044b \u0441\u043b\u0435\u0434\u0446\u044e\u0449\u0438\u0435 \u043a\u0440\u0443\u043f\u043d\u044b\u0435 \u0438 \u043c\u0435\u043b\u043a\u0438\u0435 \u043e\u0437\u0435\u043b\u0435\u043d\u0438\u0442\u0435\u043b\u044c\u043d\u044b\u0435 \u0444\u0438\u0440\u043c\u044b:<\/p>\n<ul>\n<li>\u041e\u041e\u041e \u201eAleja -D\u201d \u0415\u043b\u0433\u0430\u0432\u0430;<\/li>\n<li>\u041e\u041e\u041e \u201eAndifs\u201d \u0412\u0435\u043d\u0442\u0441\u043f\u0438\u043b\u0441;<\/li>\n<li>\u041e\u041e\u041e \u201eD\u0101rzi un Parki\u201d \u0420\u0438\u0433\u0430<\/li>\n<li>\u041e\u041e\u041e \u201eDeni Z\u201d \u0420\u0438\u0433\u0430<\/li>\n<li>\u041e\u041e\u041e \u201e\u0122arten Kurzeme\u201d \u0412\u0435\u043d\u0442\u0441\u043f\u0438\u043b\u0441;<\/li>\n<li>\u041e\u041e\u041e \u201eGrado\u201d \u0420\u0438\u0433\u0430<\/li>\n<li>\u0413\u0443\u043d\u0442\u0438\u0441 \u041a\u0430\u043b\u043d\u0438\u043d\u044c\u0448 \u041a\u0443\u043b\u0434\u0438\u0433\u0430;<\/li>\n<li>\u041a\u0425 \u201eMelderi\u201d \u0413\u0443\u043b\u0431\u0435\u043d\u0441\u043a\u0438\u0439 \u0440\u0430\u0439\u043e\u043d;<\/li>\n<li>\u041e\u041e\u041e \u201ePrie\u017ega\u013ci\u201d \u0412\u0435\u043d\u0442\u0441\u043f\u0438\u043b\u0441;<\/li>\n<li>\u041e\u041e\u041e \u201eTagete\u201d \u0420\u0438\u0433\u0430;<\/li>\n<li>\u041e\u041e\u041e \u201eZa\u013c\u0101 Rota\u201d \u0415\u043b\u0433\u0430\u0432\u0430;<\/li>\n<li>\u041e\u041e\u041e \u201eZa\u013cais Serviss\u201d \u0422\u0443\u043a\u0443\u043c\u0441\u043a\u0438\u0439 \u0440\u0430\u0439\u043e\u043d;<\/li>\n<\/ul>\n<h3>\u0421 \u043a\u0435\u043c \u0432\u043c\u0435\u0441\u0442\u0435 \u0440\u0430\u0431\u043e\u0442\u0430\u0435\u043c<\/h3>\n<p>\u0423\u0436\u0435 \u0441 \u043f\u0435\u0440\u0432\u044b\u0445 \u0434\u043d\u0435\u0439 \u0441\u0430\u043c\u043e\u0441\u0442\u043e\u044f\u0442\u0435\u043b\u044c\u043d\u043e\u0439 \u0434\u0435\u044f\u0442\u0435\u043b\u044c\u043d\u043e\u0441\u0442\u0438 \u043d\u0430\u0448\u0435\u0433\u043e \u0445\u043e\u0437\u044f\u0439\u0441\u0442\u0432\u0430 \u0434\u0435\u043d\u0435\u0436\u043d\u0438\u0435 \u0441\u0440\u0435\u0434\u0441\u0442\u0432\u0430 \u043a\u0430\u043a \u0434\u043b\u044f \u0431\u043e\u043b\u044c\u0448\u0438\u0445 \u0442\u0430\u043a \u0438 \u0434\u043b\u044f \u043c\u0430\u043b\u0435\u043d\u044c\u043a\u0438\u0445 \u043f\u043e\u043a\u0443\u043f\u043e\u043a \u0438 \u043f\u0440\u043e\u0435\u043a\u0442\u043e\u0432 \u043c\u044b \u0431\u0435\u0440\u0451\u043c \u0432 \u043a\u0440\u0435\u0434\u0438\u0442 \u0443 \u0412\u0435\u043d\u0442\u0441\u043f\u0438\u043b\u0441\u0441\u043a\u043e\u0433\u043e \u0444\u0438\u043b\u043b\u0438\u0430\u043b\u0430 SEB Unibanka. \u0421\u043e\u0432\u043c\u0435\u0441\u0442\u043d\u043e\u0435 \u0434\u043e\u0432\u0435\u0440\u0438\u0435 \u0440\u0430\u0441\u0442\u0451\u0442 \u0441 \u043a\u0430\u0436\u0434\u044b\u043c \u0443\u0441\u043f\u0435\u0448\u043d\u044b\u043c \u0433\u043e\u0434\u043e\u043c \u0441\u043e\u0442\u0440\u0443\u0434\u043d\u0438\u0447\u0435\u0441\u0442\u0432\u0430.<\/p>\n<p>\u0426\u0435\u043b\u044b\u0435 \u0434\u0432\u0430 \u0433\u043e\u0434\u0430 \u0430\u043a\u0442\u0438\u0432\u043d\u043e \u043f\u0440\u0438\u043d\u0438\u043c\u0430\u0435\u043c \u0443\u0447\u0430\u0441\u0442\u0438\u0435 \u0432 \u043f\u0440\u0435\u0434\u043b\u043e\u0436\u0435\u043d\u043d\u044b\u0445 \u0410\u0433\u0435\u043d\u0441\u0442\u0432\u043e\u043c \u0413\u043e\u0441\u0443\u0434\u0430\u0440\u0441\u0442\u0432\u0435\u043d\u043e\u0439 \u0417\u0430\u043d\u044f\u0442\u043e\u0441\u0442\u0438 \u043f\u0440\u043e\u0433\u0440\u0430\u043c\u043c\u0430\u0445: \u043f\u0440\u0435\u0434\u043b\u0430\u0433\u0430\u0435\u043c \u0440\u0430\u0431\u043e\u0442\u0447\u0438\u0435 \u043c\u0435\u0441\u0442\u0430 \u0448\u043a\u043e\u043b\u044c\u043d\u0438\u043a\u0430\u043c \u043d\u0430 \u0432\u0440\u0435\u043c\u044f \u043b\u0435\u0442\u043d\u0438\u0445 \u043a\u0430\u043d\u0438\u043a\u0443\u043b \u0438 \u0442\u0440\u0443\u0434\u043e\u0443\u0441\u0442\u0440\u0430\u0438\u0432\u0430\u0435\u043c \u0433\u0440\u0443\u043f\u043f\u044b \u0431\u0435\u0437\u0440\u0430\u0431\u043e\u0442\u043d\u044b\u0445.<\/p>\n<p>\u042f\u0432\u043b\u044f\u044f\u0441\u044c \u0441\u0435\u043b\u044c\u0441\u043a\u043e\u0445\u043e\u0437\u044f\u0439\u0441\u0442\u0432\u0435\u043d\u043d\u044b\u043c\u0438 \u0434\u0435\u044f\u0442\u0435\u043b\u044f\u043c\u0438, \u043d\u0435\u0432\u043e\u0437\u043c\u043e\u0436\u043d\u043e \u043f\u0440\u0435\u0434\u0441\u0442\u0430\u0432\u0438\u0442\u044c \u043d\u0430\u0448\u0443 \u0440\u0430\u0431\u043e\u0442\u0443 \u0431\u0435\u0437 \u0441\u043e\u0442\u0440\u0443\u0434\u043d\u0438\u0447\u0435\u0441\u0442\u0432\u0430 \u0441\u043e \u0441\u043b\u0443\u0436\u0431\u043e\u0439 \u041f\u043e\u0434\u0434\u0435\u0440\u0436\u043a\u0438 \u0441\u0435\u043b\u044c\u0441\u043a\u043e\u0433\u043e \u0445\u043e\u0437\u044f\u0439\u0441\u0442\u0432\u0430 \u201eZieme\u013ckurzemes RLP\u201d.<\/p>\n","protected":false},"excerpt":{"rendered":"<p>\u0423 \u043a\u043e\u0433\u043e \u043f\u043e\u043a\u0443\u043f\u0430\u0435\u043c \u0414\u043b\u044f \u043d\u0430\u0448\u0435\u0439 \u0440\u0430\u0431\u043e\u0442\u044b \u043d\u0435\u043e\u0431\u0445\u043e\u0434\u0438\u043c\u043e\u0435 \u0441\u044b\u0440\u044c\u0451 \u0438 \u043c\u0430\u0442\u0435\u0440\u0438\u0430\u043b\u044b \u043f\u043e\u043a\u0443\u043f\u0430\u0435\u043c \u0443 \u043b\u0430\u0442\u0432\u0438\u0439\u0441\u043a\u0438\u0445 \u043f\u0440\u043e\u0438\u0437\u0432\u043e\u0434\u0438\u0442\u0435\u043b\u0435\u0439 \u0438 \u0438\u043d\u043e\u0441\u0442\u0440\u0430\u043d\u043d\u044b\u0445 \u044d\u043a\u0441\u043f\u043e\u0440\u0442\u0451\u0440\u043e\u0432. \u041d\u0430\u0438\u0431\u043e\u043b\u0435\u0435 \u043a\u0440\u0443\u043f\u043d\u044b\u0435 \u043f\u043e\u0441\u0442\u0430\u0432\u0449\u0438\u043a\u0438 \u0441\u0435\u043c\u044f\u043d, \u0441\u0435\u044f\u043d\u0446\u0435\u0432 \u0438 \u0447\u0435\u0440\u0435\u043d\u043a\u043e\u0432: \u041a\u0425&#187;Bites&#187; \u041e\u041e\u041e&#187;Onava&#187; \u041e\u041e\u041e&#187;Kurzemes s\u0113klas&#187; \u041e\u041e\u041e&#187;Schetelig LV&#187;, \u0437\u0434\u0435\u0441\u044c \u043c\u044b \u043f\u043e\u043a\u0443\u043f\u0430\u0435\u043c \u0442\u0430\u043a\u0436\u0435 \u0433\u043e\u0440\u0448\u043a\u0438 \u0438 \u0441\u0430\u0434\u043e\u0432\u043e\u0434\u0447\u0435\u0441\u043a\u0438\u0439 \u0438\u043d\u0432\u0435\u043d\u0442\u0430\u0440\u044c\u044e \u0423\u0434\u043e\u0431\u0440\u0435\u043d\u0438\u0435 \u0438 \u043f\u0435\u0441\u0442\u0438\u0446\u0438\u0434\u044b \u043e\u0441\u043d\u043e\u0432\u043d\u043e\u043c \u043f\u043e\u043a\u0443\u043f\u0430\u0435\u043c \u0443: \u041e\u041e\u041e&#187;Agro Tukums&#187;, \u0430 \u0433\u043e\u0442\u043e\u0432\u044b\u0435 \u0442\u043e\u0440\u0444\u044f\u043d\u044b\u0435 \u0441\u0443\u0431\u0441\u0442\u0440\u0430\u0442\u044b \u0443 \u041e\u041e\u041e \u201eLaflora\u201d. \u0415\u0441\u043b\u0438 \u043d\u0435\u043e\u0431\u0445\u043e\u0434\u0438\u043c\u043e&hellip;<\/p>\n","protected":false},"author":1,"featured_media":0,"parent":0,"menu_order":0,"comment_status":"closed","ping_status":"closed","template":"","meta":{"ngg_post_thumbnail":0,"footnotes":""},"class_list":["post-793","page","type-page","status-publish","hentry"],"yoast_head":"<!-- This site is optimized with the Yoast SEO plugin v24.1 - https:\/\/yoast.com\/wordpress\/plugins\/seo\/ -->\n<title>\u041f\u0430\u0440\u0442\u043d\u0451\u0440\u044b \u043f\u043e \u0441\u043e\u0442\u0440\u0443\u0434\u043d\u0438\u0447\u0435\u0441\u0442\u0432\u0443 - Zemnieku Saimniec\u012bba &quot;B\u0113rzi\u0146i&quot;<\/title>\n<meta name=\"robots\" content=\"index, follow, max-snippet:-1, max-image-preview:large, max-video-preview:-1\" \/>\n<link rel=\"canonical\" href=\"https:\/\/berzini.lv\/ru\/\u043f\u0430\u0440\u0442\u043d\u0451\u0440\u044b-\u043f\u043e-\u0441\u043e\u0442\u0440\u0443\u0434\u043d\u0438\u0447\u0435\u0441\u0442\u0432\u0443\/\" \/>\n<meta property=\"og:locale\" content=\"ru_RU\" \/>\n<meta property=\"og:type\" content=\"article\" \/>\n<meta property=\"og:title\" content=\"\u041f\u0430\u0440\u0442\u043d\u0451\u0440\u044b \u043f\u043e \u0441\u043e\u0442\u0440\u0443\u0434\u043d\u0438\u0447\u0435\u0441\u0442\u0432\u0443 - Zemnieku Saimniec\u012bba &quot;B\u0113rzi\u0146i&quot;\" \/>\n<meta property=\"og:description\" content=\"\u0423 \u043a\u043e\u0433\u043e \u043f\u043e\u043a\u0443\u043f\u0430\u0435\u043c \u0414\u043b\u044f \u043d\u0430\u0448\u0435\u0439 \u0440\u0430\u0431\u043e\u0442\u044b \u043d\u0435\u043e\u0431\u0445\u043e\u0434\u0438\u043c\u043e\u0435 \u0441\u044b\u0440\u044c\u0451 \u0438 \u043c\u0430\u0442\u0435\u0440\u0438\u0430\u043b\u044b \u043f\u043e\u043a\u0443\u043f\u0430\u0435\u043c \u0443 \u043b\u0430\u0442\u0432\u0438\u0439\u0441\u043a\u0438\u0445 \u043f\u0440\u043e\u0438\u0437\u0432\u043e\u0434\u0438\u0442\u0435\u043b\u0435\u0439 \u0438 \u0438\u043d\u043e\u0441\u0442\u0440\u0430\u043d\u043d\u044b\u0445 \u044d\u043a\u0441\u043f\u043e\u0440\u0442\u0451\u0440\u043e\u0432. \u041d\u0430\u0438\u0431\u043e\u043b\u0435\u0435 \u043a\u0440\u0443\u043f\u043d\u044b\u0435 \u043f\u043e\u0441\u0442\u0430\u0432\u0449\u0438\u043a\u0438 \u0441\u0435\u043c\u044f\u043d, \u0441\u0435\u044f\u043d\u0446\u0435\u0432 \u0438 \u0447\u0435\u0440\u0435\u043d\u043a\u043e\u0432: \u041a\u0425&#187;Bites&#187; \u041e\u041e\u041e&#187;Onava&#187; \u041e\u041e\u041e&#187;Kurzemes s\u0113klas&#187; \u041e\u041e\u041e&#187;Schetelig LV&#187;, \u0437\u0434\u0435\u0441\u044c \u043c\u044b \u043f\u043e\u043a\u0443\u043f\u0430\u0435\u043c \u0442\u0430\u043a\u0436\u0435 \u0433\u043e\u0440\u0448\u043a\u0438 \u0438 \u0441\u0430\u0434\u043e\u0432\u043e\u0434\u0447\u0435\u0441\u043a\u0438\u0439 \u0438\u043d\u0432\u0435\u043d\u0442\u0430\u0440\u044c\u044e \u0423\u0434\u043e\u0431\u0440\u0435\u043d\u0438\u0435 \u0438 \u043f\u0435\u0441\u0442\u0438\u0446\u0438\u0434\u044b \u043e\u0441\u043d\u043e\u0432\u043d\u043e\u043c \u043f\u043e\u043a\u0443\u043f\u0430\u0435\u043c \u0443: \u041e\u041e\u041e&#187;Agro Tukums&#187;, \u0430 \u0433\u043e\u0442\u043e\u0432\u044b\u0435 \u0442\u043e\u0440\u0444\u044f\u043d\u044b\u0435 \u0441\u0443\u0431\u0441\u0442\u0440\u0430\u0442\u044b \u0443 \u041e\u041e\u041e \u201eLaflora\u201d. \u0415\u0441\u043b\u0438 \u043d\u0435\u043e\u0431\u0445\u043e\u0434\u0438\u043c\u043e&hellip;\" \/>\n<meta property=\"og:url\" content=\"https:\/\/berzini.lv\/ru\/\u043f\u0430\u0440\u0442\u043d\u0451\u0440\u044b-\u043f\u043e-\u0441\u043e\u0442\u0440\u0443\u0434\u043d\u0438\u0447\u0435\u0441\u0442\u0432\u0443\/\" \/>\n<meta property=\"og:site_name\" content=\"Zemnieku Saimniec\u012bba &quot;B\u0113rzi\u0146i&quot;\" \/>\n<meta property=\"article:modified_time\" content=\"2025-01-28T06:04:31+00:00\" \/>\n<meta name=\"twitter:card\" content=\"summary_large_image\" \/>\n<meta name=\"twitter:label1\" content=\"\u041f\u0440\u0438\u043c\u0435\u0440\u043d\u043e\u0435 \u0432\u0440\u0435\u043c\u044f \u0434\u043b\u044f \u0447\u0442\u0435\u043d\u0438\u044f\" \/>\n\t<meta name=\"twitter:data1\" content=\"2 \u043c\u0438\u043d\u0443\u0442\u044b\" \/>\n<script type=\"application\/ld+json\" class=\"yoast-schema-graph\">{\"@context\":\"https:\/\/schema.org\",\"@graph\":[{\"@type\":\"WebPage\",\"@id\":\"https:\/\/berzini.lv\/ru\/%d0%bf%d0%b0%d1%80%d1%82%d0%bd%d1%91%d1%80%d1%8b-%d0%bf%d0%be-%d1%81%d0%be%d1%82%d1%80%d1%83%d0%b4%d0%bd%d0%b8%d1%87%d0%b5%d1%81%d1%82%d0%b2%d1%83\/\",\"url\":\"https:\/\/berzini.lv\/ru\/%d0%bf%d0%b0%d1%80%d1%82%d0%bd%d1%91%d1%80%d1%8b-%d0%bf%d0%be-%d1%81%d0%be%d1%82%d1%80%d1%83%d0%b4%d0%bd%d0%b8%d1%87%d0%b5%d1%81%d1%82%d0%b2%d1%83\/\",\"name\":\"\u041f\u0430\u0440\u0442\u043d\u0451\u0440\u044b \u043f\u043e \u0441\u043e\u0442\u0440\u0443\u0434\u043d\u0438\u0447\u0435\u0441\u0442\u0432\u0443 - Zemnieku Saimniec\u012bba &quot;B\u0113rzi\u0146i&quot;\",\"isPartOf\":{\"@id\":\"https:\/\/berzini.lv\/#website\"},\"datePublished\":\"2016-06-09T11:16:20+00:00\",\"dateModified\":\"2025-01-28T06:04:31+00:00\",\"breadcrumb\":{\"@id\":\"https:\/\/berzini.lv\/ru\/%d0%bf%d0%b0%d1%80%d1%82%d0%bd%d1%91%d1%80%d1%8b-%d0%bf%d0%be-%d1%81%d0%be%d1%82%d1%80%d1%83%d0%b4%d0%bd%d0%b8%d1%87%d0%b5%d1%81%d1%82%d0%b2%d1%83\/#breadcrumb\"},\"inLanguage\":\"ru-RU\",\"potentialAction\":[{\"@type\":\"ReadAction\",\"target\":[\"https:\/\/berzini.lv\/ru\/%d0%bf%d0%b0%d1%80%d1%82%d0%bd%d1%91%d1%80%d1%8b-%d0%bf%d0%be-%d1%81%d0%be%d1%82%d1%80%d1%83%d0%b4%d0%bd%d0%b8%d1%87%d0%b5%d1%81%d1%82%d0%b2%d1%83\/\"]}]},{\"@type\":\"BreadcrumbList\",\"@id\":\"https:\/\/berzini.lv\/ru\/%d0%bf%d0%b0%d1%80%d1%82%d0%bd%d1%91%d1%80%d1%8b-%d0%bf%d0%be-%d1%81%d0%be%d1%82%d1%80%d1%83%d0%b4%d0%bd%d0%b8%d1%87%d0%b5%d1%81%d1%82%d0%b2%d1%83\/#breadcrumb\",\"itemListElement\":[{\"@type\":\"ListItem\",\"position\":1,\"name\":\"Home\",\"item\":\"https:\/\/berzini.lv\/ru\/\"},{\"@type\":\"ListItem\",\"position\":2,\"name\":\"\u041f\u0430\u0440\u0442\u043d\u0451\u0440\u044b \u043f\u043e \u0441\u043e\u0442\u0440\u0443\u0434\u043d\u0438\u0447\u0435\u0441\u0442\u0432\u0443\"}]},{\"@type\":\"WebSite\",\"@id\":\"https:\/\/berzini.lv\/#website\",\"url\":\"https:\/\/berzini.lv\/\",\"name\":\"Zemnieku Saimniec\u012bba &quot;B\u0113rzi\u0146i&quot;\",\"description\":\"ee\",\"potentialAction\":[{\"@type\":\"SearchAction\",\"target\":{\"@type\":\"EntryPoint\",\"urlTemplate\":\"https:\/\/berzini.lv\/?s={search_term_string}\"},\"query-input\":{\"@type\":\"PropertyValueSpecification\",\"valueRequired\":true,\"valueName\":\"search_term_string\"}}],\"inLanguage\":\"ru-RU\"}]}<\/script>\n<!-- \/ Yoast SEO plugin. -->","yoast_head_json":{"title":"\u041f\u0430\u0440\u0442\u043d\u0451\u0440\u044b \u043f\u043e \u0441\u043e\u0442\u0440\u0443\u0434\u043d\u0438\u0447\u0435\u0441\u0442\u0432\u0443 - Zemnieku Saimniec\u012bba &quot;B\u0113rzi\u0146i&quot;","robots":{"index":"index","follow":"follow","max-snippet":"max-snippet:-1","max-image-preview":"max-image-preview:large","max-video-preview":"max-video-preview:-1"},"canonical":"https:\/\/berzini.lv\/ru\/\u043f\u0430\u0440\u0442\u043d\u0451\u0440\u044b-\u043f\u043e-\u0441\u043e\u0442\u0440\u0443\u0434\u043d\u0438\u0447\u0435\u0441\u0442\u0432\u0443\/","og_locale":"ru_RU","og_type":"article","og_title":"\u041f\u0430\u0440\u0442\u043d\u0451\u0440\u044b \u043f\u043e \u0441\u043e\u0442\u0440\u0443\u0434\u043d\u0438\u0447\u0435\u0441\u0442\u0432\u0443 - Zemnieku Saimniec\u012bba &quot;B\u0113rzi\u0146i&quot;","og_description":"\u0423 \u043a\u043e\u0433\u043e \u043f\u043e\u043a\u0443\u043f\u0430\u0435\u043c \u0414\u043b\u044f \u043d\u0430\u0448\u0435\u0439 \u0440\u0430\u0431\u043e\u0442\u044b \u043d\u0435\u043e\u0431\u0445\u043e\u0434\u0438\u043c\u043e\u0435 \u0441\u044b\u0440\u044c\u0451 \u0438 \u043c\u0430\u0442\u0435\u0440\u0438\u0430\u043b\u044b \u043f\u043e\u043a\u0443\u043f\u0430\u0435\u043c \u0443 \u043b\u0430\u0442\u0432\u0438\u0439\u0441\u043a\u0438\u0445 \u043f\u0440\u043e\u0438\u0437\u0432\u043e\u0434\u0438\u0442\u0435\u043b\u0435\u0439 \u0438 \u0438\u043d\u043e\u0441\u0442\u0440\u0430\u043d\u043d\u044b\u0445 \u044d\u043a\u0441\u043f\u043e\u0440\u0442\u0451\u0440\u043e\u0432. \u041d\u0430\u0438\u0431\u043e\u043b\u0435\u0435 \u043a\u0440\u0443\u043f\u043d\u044b\u0435 \u043f\u043e\u0441\u0442\u0430\u0432\u0449\u0438\u043a\u0438 \u0441\u0435\u043c\u044f\u043d, \u0441\u0435\u044f\u043d\u0446\u0435\u0432 \u0438 \u0447\u0435\u0440\u0435\u043d\u043a\u043e\u0432: \u041a\u0425&#187;Bites&#187; \u041e\u041e\u041e&#187;Onava&#187; \u041e\u041e\u041e&#187;Kurzemes s\u0113klas&#187; \u041e\u041e\u041e&#187;Schetelig LV&#187;, \u0437\u0434\u0435\u0441\u044c \u043c\u044b \u043f\u043e\u043a\u0443\u043f\u0430\u0435\u043c \u0442\u0430\u043a\u0436\u0435 \u0433\u043e\u0440\u0448\u043a\u0438 \u0438 \u0441\u0430\u0434\u043e\u0432\u043e\u0434\u0447\u0435\u0441\u043a\u0438\u0439 \u0438\u043d\u0432\u0435\u043d\u0442\u0430\u0440\u044c\u044e \u0423\u0434\u043e\u0431\u0440\u0435\u043d\u0438\u0435 \u0438 \u043f\u0435\u0441\u0442\u0438\u0446\u0438\u0434\u044b \u043e\u0441\u043d\u043e\u0432\u043d\u043e\u043c \u043f\u043e\u043a\u0443\u043f\u0430\u0435\u043c \u0443: \u041e\u041e\u041e&#187;Agro Tukums&#187;, \u0430 \u0433\u043e\u0442\u043e\u0432\u044b\u0435 \u0442\u043e\u0440\u0444\u044f\u043d\u044b\u0435 \u0441\u0443\u0431\u0441\u0442\u0440\u0430\u0442\u044b \u0443 \u041e\u041e\u041e \u201eLaflora\u201d. \u0415\u0441\u043b\u0438 \u043d\u0435\u043e\u0431\u0445\u043e\u0434\u0438\u043c\u043e&hellip;","og_url":"https:\/\/berzini.lv\/ru\/\u043f\u0430\u0440\u0442\u043d\u0451\u0440\u044b-\u043f\u043e-\u0441\u043e\u0442\u0440\u0443\u0434\u043d\u0438\u0447\u0435\u0441\u0442\u0432\u0443\/","og_site_name":"Zemnieku Saimniec\u012bba &quot;B\u0113rzi\u0146i&quot;","article_modified_time":"2025-01-28T06:04:31+00:00","twitter_card":"summary_large_image","twitter_misc":{"\u041f\u0440\u0438\u043c\u0435\u0440\u043d\u043e\u0435 \u0432\u0440\u0435\u043c\u044f \u0434\u043b\u044f \u0447\u0442\u0435\u043d\u0438\u044f":"2 \u043c\u0438\u043d\u0443\u0442\u044b"},"schema":{"@context":"https:\/\/schema.org","@graph":[{"@type":"WebPage","@id":"https:\/\/berzini.lv\/ru\/%d0%bf%d0%b0%d1%80%d1%82%d0%bd%d1%91%d1%80%d1%8b-%d0%bf%d0%be-%d1%81%d0%be%d1%82%d1%80%d1%83%d0%b4%d0%bd%d0%b8%d1%87%d0%b5%d1%81%d1%82%d0%b2%d1%83\/","url":"https:\/\/berzini.lv\/ru\/%d0%bf%d0%b0%d1%80%d1%82%d0%bd%d1%91%d1%80%d1%8b-%d0%bf%d0%be-%d1%81%d0%be%d1%82%d1%80%d1%83%d0%b4%d0%bd%d0%b8%d1%87%d0%b5%d1%81%d1%82%d0%b2%d1%83\/","name":"\u041f\u0430\u0440\u0442\u043d\u0451\u0440\u044b \u043f\u043e \u0441\u043e\u0442\u0440\u0443\u0434\u043d\u0438\u0447\u0435\u0441\u0442\u0432\u0443 - Zemnieku Saimniec\u012bba &quot;B\u0113rzi\u0146i&quot;","isPartOf":{"@id":"https:\/\/berzini.lv\/#website"},"datePublished":"2016-06-09T11:16:20+00:00","dateModified":"2025-01-28T06:04:31+00:00","breadcrumb":{"@id":"https:\/\/berzini.lv\/ru\/%d0%bf%d0%b0%d1%80%d1%82%d0%bd%d1%91%d1%80%d1%8b-%d0%bf%d0%be-%d1%81%d0%be%d1%82%d1%80%d1%83%d0%b4%d0%bd%d0%b8%d1%87%d0%b5%d1%81%d1%82%d0%b2%d1%83\/#breadcrumb"},"inLanguage":"ru-RU","potentialAction":[{"@type":"ReadAction","target":["https:\/\/berzini.lv\/ru\/%d0%bf%d0%b0%d1%80%d1%82%d0%bd%d1%91%d1%80%d1%8b-%d0%bf%d0%be-%d1%81%d0%be%d1%82%d1%80%d1%83%d0%b4%d0%bd%d0%b8%d1%87%d0%b5%d1%81%d1%82%d0%b2%d1%83\/"]}]},{"@type":"BreadcrumbList","@id":"https:\/\/berzini.lv\/ru\/%d0%bf%d0%b0%d1%80%d1%82%d0%bd%d1%91%d1%80%d1%8b-%d0%bf%d0%be-%d1%81%d0%be%d1%82%d1%80%d1%83%d0%b4%d0%bd%d0%b8%d1%87%d0%b5%d1%81%d1%82%d0%b2%d1%83\/#breadcrumb","itemListElement":[{"@type":"ListItem","position":1,"name":"Home","item":"https:\/\/berzini.lv\/ru\/"},{"@type":"ListItem","position":2,"name":"\u041f\u0430\u0440\u0442\u043d\u0451\u0440\u044b \u043f\u043e \u0441\u043e\u0442\u0440\u0443\u0434\u043d\u0438\u0447\u0435\u0441\u0442\u0432\u0443"}]},{"@type":"WebSite","@id":"https:\/\/berzini.lv\/#website","url":"https:\/\/berzini.lv\/","name":"Zemnieku Saimniec\u012bba &quot;B\u0113rzi\u0146i&quot;","description":"ee","potentialAction":[{"@type":"SearchAction","target":{"@type":"EntryPoint","urlTemplate":"https:\/\/berzini.lv\/?s={search_term_string}"},"query-input":{"@type":"PropertyValueSpecification","valueRequired":true,"valueName":"search_term_string"}}],"inLanguage":"ru-RU"}]}},"_links":{"self":[{"href":"https:\/\/berzini.lv\/ru\/wp-json\/wp\/v2\/pages\/793","targetHints":{"allow":["GET"]}}],"collection":[{"href":"https:\/\/berzini.lv\/ru\/wp-json\/wp\/v2\/pages"}],"about":[{"href":"https:\/\/berzini.lv\/ru\/wp-json\/wp\/v2\/types\/page"}],"author":[{"embeddable":true,"href":"https:\/\/berzini.lv\/ru\/wp-json\/wp\/v2\/users\/1"}],"replies":[{"embeddable":true,"href":"https:\/\/berzini.lv\/ru\/wp-json\/wp\/v2\/comments?post=793"}],"version-history":[{"count":2,"href":"https:\/\/berzini.lv\/ru\/wp-json\/wp\/v2\/pages\/793\/revisions"}],"predecessor-version":[{"id":5851,"href":"https:\/\/berzini.lv\/ru\/wp-json\/wp\/v2\/pages\/793\/revisions\/5851"}],"wp:attachment":[{"href":"https:\/\/berzini.lv\/ru\/wp-json\/wp\/v2\/media?parent=793"}],"curies":[{"name":"wp","href":"https:\/\/api.w.org\/{rel}","templated":true}]}}