{"id":774,"date":"2016-06-09T10:52:06","date_gmt":"2016-06-09T10:52:06","guid":{"rendered":"https:\/\/berzini.lv\/ru\/?page_id=774"},"modified":"2016-06-09T10:52:06","modified_gmt":"2016-06-09T10:52:06","slug":"%d0%be%d0%bf%d1%82%d0%be%d0%bc","status":"publish","type":"page","link":"https:\/\/berzini.lv\/ru\/%d0%be%d0%bf%d1%82%d0%be%d0%bc\/","title":{"rendered":"\u041e\u043f\u0442\u043e\u043c"},"content":{"rendered":"<h2>\u041a\u0430\u043a \u0434\u0435\u043b\u0430\u0442\u044c \u043f\u043e\u043a\u0443\u043f\u043a\u0438 &#8212; \u041e\u043f\u0442\u043e\u043c<\/h2>\n<p>\u041e\u0437\u0435\u043b\u0435\u043d\u0438\u0442\u0435\u043b\u044c\u043d\u044b\u043c \u0444\u0438\u0440\u043c\u0430\u043c \u0438 \u043e\u0437\u0435\u043b\u0435\u043d\u0438\u0442\u0435\u043b\u044f\u043c \u043f\u0440\u0435\u0434\u043b\u0430\u0433\u0430\u0435\u043c \u0441\u043a\u0438\u0434\u043a\u0443 \u0434\u043e 10% \u043d\u0430 \u043f\u043e\u043a\u0443\u043f\u043a\u0438 \u0441\u0432\u044b\u0448\u0435 50 \u043b\u0430\u0442, \u0430 \u0442\u043e\u0440\u0433\u043e\u0432\u0446\u0430\u043c \u0441\u0432\u043e\u044e \u043f\u0440\u043e\u0434\u0443\u043a\u0446\u0438\u044e \u043f\u0440\u0435\u0434\u043b\u0430\u0433\u0430\u0435\u043c \u043f\u043e \u043e\u043f\u0442\u043e\u0432\u043e\u0439 \u0446\u0435\u043d\u0435, \u043a\u043e\u0442\u043e\u0440\u0430\u044f \u0437\u043d\u0430\u0447\u0438\u0442\u0435\u043b\u044c\u043d\u043e  \u043e\u0442\u043b\u0438\u0447\u0430\u0435\u0442\u0441\u044f \u043e\u0442 \u0440\u043e\u0437\u043d\u0438\u0447\u043d\u043e\u0439 \u0446\u0435\u043d\u044b. \u041e\u0431 \u043e\u043f\u0442\u043e\u0432\u044b\u0445 \u0446\u0435\u043d\u0430\u0445, \u0443\u0441\u043b\u043e\u0432\u0438\u044f\u0445 \u0434\u043e\u0441\u0442\u0430\u0432\u043a\u0438 \u0438 \u043e\u043f\u043b\u0430\u0442\u044b \u0437\u0432\u043e\u043d\u0438\u0442\u0435 \u043f\u043e \u0442\u0435\u043b\u0435\u0444\u043e\u043d\u0430\u043c: 29501519 (\u0418\u043c\u0430\u043d\u0442) \u0438\u043b\u0438 26012280 (\u0414\u0438\u0434\u0437\u0438\u0441).<\/p>\n","protected":false},"excerpt":{"rendered":"<p>\u041a\u0430\u043a \u0434\u0435\u043b\u0430\u0442\u044c \u043f\u043e\u043a\u0443\u043f\u043a\u0438 &#8212; \u041e\u043f\u0442\u043e\u043c \u041e\u0437\u0435\u043b\u0435\u043d\u0438\u0442\u0435\u043b\u044c\u043d\u044b\u043c \u0444\u0438\u0440\u043c\u0430\u043c \u0438 \u043e\u0437\u0435\u043b\u0435\u043d\u0438\u0442\u0435\u043b\u044f\u043c \u043f\u0440\u0435\u0434\u043b\u0430\u0433\u0430\u0435\u043c \u0441\u043a\u0438\u0434\u043a\u0443 \u0434\u043e 10% \u043d\u0430 \u043f\u043e\u043a\u0443\u043f\u043a\u0438 \u0441\u0432\u044b\u0448\u0435 50 \u043b\u0430\u0442, \u0430 \u0442\u043e\u0440\u0433\u043e\u0432\u0446\u0430\u043c \u0441\u0432\u043e\u044e \u043f\u0440\u043e\u0434\u0443\u043a\u0446\u0438\u044e \u043f\u0440\u0435\u0434\u043b\u0430\u0433\u0430\u0435\u043c \u043f\u043e \u043e\u043f\u0442\u043e\u0432\u043e\u0439 \u0446\u0435\u043d\u0435, \u043a\u043e\u0442\u043e\u0440\u0430\u044f \u0437\u043d\u0430\u0447\u0438\u0442\u0435\u043b\u044c\u043d\u043e \u043e\u0442\u043b\u0438\u0447\u0430\u0435\u0442\u0441\u044f \u043e\u0442 \u0440\u043e\u0437\u043d\u0438\u0447\u043d\u043e\u0439 \u0446\u0435\u043d\u044b. \u041e\u0431 \u043e\u043f\u0442\u043e\u0432\u044b\u0445 \u0446\u0435\u043d\u0430\u0445, \u0443\u0441\u043b\u043e\u0432\u0438\u044f\u0445 \u0434\u043e\u0441\u0442\u0430\u0432\u043a\u0438 \u0438 \u043e\u043f\u043b\u0430\u0442\u044b \u0437\u0432\u043e\u043d\u0438\u0442\u0435 \u043f\u043e \u0442\u0435\u043b\u0435\u0444\u043e\u043d\u0430\u043c: 29501519 (\u0418\u043c\u0430\u043d\u0442) \u0438\u043b\u0438 26012280 (\u0414\u0438\u0434\u0437\u0438\u0441).<\/p>\n","protected":false},"author":1,"featured_media":0,"parent":0,"menu_order":0,"comment_status":"closed","ping_status":"closed","template":"","meta":{"ngg_post_thumbnail":0,"footnotes":""},"class_list":["post-774","page","type-page","status-publish","hentry"],"yoast_head":"<!-- This site is optimized with the Yoast SEO plugin v24.1 - https:\/\/yoast.com\/wordpress\/plugins\/seo\/ -->\n<title>\u041e\u043f\u0442\u043e\u043c - Zemnieku Saimniec\u012bba &quot;B\u0113rzi\u0146i&quot;<\/title>\n<meta name=\"robots\" content=\"index, follow, max-snippet:-1, max-image-preview:large, max-video-preview:-1\" \/>\n<link rel=\"canonical\" href=\"https:\/\/berzini.lv\/vairuma\/\" \/>\n<meta property=\"og:locale\" content=\"ru_RU\" \/>\n<meta property=\"og:type\" content=\"article\" \/>\n<meta property=\"og:title\" content=\"\u041e\u043f\u0442\u043e\u043c - Zemnieku Saimniec\u012bba &quot;B\u0113rzi\u0146i&quot;\" \/>\n<meta property=\"og:description\" content=\"\u041a\u0430\u043a \u0434\u0435\u043b\u0430\u0442\u044c \u043f\u043e\u043a\u0443\u043f\u043a\u0438 &#8212; \u041e\u043f\u0442\u043e\u043c \u041e\u0437\u0435\u043b\u0435\u043d\u0438\u0442\u0435\u043b\u044c\u043d\u044b\u043c \u0444\u0438\u0440\u043c\u0430\u043c \u0438 \u043e\u0437\u0435\u043b\u0435\u043d\u0438\u0442\u0435\u043b\u044f\u043c \u043f\u0440\u0435\u0434\u043b\u0430\u0433\u0430\u0435\u043c \u0441\u043a\u0438\u0434\u043a\u0443 \u0434\u043e 10% \u043d\u0430 \u043f\u043e\u043a\u0443\u043f\u043a\u0438 \u0441\u0432\u044b\u0448\u0435 50 \u043b\u0430\u0442, \u0430 \u0442\u043e\u0440\u0433\u043e\u0432\u0446\u0430\u043c \u0441\u0432\u043e\u044e \u043f\u0440\u043e\u0434\u0443\u043a\u0446\u0438\u044e \u043f\u0440\u0435\u0434\u043b\u0430\u0433\u0430\u0435\u043c \u043f\u043e \u043e\u043f\u0442\u043e\u0432\u043e\u0439 \u0446\u0435\u043d\u0435, \u043a\u043e\u0442\u043e\u0440\u0430\u044f \u0437\u043d\u0430\u0447\u0438\u0442\u0435\u043b\u044c\u043d\u043e \u043e\u0442\u043b\u0438\u0447\u0430\u0435\u0442\u0441\u044f \u043e\u0442 \u0440\u043e\u0437\u043d\u0438\u0447\u043d\u043e\u0439 \u0446\u0435\u043d\u044b. \u041e\u0431 \u043e\u043f\u0442\u043e\u0432\u044b\u0445 \u0446\u0435\u043d\u0430\u0445, \u0443\u0441\u043b\u043e\u0432\u0438\u044f\u0445 \u0434\u043e\u0441\u0442\u0430\u0432\u043a\u0438 \u0438 \u043e\u043f\u043b\u0430\u0442\u044b \u0437\u0432\u043e\u043d\u0438\u0442\u0435 \u043f\u043e \u0442\u0435\u043b\u0435\u0444\u043e\u043d\u0430\u043c: 29501519 (\u0418\u043c\u0430\u043d\u0442) \u0438\u043b\u0438 26012280 (\u0414\u0438\u0434\u0437\u0438\u0441).\" \/>\n<meta property=\"og:url\" content=\"https:\/\/berzini.lv\/vairuma\/\" \/>\n<meta property=\"og:site_name\" content=\"Zemnieku Saimniec\u012bba &quot;B\u0113rzi\u0146i&quot;\" \/>\n<meta name=\"twitter:card\" content=\"summary_large_image\" \/>\n<script type=\"application\/ld+json\" class=\"yoast-schema-graph\">{\"@context\":\"https:\/\/schema.org\",\"@graph\":[{\"@type\":\"WebPage\",\"@id\":\"https:\/\/berzini.lv\/vairuma\/\",\"url\":\"https:\/\/berzini.lv\/vairuma\/\",\"name\":\"\u041e\u043f\u0442\u043e\u043c - Zemnieku Saimniec\u012bba &quot;B\u0113rzi\u0146i&quot;\",\"isPartOf\":{\"@id\":\"https:\/\/berzini.lv\/#website\"},\"datePublished\":\"2016-06-09T10:52:06+00:00\",\"dateModified\":\"2016-06-09T10:52:06+00:00\",\"breadcrumb\":{\"@id\":\"https:\/\/berzini.lv\/vairuma\/#breadcrumb\"},\"inLanguage\":\"ru-RU\",\"potentialAction\":[{\"@type\":\"ReadAction\",\"target\":[\"https:\/\/berzini.lv\/vairuma\/\"]}]},{\"@type\":\"BreadcrumbList\",\"@id\":\"https:\/\/berzini.lv\/vairuma\/#breadcrumb\",\"itemListElement\":[{\"@type\":\"ListItem\",\"position\":1,\"name\":\"Home\",\"item\":\"https:\/\/berzini.lv\/ru\/\"},{\"@type\":\"ListItem\",\"position\":2,\"name\":\"\u041e\u043f\u0442\u043e\u043c\"}]},{\"@type\":\"WebSite\",\"@id\":\"https:\/\/berzini.lv\/#website\",\"url\":\"https:\/\/berzini.lv\/\",\"name\":\"Zemnieku Saimniec\u012bba &quot;B\u0113rzi\u0146i&quot;\",\"description\":\"ee\",\"potentialAction\":[{\"@type\":\"SearchAction\",\"target\":{\"@type\":\"EntryPoint\",\"urlTemplate\":\"https:\/\/berzini.lv\/?s={search_term_string}\"},\"query-input\":{\"@type\":\"PropertyValueSpecification\",\"valueRequired\":true,\"valueName\":\"search_term_string\"}}],\"inLanguage\":\"ru-RU\"}]}<\/script>\n<!-- \/ Yoast SEO plugin. -->","yoast_head_json":{"title":"\u041e\u043f\u0442\u043e\u043c - Zemnieku Saimniec\u012bba &quot;B\u0113rzi\u0146i&quot;","robots":{"index":"index","follow":"follow","max-snippet":"max-snippet:-1","max-image-preview":"max-image-preview:large","max-video-preview":"max-video-preview:-1"},"canonical":"https:\/\/berzini.lv\/vairuma\/","og_locale":"ru_RU","og_type":"article","og_title":"\u041e\u043f\u0442\u043e\u043c - Zemnieku Saimniec\u012bba &quot;B\u0113rzi\u0146i&quot;","og_description":"\u041a\u0430\u043a \u0434\u0435\u043b\u0430\u0442\u044c \u043f\u043e\u043a\u0443\u043f\u043a\u0438 &#8212; \u041e\u043f\u0442\u043e\u043c \u041e\u0437\u0435\u043b\u0435\u043d\u0438\u0442\u0435\u043b\u044c\u043d\u044b\u043c \u0444\u0438\u0440\u043c\u0430\u043c \u0438 \u043e\u0437\u0435\u043b\u0435\u043d\u0438\u0442\u0435\u043b\u044f\u043c \u043f\u0440\u0435\u0434\u043b\u0430\u0433\u0430\u0435\u043c \u0441\u043a\u0438\u0434\u043a\u0443 \u0434\u043e 10% \u043d\u0430 \u043f\u043e\u043a\u0443\u043f\u043a\u0438 \u0441\u0432\u044b\u0448\u0435 50 \u043b\u0430\u0442, \u0430 \u0442\u043e\u0440\u0433\u043e\u0432\u0446\u0430\u043c \u0441\u0432\u043e\u044e \u043f\u0440\u043e\u0434\u0443\u043a\u0446\u0438\u044e \u043f\u0440\u0435\u0434\u043b\u0430\u0433\u0430\u0435\u043c \u043f\u043e \u043e\u043f\u0442\u043e\u0432\u043e\u0439 \u0446\u0435\u043d\u0435, \u043a\u043e\u0442\u043e\u0440\u0430\u044f \u0437\u043d\u0430\u0447\u0438\u0442\u0435\u043b\u044c\u043d\u043e \u043e\u0442\u043b\u0438\u0447\u0430\u0435\u0442\u0441\u044f \u043e\u0442 \u0440\u043e\u0437\u043d\u0438\u0447\u043d\u043e\u0439 \u0446\u0435\u043d\u044b. \u041e\u0431 \u043e\u043f\u0442\u043e\u0432\u044b\u0445 \u0446\u0435\u043d\u0430\u0445, \u0443\u0441\u043b\u043e\u0432\u0438\u044f\u0445 \u0434\u043e\u0441\u0442\u0430\u0432\u043a\u0438 \u0438 \u043e\u043f\u043b\u0430\u0442\u044b \u0437\u0432\u043e\u043d\u0438\u0442\u0435 \u043f\u043e \u0442\u0435\u043b\u0435\u0444\u043e\u043d\u0430\u043c: 29501519 (\u0418\u043c\u0430\u043d\u0442) \u0438\u043b\u0438 26012280 (\u0414\u0438\u0434\u0437\u0438\u0441).","og_url":"https:\/\/berzini.lv\/vairuma\/","og_site_name":"Zemnieku Saimniec\u012bba &quot;B\u0113rzi\u0146i&quot;","twitter_card":"summary_large_image","schema":{"@context":"https:\/\/schema.org","@graph":[{"@type":"WebPage","@id":"https:\/\/berzini.lv\/vairuma\/","url":"https:\/\/berzini.lv\/vairuma\/","name":"\u041e\u043f\u0442\u043e\u043c - Zemnieku Saimniec\u012bba &quot;B\u0113rzi\u0146i&quot;","isPartOf":{"@id":"https:\/\/berzini.lv\/#website"},"datePublished":"2016-06-09T10:52:06+00:00","dateModified":"2016-06-09T10:52:06+00:00","breadcrumb":{"@id":"https:\/\/berzini.lv\/vairuma\/#breadcrumb"},"inLanguage":"ru-RU","potentialAction":[{"@type":"ReadAction","target":["https:\/\/berzini.lv\/vairuma\/"]}]},{"@type":"BreadcrumbList","@id":"https:\/\/berzini.lv\/vairuma\/#breadcrumb","itemListElement":[{"@type":"ListItem","position":1,"name":"Home","item":"https:\/\/berzini.lv\/ru\/"},{"@type":"ListItem","position":2,"name":"\u041e\u043f\u0442\u043e\u043c"}]},{"@type":"WebSite","@id":"https:\/\/berzini.lv\/#website","url":"https:\/\/berzini.lv\/","name":"Zemnieku Saimniec\u012bba &quot;B\u0113rzi\u0146i&quot;","description":"ee","potentialAction":[{"@type":"SearchAction","target":{"@type":"EntryPoint","urlTemplate":"https:\/\/berzini.lv\/?s={search_term_string}"},"query-input":{"@type":"PropertyValueSpecification","valueRequired":true,"valueName":"search_term_string"}}],"inLanguage":"ru-RU"}]}},"_links":{"self":[{"href":"https:\/\/berzini.lv\/ru\/wp-json\/wp\/v2\/pages\/774","targetHints":{"allow":["GET"]}}],"collection":[{"href":"https:\/\/berzini.lv\/ru\/wp-json\/wp\/v2\/pages"}],"about":[{"href":"https:\/\/berzini.lv\/ru\/wp-json\/wp\/v2\/types\/page"}],"author":[{"embeddable":true,"href":"https:\/\/berzini.lv\/ru\/wp-json\/wp\/v2\/users\/1"}],"replies":[{"embeddable":true,"href":"https:\/\/berzini.lv\/ru\/wp-json\/wp\/v2\/comments?post=774"}],"version-history":[{"count":1,"href":"https:\/\/berzini.lv\/ru\/wp-json\/wp\/v2\/pages\/774\/revisions"}],"predecessor-version":[{"id":775,"href":"https:\/\/berzini.lv\/ru\/wp-json\/wp\/v2\/pages\/774\/revisions\/775"}],"wp:attachment":[{"href":"https:\/\/berzini.lv\/ru\/wp-json\/wp\/v2\/media?parent=774"}],"curies":[{"name":"wp","href":"https:\/\/api.w.org\/{rel}","templated":true}]}}