{"id":767,"date":"2016-06-09T10:49:32","date_gmt":"2016-06-09T10:49:32","guid":{"rendered":"https:\/\/berzini.lv\/ru\/?page_id=767"},"modified":"2016-06-09T10:49:32","modified_gmt":"2016-06-09T10:49:32","slug":"%d0%bc%d0%bd%d0%be%d0%b3%d0%be%d0%bb%d0%b5%d1%82%d0%bd%d0%b8%d0%ba%d0%b8-%d1%81-%d0%be%d1%82%d0%ba%d1%80%d1%8b%d1%82%d1%8b%d0%bc-%d0%ba%d0%be%d1%80%d0%bd%d0%b5%d0%bc-%d0%b8%d0%b7-%d0%b3%d0%be%d0%bb","status":"publish","type":"page","link":"https:\/\/berzini.lv\/ru\/%d0%bc%d0%bd%d0%be%d0%b3%d0%be%d0%bb%d0%b5%d1%82%d0%bd%d0%b8%d0%ba%d0%b8-%d1%81-%d0%be%d1%82%d0%ba%d1%80%d1%8b%d1%82%d1%8b%d0%bc-%d0%ba%d0%be%d1%80%d0%bd%d0%b5%d0%bc-%d0%b8%d0%b7-%d0%b3%d0%be%d0%bb\/","title":{"rendered":"\u041c\u043d\u043e\u0433\u043e\u043b\u0435\u0442\u043d\u0438\u043a\u0438 \u0441 \u043e\u0442\u043a\u0440\u044b\u0442\u044b\u043c \u043a\u043e\u0440\u043d\u0435\u043c  \u0438\u0437 \u0413\u043e\u043b\u043b\u0430\u043d\u0434\u0438\u0438"},"content":{"rendered":"<p>\u0424\u0438\u0440\u043c\u0430 \u0412\u0435\u0440\u0448\u0443\u0443\u0440\u0430 \u043f\u0440\u0435\u0434\u043b\u0430\u0433\u0430\u044e\u0442 \u0431\u043e\u043b\u0435\u0435 2500 \u0440\u0430\u0437\u043b\u0438\u0447\u043d\u044b\u0445 \u043c\u043d\u043e\u0433\u043e\u043b\u0435\u0442\u043d\u0438\u043a\u043e\u0432 \u0441 \u043e\u0442\u043a\u0440\u0438\u0442\u044b\u043c \u043a\u043e\u0440\u043d\u0435\u043c. \u0411\u043e\u043b\u044c\u0448\u0438\u043d\u0441\u0442\u0432\u043e \u0438\u0437 \u043d\u0438\u0445 \u0432\u044b\u0440\u0430\u0441\u0449\u0435\u043d\u044b \u0432 \u0431\u043e\u043b\u0435\u0435 \u0447\u0435\u043c \u0441\u0442\u0430 \u0444\u0435\u0440\u043c \u043f\u0430\u0440\u0442\u043d\u0435\u0440\u043e\u043c \u0432 \u0413\u043e\u043b\u043b\u0430\u043d\u0434\u0438\u0438, \u043d\u043e \u0435\u0441\u0442\u044c \u0441\u0430\u0436\u0435\u043d\u0446\u044b, \u043a\u043e\u0442\u043e\u0440\u044b\u0435 \u043f\u0440\u0438\u0441\u043b\u0430\u043d\u044b \u0441\u043e \u0421\u0428\u0410 \u0438 \u041a\u0438\u0442\u0430\u044f. \u041d\u0435 \u0432\u0441\u0435 \u0440\u0430\u0441\u0442\u0435\u043d\u0438\u044f, \u043a\u043e\u0442\u043e\u0440\u044b\u0435 \u043d\u0430\u0445\u043e\u0434\u044f\u0442\u0441\u044f \u0432 \u044d\u0442\u043e\u043c \u043f\u0440\u0435\u0434\u043b\u043e\u0436\u0435\u043d\u0438\u0438, \u043c\u043e\u0433\u0443\u0442 \u0431\u044b\u0442\u044c \u043f\u0440\u0438\u043c\u0435\u043d\u0435\u043d\u044b \u0432 \u041b\u0430\u0442\u0432\u0438\u0438 \u0438 \u0441\u0435\u0432\u0435\u0440\u043d\u0435\u0435 \u0438\u0437 \u0437\u0430 \u043d\u0435\u043f\u043e\u0434\u0445\u043e\u0434\u044f\u0449\u0435\u0433\u043e \u043a\u043b\u0438\u043c\u0430\u0442\u0430. \u0417\u0430\u043a\u0430\u0437\u044b\u0432\u0430\u044f \u0440\u0430\u0441\u0442\u0435\u043d\u0438\u044f, \u043d\u0435\u043e\u0431\u0445\u043e\u0434\u0438\u043c\u043e \u043e\u0446\u0435\u043d\u0438\u0442\u044c \u0438\u0445 \u043f\u0440\u0438\u0433\u043e\u0434\u043d\u043e\u0441\u0442\u044c \u0432 \u043a\u043e\u043d\u043a\u0440\u0435\u0442\u043d\u043e\u0438 \u043a\u043b\u0438\u043c\u0430\u0442\u0438\u0447\u0435\u0441\u043a\u043e\u0438 \u0437\u043e\u043d\u0435 \u0438 \u0441\u043e\u043e\u0442\u0432\u0435\u0442\u0441\u0442\u0432\u0443\u044e\u0449\u0438\u0435 \u0440\u0438\u0441\u043a\u0438. <\/p>\n<p>\u0411\u043b\u0430\u043d\u043a \u0437\u0430\u043a\u0430\u0437\u0430 \u0432\u0435\u0441\u043d\u044b \u0441\u043b\u0435\u0434\u0443\u044e\u0449\u0435\u0433\u043e \u0433\u043e\u0434\u0430 &#8212; \u0442\u0430\u0431\u043b\u0438\u0446\u0430 Excel &#8212; \u0431\u0443\u0434\u0435\u0442 \u0434\u043e\u0441\u0442\u0443\u043f\u043d\u0430 \u0432 \u043a\u043e\u043d\u0446\u0435 \u0438\u044e\u043d\u044f \u2013 \u0432 \u043d\u0430\u0447\u0430\u043b\u0435 \u0438\u044e\u043b\u044f. \u041f\u0440\u0435\u0434\u044b\u0434\u0443\u0449\u0438\u0439 \u0441\u043f\u0438\u0441\u043e\u043a \u043c\u043e\u0436\u043d\u043e \u043d\u0430\u0439\u0442\u0438 \u043d\u0438\u0436\u0435. \u0427\u0442\u043e\u0431\u044b \u0438\u0437\u0431\u0435\u0436\u0430\u0442\u044c \u043e\u0442\u043a\u0430\u0437\u0430 \u0438\u0437 \u0437\u0430 \u043e\u0442\u0441\u0443\u0442\u0441\u0442\u0432\u0438\u044f \u043a\u043e\u043d\u043a\u0440\u0435\u0442\u043d\u044b\u0445 \u0441\u043e\u0440\u0442\u043e\u0432, \u043f\u043e\u0441\u043a\u043e\u043b\u044c\u043a\u0443 \u043e\u043d \u0437\u0430\u0440\u0435\u0437\u0435\u0440\u0432\u0438\u0440\u043e\u0432\u0430\u043d \u0434\u043b\u044f \u0434\u0440\u0443\u0433\u043e\u0433\u043e \u043a\u043b\u0438\u0435\u043d\u0442\u0430, \u043c\u044b \u0431\u0443\u0434\u0435\u043c \u0441\u043e\u0431\u0438\u0440\u0430\u0442\u044c \u0437\u0430\u043a\u0430\u0437\u044b \u0438 \u043f\u0435\u0440\u0435\u0434\u0430\u0432\u0430\u0442\u044c \u0432 \u0413\u043e\u043b\u043b\u0430\u043d\u0434\u0438\u044e \u0434\u043e 15. \u0441\u0435\u043d\u0442\u044f\u0431\u0440\u044f. \u0422\u0430\u043a\u0438\u043c \u043e\u0431\u0440\u0430\u0437\u043e\u043c \u0441\u043e \u0441\u0432\u043e\u0438\u0445 \u043a\u043b\u0438\u0435\u043d\u0442\u043e\u0432 \u043f\u0440\u0438\u043d\u0438\u043c\u0430\u0435\u043c \u0437\u0430\u043a\u0430\u0437\u044b \u0434\u043e 10. \u0441\u0435\u043d\u0442\u044f\u0431\u0440\u044f. \u0414\u043e\u0441\u0442\u0430\u0432\u043a\u0430 \u0432 \u041b\u0430\u0442\u0432\u0438\u0438 \u043e\u0441\u0443\u0449\u0435\u0441\u0442\u0432\u043b\u044f\u0435\u0442\u0441\u044f \u0432 \u043a\u043e\u043d\u0446\u0435 \u0444\u0435\u0432\u0440\u0430\u043b\u044f &#8212; \u043d\u0430\u0447\u0430\u043b\u0435 \u043c\u0430\u0440\u0442\u0430. \u041c\u0438\u043d\u0438\u043c\u0430\u043b\u044c\u043d\u044b\u0439 \u0437\u0430\u043a\u0430\u0437 \u043e\u0434\u0438\u043d \u044f\u0449\u0438\u043a, \u043e\u0442\u0434\u0435\u043b\u044c\u043d\u044b\u0445 \u0441\u043e\u0440\u0442\u043e\u0432 \u0438 \u0440\u0430\u0437\u043d\u043e\u0432\u0438\u0434\u043d\u043e\u0441\u0442\u0435\u0439 \u0443\u043a\u0430\u0437\u0430\u043d \u0434\u0440\u0443\u0433\u043e\u0435 \u043c\u0438\u043d\u0438\u043c\u0430\u043b\u044c\u043d\u043e\u0435 \u043a\u043e\u043b\u0438\u0447\u0435\u0441\u0442\u0432\u043e.<\/p>\n<div id=\"accordion-1\" class=\"accordion no-js\" role=\"tablist\" aria-multiselectable=\"true\"><br \/>\n<h3 id=\"accordion-1-t1\" class=\"accordion-title\" role=\"tab\" aria-controls=\"accordion-1-c1\" aria-selected=\"false\" aria-expanded=\"false\" tabindex=\"0\" >\u041f\u0440\u0435\u0434\u043b\u043e\u0436\u0435\u043d\u0438\u0435 \u0412\u0435\u0440\u0448\u0443\u0443\u0440\u0430 2015 \u041e\u0441\u0435\u043d\u044c \/ 2016 \u0412\u0435\u0441\u043d\u0430<\/h3><div id=\"accordion-1-c1\" class=\"accordion-content\" role=\"tabpanel\" aria-labelledby=\"accordion-1-t1\" aria-hidden=\"true\"><div class=\"ead-preview\"><div class=\"ead-document\" style=\"position: relative;\"><iframe src=\"\/\/view.officeapps.live.com\/op\/embed.aspx?src=https%3A%2F%2Fberzini.lv%2Fwp-content%2Fuploads%2F2016%2F02%2FBareroots-2015_2016.xls\" title=\"\u0412\u0441\u0442\u0440\u043e\u0435\u043d\u043d\u044b\u0439 \u0434\u043e\u043a\u0443\u043c\u0435\u043d\u0442\" class=\"ead-iframe\" style=\"width: 100%;height: 500px;border: none;\"><\/iframe><\/div><p class=\"embed_download\"><a href=\"https:\/\/berzini.lv\/wp-content\/uploads\/2016\/02\/Bareroots-2015_2016.xls\" download >\u0421\u043a\u0430\u0447\u0430\u0442\u044c <\/a><\/p><\/div><\/div><br \/>\n<h3 id=\"accordion-1-t2\" class=\"accordion-title\" role=\"tab\" aria-controls=\"accordion-1-c2\" aria-selected=\"false\" aria-expanded=\"false\" tabindex=\"0\" >\u041f\u0440\u0435\u0434\u043b\u043e\u0436\u0435\u043d\u0438\u0435 \u0412\u0435\u0440\u0448\u0443\u0443\u0440\u0430 \u0438\u0440\u0438\u0441\u044b 2015 \u041e\u0441\u0435\u043d\u044c \/ 2016 \u0412\u0435\u0441\u043d\u0430<\/h3><div id=\"accordion-1-c2\" class=\"accordion-content\" role=\"tabpanel\" aria-labelledby=\"accordion-1-t2\" aria-hidden=\"true\"><div class=\"ead-preview\"><div class=\"ead-document\" style=\"position: relative;\"><iframe src=\"\/\/view.officeapps.live.com\/op\/embed.aspx?src=https%3A%2F%2Fberzini.lv%2Fwp-content%2Fuploads%2F2016%2F02%2FIris-2015_2016.xls\" title=\"\u0412\u0441\u0442\u0440\u043e\u0435\u043d\u043d\u044b\u0439 \u0434\u043e\u043a\u0443\u043c\u0435\u043d\u0442\" class=\"ead-iframe\" style=\"width: 100%;height: 500px;border: none;\"><\/iframe><\/div><p class=\"embed_download\"><a href=\"https:\/\/berzini.lv\/wp-content\/uploads\/2016\/02\/Iris-2015_2016.xls\" download >\u0421\u043a\u0430\u0447\u0430\u0442\u044c <\/a><\/p><\/div><\/div><br \/>\n<h3 id=\"accordion-1-t3\" class=\"accordion-title\" role=\"tab\" aria-controls=\"accordion-1-c3\" aria-selected=\"false\" aria-expanded=\"false\" tabindex=\"0\" >\u041f\u0440\u0435\u0434\u043b\u043e\u0436\u0435\u043d\u0438\u0435 \u0412\u0435\u0440\u0448\u0443\u0443\u0440\u0430 \u043f\u0438\u043e\u043d\u044b 2015 \u041e\u0441\u0435\u043d\u044c \/ 2016 \u0412\u0435\u0441\u043d\u0430<\/h3><div id=\"accordion-1-c3\" class=\"accordion-content\" role=\"tabpanel\" aria-labelledby=\"accordion-1-t3\" aria-hidden=\"true\"><div class=\"ead-preview\"><div class=\"ead-document\" style=\"position: relative;\"><iframe src=\"\/\/view.officeapps.live.com\/op\/embed.aspx?src=https%3A%2F%2Fberzini.lv%2Fwp-content%2Fuploads%2F2016%2F02%2FPaeonia-2015_2016.xls\" title=\"\u0412\u0441\u0442\u0440\u043e\u0435\u043d\u043d\u044b\u0439 \u0434\u043e\u043a\u0443\u043c\u0435\u043d\u0442\" class=\"ead-iframe\" style=\"width: 100%;height: 500px;border: none;\"><\/iframe><\/div><p class=\"embed_download\"><a href=\"https:\/\/berzini.lv\/wp-content\/uploads\/2016\/02\/Paeonia-2015_2016.xls\" download >\u0421\u043a\u0430\u0447\u0430\u0442\u044c <\/a><\/p><\/div><\/div><br \/>\n<h3 id=\"accordion-1-t4\" class=\"accordion-title\" role=\"tab\" aria-controls=\"accordion-1-c4\" aria-selected=\"false\" aria-expanded=\"false\" tabindex=\"0\" >\u041f\u0440\u0435\u0434\u043b\u043e\u0436\u0435\u043d\u0438\u0435 \u0412\u0435\u0440\u0448\u0443\u0443\u0440\u0430 \u0442\u0440\u0430\u0432\u044b 2015 \u041e\u0441\u0435\u043d\u044c \/ 2016 \u0412\u0435\u0441\u043d\u0430<\/h3><div id=\"accordion-1-c4\" class=\"accordion-content\" role=\"tabpanel\" aria-labelledby=\"accordion-1-t4\" aria-hidden=\"true\"><div class=\"ead-preview\"><div class=\"ead-document\" style=\"position: relative;\"><iframe src=\"\/\/view.officeapps.live.com\/op\/embed.aspx?src=https%3A%2F%2Fberzini.lv%2Fwp-content%2Fuploads%2F2016%2F02%2FGrasses-2015_2016.xls\" title=\"\u0412\u0441\u0442\u0440\u043e\u0435\u043d\u043d\u044b\u0439 \u0434\u043e\u043a\u0443\u043c\u0435\u043d\u0442\" class=\"ead-iframe\" style=\"width: 100%;height: 500px;border: none;\"><\/iframe><\/div><p class=\"embed_download\"><a href=\"https:\/\/berzini.lv\/wp-content\/uploads\/2016\/02\/Grasses-2015_2016.xls\" download >\u0421\u043a\u0430\u0447\u0430\u0442\u044c <\/a><\/p><\/div><\/div><br \/>\n<\/div>\n","protected":false},"excerpt":{"rendered":"<p>\u0424\u0438\u0440\u043c\u0430 \u0412\u0435\u0440\u0448\u0443\u0443\u0440\u0430 \u043f\u0440\u0435\u0434\u043b\u0430\u0433\u0430\u044e\u0442 \u0431\u043e\u043b\u0435\u0435 2500 \u0440\u0430\u0437\u043b\u0438\u0447\u043d\u044b\u0445 \u043c\u043d\u043e\u0433\u043e\u043b\u0435\u0442\u043d\u0438\u043a\u043e\u0432 \u0441 \u043e\u0442\u043a\u0440\u0438\u0442\u044b\u043c \u043a\u043e\u0440\u043d\u0435\u043c. \u0411\u043e\u043b\u044c\u0448\u0438\u043d\u0441\u0442\u0432\u043e \u0438\u0437 \u043d\u0438\u0445 \u0432\u044b\u0440\u0430\u0441\u0449\u0435\u043d\u044b \u0432 \u0431\u043e\u043b\u0435\u0435 \u0447\u0435\u043c \u0441\u0442\u0430 \u0444\u0435\u0440\u043c \u043f\u0430\u0440\u0442\u043d\u0435\u0440\u043e\u043c \u0432 \u0413\u043e\u043b\u043b\u0430\u043d\u0434\u0438\u0438, \u043d\u043e \u0435\u0441\u0442\u044c \u0441\u0430\u0436\u0435\u043d\u0446\u044b, \u043a\u043e\u0442\u043e\u0440\u044b\u0435 \u043f\u0440\u0438\u0441\u043b\u0430\u043d\u044b \u0441\u043e \u0421\u0428\u0410 \u0438 \u041a\u0438\u0442\u0430\u044f. \u041d\u0435 \u0432\u0441\u0435 \u0440\u0430\u0441\u0442\u0435\u043d\u0438\u044f, \u043a\u043e\u0442\u043e\u0440\u044b\u0435 \u043d\u0430\u0445\u043e\u0434\u044f\u0442\u0441\u044f \u0432 \u044d\u0442\u043e\u043c \u043f\u0440\u0435\u0434\u043b\u043e\u0436\u0435\u043d\u0438\u0438, \u043c\u043e\u0433\u0443\u0442 \u0431\u044b\u0442\u044c \u043f\u0440\u0438\u043c\u0435\u043d\u0435\u043d\u044b \u0432 \u041b\u0430\u0442\u0432\u0438\u0438 \u0438 \u0441\u0435\u0432\u0435\u0440\u043d\u0435\u0435 \u0438\u0437 \u0437\u0430 \u043d\u0435\u043f\u043e\u0434\u0445\u043e\u0434\u044f\u0449\u0435\u0433\u043e \u043a\u043b\u0438\u043c\u0430\u0442\u0430. \u0417\u0430\u043a\u0430\u0437\u044b\u0432\u0430\u044f \u0440\u0430\u0441\u0442\u0435\u043d\u0438\u044f, \u043d\u0435\u043e\u0431\u0445\u043e\u0434\u0438\u043c\u043e \u043e\u0446\u0435\u043d\u0438\u0442\u044c \u0438\u0445&hellip;<\/p>\n","protected":false},"author":1,"featured_media":0,"parent":0,"menu_order":0,"comment_status":"closed","ping_status":"closed","template":"","meta":{"ngg_post_thumbnail":0,"footnotes":""},"class_list":["post-767","page","type-page","status-publish","hentry"],"yoast_head":"<!-- This site is optimized with the Yoast SEO plugin v24.1 - https:\/\/yoast.com\/wordpress\/plugins\/seo\/ -->\n<title>\u041c\u043d\u043e\u0433\u043e\u043b\u0435\u0442\u043d\u0438\u043a\u0438 \u0441 \u043e\u0442\u043a\u0440\u044b\u0442\u044b\u043c \u043a\u043e\u0440\u043d\u0435\u043c \u0438\u0437 \u0413\u043e\u043b\u043b\u0430\u043d\u0434\u0438\u0438 - Zemnieku Saimniec\u012bba &quot;B\u0113rzi\u0146i&quot;<\/title>\n<meta name=\"robots\" content=\"index, follow, max-snippet:-1, max-image-preview:large, max-video-preview:-1\" \/>\n<link rel=\"canonical\" href=\"https:\/\/berzini.lv\/bare-root-perennials-from-holland\/\" \/>\n<meta property=\"og:locale\" content=\"ru_RU\" \/>\n<meta property=\"og:type\" content=\"article\" \/>\n<meta property=\"og:title\" content=\"\u041c\u043d\u043e\u0433\u043e\u043b\u0435\u0442\u043d\u0438\u043a\u0438 \u0441 \u043e\u0442\u043a\u0440\u044b\u0442\u044b\u043c \u043a\u043e\u0440\u043d\u0435\u043c \u0438\u0437 \u0413\u043e\u043b\u043b\u0430\u043d\u0434\u0438\u0438 - Zemnieku Saimniec\u012bba &quot;B\u0113rzi\u0146i&quot;\" \/>\n<meta property=\"og:description\" content=\"\u0424\u0438\u0440\u043c\u0430 \u0412\u0435\u0440\u0448\u0443\u0443\u0440\u0430 \u043f\u0440\u0435\u0434\u043b\u0430\u0433\u0430\u044e\u0442 \u0431\u043e\u043b\u0435\u0435 2500 \u0440\u0430\u0437\u043b\u0438\u0447\u043d\u044b\u0445 \u043c\u043d\u043e\u0433\u043e\u043b\u0435\u0442\u043d\u0438\u043a\u043e\u0432 \u0441 \u043e\u0442\u043a\u0440\u0438\u0442\u044b\u043c \u043a\u043e\u0440\u043d\u0435\u043c. \u0411\u043e\u043b\u044c\u0448\u0438\u043d\u0441\u0442\u0432\u043e \u0438\u0437 \u043d\u0438\u0445 \u0432\u044b\u0440\u0430\u0441\u0449\u0435\u043d\u044b \u0432 \u0431\u043e\u043b\u0435\u0435 \u0447\u0435\u043c \u0441\u0442\u0430 \u0444\u0435\u0440\u043c \u043f\u0430\u0440\u0442\u043d\u0435\u0440\u043e\u043c \u0432 \u0413\u043e\u043b\u043b\u0430\u043d\u0434\u0438\u0438, \u043d\u043e \u0435\u0441\u0442\u044c \u0441\u0430\u0436\u0435\u043d\u0446\u044b, \u043a\u043e\u0442\u043e\u0440\u044b\u0435 \u043f\u0440\u0438\u0441\u043b\u0430\u043d\u044b \u0441\u043e \u0421\u0428\u0410 \u0438 \u041a\u0438\u0442\u0430\u044f. \u041d\u0435 \u0432\u0441\u0435 \u0440\u0430\u0441\u0442\u0435\u043d\u0438\u044f, \u043a\u043e\u0442\u043e\u0440\u044b\u0435 \u043d\u0430\u0445\u043e\u0434\u044f\u0442\u0441\u044f \u0432 \u044d\u0442\u043e\u043c \u043f\u0440\u0435\u0434\u043b\u043e\u0436\u0435\u043d\u0438\u0438, \u043c\u043e\u0433\u0443\u0442 \u0431\u044b\u0442\u044c \u043f\u0440\u0438\u043c\u0435\u043d\u0435\u043d\u044b \u0432 \u041b\u0430\u0442\u0432\u0438\u0438 \u0438 \u0441\u0435\u0432\u0435\u0440\u043d\u0435\u0435 \u0438\u0437 \u0437\u0430 \u043d\u0435\u043f\u043e\u0434\u0445\u043e\u0434\u044f\u0449\u0435\u0433\u043e \u043a\u043b\u0438\u043c\u0430\u0442\u0430. \u0417\u0430\u043a\u0430\u0437\u044b\u0432\u0430\u044f \u0440\u0430\u0441\u0442\u0435\u043d\u0438\u044f, \u043d\u0435\u043e\u0431\u0445\u043e\u0434\u0438\u043c\u043e \u043e\u0446\u0435\u043d\u0438\u0442\u044c \u0438\u0445&hellip;\" \/>\n<meta property=\"og:url\" content=\"https:\/\/berzini.lv\/bare-root-perennials-from-holland\/\" \/>\n<meta property=\"og:site_name\" content=\"Zemnieku Saimniec\u012bba &quot;B\u0113rzi\u0146i&quot;\" \/>\n<meta name=\"twitter:card\" content=\"summary_large_image\" \/>\n<script type=\"application\/ld+json\" class=\"yoast-schema-graph\">{\"@context\":\"https:\/\/schema.org\",\"@graph\":[{\"@type\":\"WebPage\",\"@id\":\"https:\/\/berzini.lv\/bare-root-perennials-from-holland\/\",\"url\":\"https:\/\/berzini.lv\/bare-root-perennials-from-holland\/\",\"name\":\"\u041c\u043d\u043e\u0433\u043e\u043b\u0435\u0442\u043d\u0438\u043a\u0438 \u0441 \u043e\u0442\u043a\u0440\u044b\u0442\u044b\u043c \u043a\u043e\u0440\u043d\u0435\u043c \u0438\u0437 \u0413\u043e\u043b\u043b\u0430\u043d\u0434\u0438\u0438 - Zemnieku Saimniec\u012bba &quot;B\u0113rzi\u0146i&quot;\",\"isPartOf\":{\"@id\":\"https:\/\/berzini.lv\/#website\"},\"datePublished\":\"2016-06-09T10:49:32+00:00\",\"dateModified\":\"2016-06-09T10:49:32+00:00\",\"breadcrumb\":{\"@id\":\"https:\/\/berzini.lv\/bare-root-perennials-from-holland\/#breadcrumb\"},\"inLanguage\":\"ru-RU\",\"potentialAction\":[{\"@type\":\"ReadAction\",\"target\":[\"https:\/\/berzini.lv\/bare-root-perennials-from-holland\/\"]}]},{\"@type\":\"BreadcrumbList\",\"@id\":\"https:\/\/berzini.lv\/bare-root-perennials-from-holland\/#breadcrumb\",\"itemListElement\":[{\"@type\":\"ListItem\",\"position\":1,\"name\":\"Home\",\"item\":\"https:\/\/berzini.lv\/ru\/\"},{\"@type\":\"ListItem\",\"position\":2,\"name\":\"\u041c\u043d\u043e\u0433\u043e\u043b\u0435\u0442\u043d\u0438\u043a\u0438 \u0441 \u043e\u0442\u043a\u0440\u044b\u0442\u044b\u043c \u043a\u043e\u0440\u043d\u0435\u043c \u0438\u0437 \u0413\u043e\u043b\u043b\u0430\u043d\u0434\u0438\u0438\"}]},{\"@type\":\"WebSite\",\"@id\":\"https:\/\/berzini.lv\/#website\",\"url\":\"https:\/\/berzini.lv\/\",\"name\":\"Zemnieku Saimniec\u012bba &quot;B\u0113rzi\u0146i&quot;\",\"description\":\"ee\",\"potentialAction\":[{\"@type\":\"SearchAction\",\"target\":{\"@type\":\"EntryPoint\",\"urlTemplate\":\"https:\/\/berzini.lv\/?s={search_term_string}\"},\"query-input\":{\"@type\":\"PropertyValueSpecification\",\"valueRequired\":true,\"valueName\":\"search_term_string\"}}],\"inLanguage\":\"ru-RU\"}]}<\/script>\n<!-- \/ Yoast SEO plugin. -->","yoast_head_json":{"title":"\u041c\u043d\u043e\u0433\u043e\u043b\u0435\u0442\u043d\u0438\u043a\u0438 \u0441 \u043e\u0442\u043a\u0440\u044b\u0442\u044b\u043c \u043a\u043e\u0440\u043d\u0435\u043c \u0438\u0437 \u0413\u043e\u043b\u043b\u0430\u043d\u0434\u0438\u0438 - Zemnieku Saimniec\u012bba &quot;B\u0113rzi\u0146i&quot;","robots":{"index":"index","follow":"follow","max-snippet":"max-snippet:-1","max-image-preview":"max-image-preview:large","max-video-preview":"max-video-preview:-1"},"canonical":"https:\/\/berzini.lv\/bare-root-perennials-from-holland\/","og_locale":"ru_RU","og_type":"article","og_title":"\u041c\u043d\u043e\u0433\u043e\u043b\u0435\u0442\u043d\u0438\u043a\u0438 \u0441 \u043e\u0442\u043a\u0440\u044b\u0442\u044b\u043c \u043a\u043e\u0440\u043d\u0435\u043c \u0438\u0437 \u0413\u043e\u043b\u043b\u0430\u043d\u0434\u0438\u0438 - Zemnieku Saimniec\u012bba &quot;B\u0113rzi\u0146i&quot;","og_description":"\u0424\u0438\u0440\u043c\u0430 \u0412\u0435\u0440\u0448\u0443\u0443\u0440\u0430 \u043f\u0440\u0435\u0434\u043b\u0430\u0433\u0430\u044e\u0442 \u0431\u043e\u043b\u0435\u0435 2500 \u0440\u0430\u0437\u043b\u0438\u0447\u043d\u044b\u0445 \u043c\u043d\u043e\u0433\u043e\u043b\u0435\u0442\u043d\u0438\u043a\u043e\u0432 \u0441 \u043e\u0442\u043a\u0440\u0438\u0442\u044b\u043c \u043a\u043e\u0440\u043d\u0435\u043c. \u0411\u043e\u043b\u044c\u0448\u0438\u043d\u0441\u0442\u0432\u043e \u0438\u0437 \u043d\u0438\u0445 \u0432\u044b\u0440\u0430\u0441\u0449\u0435\u043d\u044b \u0432 \u0431\u043e\u043b\u0435\u0435 \u0447\u0435\u043c \u0441\u0442\u0430 \u0444\u0435\u0440\u043c \u043f\u0430\u0440\u0442\u043d\u0435\u0440\u043e\u043c \u0432 \u0413\u043e\u043b\u043b\u0430\u043d\u0434\u0438\u0438, \u043d\u043e \u0435\u0441\u0442\u044c \u0441\u0430\u0436\u0435\u043d\u0446\u044b, \u043a\u043e\u0442\u043e\u0440\u044b\u0435 \u043f\u0440\u0438\u0441\u043b\u0430\u043d\u044b \u0441\u043e \u0421\u0428\u0410 \u0438 \u041a\u0438\u0442\u0430\u044f. \u041d\u0435 \u0432\u0441\u0435 \u0440\u0430\u0441\u0442\u0435\u043d\u0438\u044f, \u043a\u043e\u0442\u043e\u0440\u044b\u0435 \u043d\u0430\u0445\u043e\u0434\u044f\u0442\u0441\u044f \u0432 \u044d\u0442\u043e\u043c \u043f\u0440\u0435\u0434\u043b\u043e\u0436\u0435\u043d\u0438\u0438, \u043c\u043e\u0433\u0443\u0442 \u0431\u044b\u0442\u044c \u043f\u0440\u0438\u043c\u0435\u043d\u0435\u043d\u044b \u0432 \u041b\u0430\u0442\u0432\u0438\u0438 \u0438 \u0441\u0435\u0432\u0435\u0440\u043d\u0435\u0435 \u0438\u0437 \u0437\u0430 \u043d\u0435\u043f\u043e\u0434\u0445\u043e\u0434\u044f\u0449\u0435\u0433\u043e \u043a\u043b\u0438\u043c\u0430\u0442\u0430. \u0417\u0430\u043a\u0430\u0437\u044b\u0432\u0430\u044f \u0440\u0430\u0441\u0442\u0435\u043d\u0438\u044f, \u043d\u0435\u043e\u0431\u0445\u043e\u0434\u0438\u043c\u043e \u043e\u0446\u0435\u043d\u0438\u0442\u044c \u0438\u0445&hellip;","og_url":"https:\/\/berzini.lv\/bare-root-perennials-from-holland\/","og_site_name":"Zemnieku Saimniec\u012bba &quot;B\u0113rzi\u0146i&quot;","twitter_card":"summary_large_image","schema":{"@context":"https:\/\/schema.org","@graph":[{"@type":"WebPage","@id":"https:\/\/berzini.lv\/bare-root-perennials-from-holland\/","url":"https:\/\/berzini.lv\/bare-root-perennials-from-holland\/","name":"\u041c\u043d\u043e\u0433\u043e\u043b\u0435\u0442\u043d\u0438\u043a\u0438 \u0441 \u043e\u0442\u043a\u0440\u044b\u0442\u044b\u043c \u043a\u043e\u0440\u043d\u0435\u043c \u0438\u0437 \u0413\u043e\u043b\u043b\u0430\u043d\u0434\u0438\u0438 - Zemnieku Saimniec\u012bba &quot;B\u0113rzi\u0146i&quot;","isPartOf":{"@id":"https:\/\/berzini.lv\/#website"},"datePublished":"2016-06-09T10:49:32+00:00","dateModified":"2016-06-09T10:49:32+00:00","breadcrumb":{"@id":"https:\/\/berzini.lv\/bare-root-perennials-from-holland\/#breadcrumb"},"inLanguage":"ru-RU","potentialAction":[{"@type":"ReadAction","target":["https:\/\/berzini.lv\/bare-root-perennials-from-holland\/"]}]},{"@type":"BreadcrumbList","@id":"https:\/\/berzini.lv\/bare-root-perennials-from-holland\/#breadcrumb","itemListElement":[{"@type":"ListItem","position":1,"name":"Home","item":"https:\/\/berzini.lv\/ru\/"},{"@type":"ListItem","position":2,"name":"\u041c\u043d\u043e\u0433\u043e\u043b\u0435\u0442\u043d\u0438\u043a\u0438 \u0441 \u043e\u0442\u043a\u0440\u044b\u0442\u044b\u043c \u043a\u043e\u0440\u043d\u0435\u043c \u0438\u0437 \u0413\u043e\u043b\u043b\u0430\u043d\u0434\u0438\u0438"}]},{"@type":"WebSite","@id":"https:\/\/berzini.lv\/#website","url":"https:\/\/berzini.lv\/","name":"Zemnieku Saimniec\u012bba &quot;B\u0113rzi\u0146i&quot;","description":"ee","potentialAction":[{"@type":"SearchAction","target":{"@type":"EntryPoint","urlTemplate":"https:\/\/berzini.lv\/?s={search_term_string}"},"query-input":{"@type":"PropertyValueSpecification","valueRequired":true,"valueName":"search_term_string"}}],"inLanguage":"ru-RU"}]}},"_links":{"self":[{"href":"https:\/\/berzini.lv\/ru\/wp-json\/wp\/v2\/pages\/767","targetHints":{"allow":["GET"]}}],"collection":[{"href":"https:\/\/berzini.lv\/ru\/wp-json\/wp\/v2\/pages"}],"about":[{"href":"https:\/\/berzini.lv\/ru\/wp-json\/wp\/v2\/types\/page"}],"author":[{"embeddable":true,"href":"https:\/\/berzini.lv\/ru\/wp-json\/wp\/v2\/users\/1"}],"replies":[{"embeddable":true,"href":"https:\/\/berzini.lv\/ru\/wp-json\/wp\/v2\/comments?post=767"}],"version-history":[{"count":1,"href":"https:\/\/berzini.lv\/ru\/wp-json\/wp\/v2\/pages\/767\/revisions"}],"predecessor-version":[{"id":768,"href":"https:\/\/berzini.lv\/ru\/wp-json\/wp\/v2\/pages\/767\/revisions\/768"}],"wp:attachment":[{"href":"https:\/\/berzini.lv\/ru\/wp-json\/wp\/v2\/media?parent=767"}],"curies":[{"name":"wp","href":"https:\/\/api.w.org\/{rel}","templated":true}]}}