{"id":762,"date":"2016-06-09T10:45:13","date_gmt":"2016-06-09T10:45:13","guid":{"rendered":"https:\/\/berzini.lv\/ru\/?page_id=762"},"modified":"2020-07-15T19:22:39","modified_gmt":"2020-07-15T19:22:39","slug":"jub-%d0%bb%d1%83%d0%ba%d0%be%d0%b2%d0%b8%d1%86%d1%8b","status":"publish","type":"page","link":"https:\/\/berzini.lv\/ru\/jub-%d0%bb%d1%83%d0%ba%d0%be%d0%b2%d0%b8%d1%86%d1%8b\/","title":{"rendered":"JUB \u043b\u0443\u043a\u043e\u0432\u0438\u0446\u044b"},"content":{"rendered":"<h2>JUB \u043b\u0443\u043a\u043e\u0432\u0438\u0446\u044b, \u043a\u043b\u0443\u0431\u043d\u0435\u0432\u044b\u0435 \u0438 \u043a\u043e\u0440\u043d\u0435\u0432\u0438\u0449\u0430<\/h2>\n<p>\u041e\u0441\u043d\u043e\u0432\u043d\u044b\u043c \u043f\u0440\u043e\u0434\u0443\u043a\u0442\u043e\u043c JUB \u044f\u0432\u043b\u044f\u0435\u0442\u0441\u044f \u0446\u0432\u0435\u0442\u043e\u0447\u043d\u044b\u0435 \u043b\u0443\u043a\u043e\u0432\u0438\u0446\u044b, \u043a\u043e\u0440\u043d\u0435\u0432\u0438\u0449\u0430 \u0438 \u043a\u043b\u0443\u0431\u043d\u0438. \u0412 \u0430\u0441\u0441\u043e\u0440\u0442\u0438\u043c\u0435\u043d\u0442\u0435 \u0435\u0441\u0442\u044c \u043d\u0435\u043c\u043d\u043e\u0433\u043e \u0438 \u0434\u0440\u0443\u0433\u0438\u0435 \u043c\u043d\u043e\u0433\u043e\u043b\u0435\u0442\u043d\u0438\u043a\u0438 &#8212; \u0442\u0435, \u0443 \u043a\u043e\u0442\u043e\u0440\u044b\u0445 \u043c\u044f\u0441\u0438\u0441\u0442\u044b\u0435 \u043a\u043e\u0440\u043d\u0438 \u0438 \u043a\u043e\u0440\u043d\u0435\u0432\u0438\u0449\u0430 \u0438\u043c\u0435\u044e\u0442 \u043a\u0440\u0443\u043f\u043d\u044b\u0435 \u0437\u0430\u043f\u0430\u0441\u044b \u0438 \u043a\u043e\u0442\u043e\u0440\u044b\u0435 \u043c\u043e\u0436\u0435\u0442 \u043f\u043e \u0434\u043e\u043b\u044c\u0448\u0435 \u043b\u0435\u0436\u0430\u0442\u044c \u0432 \u043c\u0430\u0433\u0430\u0437\u0438\u043d\u0430\u0445, \u043d\u0430\u0445\u043e\u0434\u044f\u0441 \u0432 \u0443\u043f\u0430\u043a\u043e\u0432\u043a\u0435.<br \/>\n\u0412\u0435\u0441\u043d\u043e\u0439 \u0441\u0430\u0436\u0430\u0435\u043c\u044b\u0435 \u0440\u0430\u0441\u0442\u0435\u043d\u0438\u044f \u043c\u043e\u0436\u043d\u043e \u0437\u0430\u043a\u0430\u0437\u0430\u0442\u044c \u0434\u043e 20. \u044f\u043d\u0432\u0430\u0440\u044f, \u0434\u043e\u0441\u0442\u0430\u0432\u043a\u0430 \u0438\u0445 \u0432 \u041b\u0430\u0442\u0432\u0438\u0438 \u043e\u0441\u0443\u0449\u0435\u0441\u0442\u0432\u043b\u044f\u0435\u0442\u0441\u044f \u0432 \u043a\u043e\u043d\u0446\u0435 \u0444\u0435\u0432\u0440\u0430\u043b\u044f &#8212; \u043d\u0430\u0447\u0430\u043b\u0435 \u043c\u0430\u0440\u0442\u0430. \u0412 \u0441\u0432\u043e\u044e \u043e\u0447\u0435\u0440\u0435\u0434\u044c, \u043e\u0441\u0435\u043d\u044c\u044e \u0441\u0430\u0436\u0430\u0435\u043c\u0438\u0435 \u0440\u0430\u0441\u0442\u0435\u043d\u0438\u044f \u043c\u043e\u0436\u043d\u043e \u0437\u0430\u043a\u0430\u0437\u0430\u0442\u044c \u0434\u043e 20. \u0438\u044e\u043b\u044f, \u043d\u043e \u0432 \u041b\u0430\u0442\u0432\u0438\u0438 \u044d\u0442\u0438 \u0431\u0443\u0434\u0435\u0442 \u0432 \u043a\u043e\u043d\u0446\u0435 \u0430\u0432\u0433\u0443\u0441\u0442\u0430 &#8212; \u043d\u0430\u0447\u0430\u043b\u0435 \u0441\u0435\u043d\u0442\u044f\u0431\u0440\u044f. \u041f\u0440\u0435\u0434\u044b\u0434\u0443\u0449\u0438\u0439 \u0441\u043f\u0438\u0441\u043e\u043a \u043c\u043e\u0436\u043d\u043e \u043d\u0430\u0439\u0442\u0438 \u043d\u0438\u0436\u0435.<\/p>\n<p>&nbsp;<\/p>\n","protected":false},"excerpt":{"rendered":"<p>JUB \u043b\u0443\u043a\u043e\u0432\u0438\u0446\u044b, \u043a\u043b\u0443\u0431\u043d\u0435\u0432\u044b\u0435 \u0438 \u043a\u043e\u0440\u043d\u0435\u0432\u0438\u0449\u0430 \u041e\u0441\u043d\u043e\u0432\u043d\u044b\u043c \u043f\u0440\u043e\u0434\u0443\u043a\u0442\u043e\u043c JUB \u044f\u0432\u043b\u044f\u0435\u0442\u0441\u044f \u0446\u0432\u0435\u0442\u043e\u0447\u043d\u044b\u0435 \u043b\u0443\u043a\u043e\u0432\u0438\u0446\u044b, \u043a\u043e\u0440\u043d\u0435\u0432\u0438\u0449\u0430 \u0438 \u043a\u043b\u0443\u0431\u043d\u0438. \u0412 \u0430\u0441\u0441\u043e\u0440\u0442\u0438\u043c\u0435\u043d\u0442\u0435 \u0435\u0441\u0442\u044c \u043d\u0435\u043c\u043d\u043e\u0433\u043e \u0438 \u0434\u0440\u0443\u0433\u0438\u0435 \u043c\u043d\u043e\u0433\u043e\u043b\u0435\u0442\u043d\u0438\u043a\u0438 &#8212; \u0442\u0435, \u0443 \u043a\u043e\u0442\u043e\u0440\u044b\u0445 \u043c\u044f\u0441\u0438\u0441\u0442\u044b\u0435 \u043a\u043e\u0440\u043d\u0438 \u0438 \u043a\u043e\u0440\u043d\u0435\u0432\u0438\u0449\u0430 \u0438\u043c\u0435\u044e\u0442 \u043a\u0440\u0443\u043f\u043d\u044b\u0435 \u0437\u0430\u043f\u0430\u0441\u044b \u0438 \u043a\u043e\u0442\u043e\u0440\u044b\u0435 \u043c\u043e\u0436\u0435\u0442 \u043f\u043e \u0434\u043e\u043b\u044c\u0448\u0435 \u043b\u0435\u0436\u0430\u0442\u044c \u0432 \u043c\u0430\u0433\u0430\u0437\u0438\u043d\u0430\u0445, \u043d\u0430\u0445\u043e\u0434\u044f\u0441 \u0432 \u0443\u043f\u0430\u043a\u043e\u0432\u043a\u0435. \u0412\u0435\u0441\u043d\u043e\u0439 \u0441\u0430\u0436\u0430\u0435\u043c\u044b\u0435 \u0440\u0430\u0441\u0442\u0435\u043d\u0438\u044f \u043c\u043e\u0436\u043d\u043e \u0437\u0430\u043a\u0430\u0437\u0430\u0442\u044c \u0434\u043e 20. \u044f\u043d\u0432\u0430\u0440\u044f, \u0434\u043e\u0441\u0442\u0430\u0432\u043a\u0430 \u0438\u0445 \u0432 \u041b\u0430\u0442\u0432\u0438\u0438&hellip;<\/p>\n","protected":false},"author":1,"featured_media":0,"parent":0,"menu_order":0,"comment_status":"closed","ping_status":"closed","template":"","meta":{"ngg_post_thumbnail":0,"footnotes":""},"class_list":["post-762","page","type-page","status-publish","hentry"],"yoast_head":"<!-- This site is optimized with the Yoast SEO plugin v24.1 - https:\/\/yoast.com\/wordpress\/plugins\/seo\/ -->\n<title>JUB \u043b\u0443\u043a\u043e\u0432\u0438\u0446\u044b - Zemnieku Saimniec\u012bba &quot;B\u0113rzi\u0146i&quot;<\/title>\n<meta name=\"robots\" content=\"index, follow, max-snippet:-1, max-image-preview:large, max-video-preview:-1\" \/>\n<link rel=\"canonical\" href=\"https:\/\/berzini.lv\/ru\/jub-\u043b\u0443\u043a\u043e\u0432\u0438\u0446\u044b\/\" \/>\n<meta property=\"og:locale\" content=\"ru_RU\" \/>\n<meta property=\"og:type\" content=\"article\" \/>\n<meta property=\"og:title\" content=\"JUB \u043b\u0443\u043a\u043e\u0432\u0438\u0446\u044b - Zemnieku Saimniec\u012bba &quot;B\u0113rzi\u0146i&quot;\" \/>\n<meta property=\"og:description\" content=\"JUB \u043b\u0443\u043a\u043e\u0432\u0438\u0446\u044b, \u043a\u043b\u0443\u0431\u043d\u0435\u0432\u044b\u0435 \u0438 \u043a\u043e\u0440\u043d\u0435\u0432\u0438\u0449\u0430 \u041e\u0441\u043d\u043e\u0432\u043d\u044b\u043c \u043f\u0440\u043e\u0434\u0443\u043a\u0442\u043e\u043c JUB \u044f\u0432\u043b\u044f\u0435\u0442\u0441\u044f \u0446\u0432\u0435\u0442\u043e\u0447\u043d\u044b\u0435 \u043b\u0443\u043a\u043e\u0432\u0438\u0446\u044b, \u043a\u043e\u0440\u043d\u0435\u0432\u0438\u0449\u0430 \u0438 \u043a\u043b\u0443\u0431\u043d\u0438. \u0412 \u0430\u0441\u0441\u043e\u0440\u0442\u0438\u043c\u0435\u043d\u0442\u0435 \u0435\u0441\u0442\u044c \u043d\u0435\u043c\u043d\u043e\u0433\u043e \u0438 \u0434\u0440\u0443\u0433\u0438\u0435 \u043c\u043d\u043e\u0433\u043e\u043b\u0435\u0442\u043d\u0438\u043a\u0438 &#8212; \u0442\u0435, \u0443 \u043a\u043e\u0442\u043e\u0440\u044b\u0445 \u043c\u044f\u0441\u0438\u0441\u0442\u044b\u0435 \u043a\u043e\u0440\u043d\u0438 \u0438 \u043a\u043e\u0440\u043d\u0435\u0432\u0438\u0449\u0430 \u0438\u043c\u0435\u044e\u0442 \u043a\u0440\u0443\u043f\u043d\u044b\u0435 \u0437\u0430\u043f\u0430\u0441\u044b \u0438 \u043a\u043e\u0442\u043e\u0440\u044b\u0435 \u043c\u043e\u0436\u0435\u0442 \u043f\u043e \u0434\u043e\u043b\u044c\u0448\u0435 \u043b\u0435\u0436\u0430\u0442\u044c \u0432 \u043c\u0430\u0433\u0430\u0437\u0438\u043d\u0430\u0445, \u043d\u0430\u0445\u043e\u0434\u044f\u0441 \u0432 \u0443\u043f\u0430\u043a\u043e\u0432\u043a\u0435. \u0412\u0435\u0441\u043d\u043e\u0439 \u0441\u0430\u0436\u0430\u0435\u043c\u044b\u0435 \u0440\u0430\u0441\u0442\u0435\u043d\u0438\u044f \u043c\u043e\u0436\u043d\u043e \u0437\u0430\u043a\u0430\u0437\u0430\u0442\u044c \u0434\u043e 20. \u044f\u043d\u0432\u0430\u0440\u044f, \u0434\u043e\u0441\u0442\u0430\u0432\u043a\u0430 \u0438\u0445 \u0432 \u041b\u0430\u0442\u0432\u0438\u0438&hellip;\" \/>\n<meta property=\"og:url\" content=\"https:\/\/berzini.lv\/ru\/jub-\u043b\u0443\u043a\u043e\u0432\u0438\u0446\u044b\/\" \/>\n<meta property=\"og:site_name\" content=\"Zemnieku Saimniec\u012bba &quot;B\u0113rzi\u0146i&quot;\" \/>\n<meta property=\"article:modified_time\" content=\"2020-07-15T19:22:39+00:00\" \/>\n<meta name=\"twitter:card\" content=\"summary_large_image\" \/>\n<script type=\"application\/ld+json\" class=\"yoast-schema-graph\">{\"@context\":\"https:\/\/schema.org\",\"@graph\":[{\"@type\":\"WebPage\",\"@id\":\"https:\/\/berzini.lv\/ru\/jub-%d0%bb%d1%83%d0%ba%d0%be%d0%b2%d0%b8%d1%86%d1%8b\/\",\"url\":\"https:\/\/berzini.lv\/ru\/jub-%d0%bb%d1%83%d0%ba%d0%be%d0%b2%d0%b8%d1%86%d1%8b\/\",\"name\":\"JUB \u043b\u0443\u043a\u043e\u0432\u0438\u0446\u044b - Zemnieku Saimniec\u012bba &quot;B\u0113rzi\u0146i&quot;\",\"isPartOf\":{\"@id\":\"https:\/\/berzini.lv\/#website\"},\"datePublished\":\"2016-06-09T10:45:13+00:00\",\"dateModified\":\"2020-07-15T19:22:39+00:00\",\"breadcrumb\":{\"@id\":\"https:\/\/berzini.lv\/ru\/jub-%d0%bb%d1%83%d0%ba%d0%be%d0%b2%d0%b8%d1%86%d1%8b\/#breadcrumb\"},\"inLanguage\":\"ru-RU\",\"potentialAction\":[{\"@type\":\"ReadAction\",\"target\":[\"https:\/\/berzini.lv\/ru\/jub-%d0%bb%d1%83%d0%ba%d0%be%d0%b2%d0%b8%d1%86%d1%8b\/\"]}]},{\"@type\":\"BreadcrumbList\",\"@id\":\"https:\/\/berzini.lv\/ru\/jub-%d0%bb%d1%83%d0%ba%d0%be%d0%b2%d0%b8%d1%86%d1%8b\/#breadcrumb\",\"itemListElement\":[{\"@type\":\"ListItem\",\"position\":1,\"name\":\"Home\",\"item\":\"https:\/\/berzini.lv\/ru\/\"},{\"@type\":\"ListItem\",\"position\":2,\"name\":\"JUB \u043b\u0443\u043a\u043e\u0432\u0438\u0446\u044b\"}]},{\"@type\":\"WebSite\",\"@id\":\"https:\/\/berzini.lv\/#website\",\"url\":\"https:\/\/berzini.lv\/\",\"name\":\"Zemnieku Saimniec\u012bba &quot;B\u0113rzi\u0146i&quot;\",\"description\":\"ee\",\"potentialAction\":[{\"@type\":\"SearchAction\",\"target\":{\"@type\":\"EntryPoint\",\"urlTemplate\":\"https:\/\/berzini.lv\/?s={search_term_string}\"},\"query-input\":{\"@type\":\"PropertyValueSpecification\",\"valueRequired\":true,\"valueName\":\"search_term_string\"}}],\"inLanguage\":\"ru-RU\"}]}<\/script>\n<!-- \/ Yoast SEO plugin. -->","yoast_head_json":{"title":"JUB \u043b\u0443\u043a\u043e\u0432\u0438\u0446\u044b - Zemnieku Saimniec\u012bba &quot;B\u0113rzi\u0146i&quot;","robots":{"index":"index","follow":"follow","max-snippet":"max-snippet:-1","max-image-preview":"max-image-preview:large","max-video-preview":"max-video-preview:-1"},"canonical":"https:\/\/berzini.lv\/ru\/jub-\u043b\u0443\u043a\u043e\u0432\u0438\u0446\u044b\/","og_locale":"ru_RU","og_type":"article","og_title":"JUB \u043b\u0443\u043a\u043e\u0432\u0438\u0446\u044b - Zemnieku Saimniec\u012bba &quot;B\u0113rzi\u0146i&quot;","og_description":"JUB \u043b\u0443\u043a\u043e\u0432\u0438\u0446\u044b, \u043a\u043b\u0443\u0431\u043d\u0435\u0432\u044b\u0435 \u0438 \u043a\u043e\u0440\u043d\u0435\u0432\u0438\u0449\u0430 \u041e\u0441\u043d\u043e\u0432\u043d\u044b\u043c \u043f\u0440\u043e\u0434\u0443\u043a\u0442\u043e\u043c JUB \u044f\u0432\u043b\u044f\u0435\u0442\u0441\u044f \u0446\u0432\u0435\u0442\u043e\u0447\u043d\u044b\u0435 \u043b\u0443\u043a\u043e\u0432\u0438\u0446\u044b, \u043a\u043e\u0440\u043d\u0435\u0432\u0438\u0449\u0430 \u0438 \u043a\u043b\u0443\u0431\u043d\u0438. \u0412 \u0430\u0441\u0441\u043e\u0440\u0442\u0438\u043c\u0435\u043d\u0442\u0435 \u0435\u0441\u0442\u044c \u043d\u0435\u043c\u043d\u043e\u0433\u043e \u0438 \u0434\u0440\u0443\u0433\u0438\u0435 \u043c\u043d\u043e\u0433\u043e\u043b\u0435\u0442\u043d\u0438\u043a\u0438 &#8212; \u0442\u0435, \u0443 \u043a\u043e\u0442\u043e\u0440\u044b\u0445 \u043c\u044f\u0441\u0438\u0441\u0442\u044b\u0435 \u043a\u043e\u0440\u043d\u0438 \u0438 \u043a\u043e\u0440\u043d\u0435\u0432\u0438\u0449\u0430 \u0438\u043c\u0435\u044e\u0442 \u043a\u0440\u0443\u043f\u043d\u044b\u0435 \u0437\u0430\u043f\u0430\u0441\u044b \u0438 \u043a\u043e\u0442\u043e\u0440\u044b\u0435 \u043c\u043e\u0436\u0435\u0442 \u043f\u043e \u0434\u043e\u043b\u044c\u0448\u0435 \u043b\u0435\u0436\u0430\u0442\u044c \u0432 \u043c\u0430\u0433\u0430\u0437\u0438\u043d\u0430\u0445, \u043d\u0430\u0445\u043e\u0434\u044f\u0441 \u0432 \u0443\u043f\u0430\u043a\u043e\u0432\u043a\u0435. \u0412\u0435\u0441\u043d\u043e\u0439 \u0441\u0430\u0436\u0430\u0435\u043c\u044b\u0435 \u0440\u0430\u0441\u0442\u0435\u043d\u0438\u044f \u043c\u043e\u0436\u043d\u043e \u0437\u0430\u043a\u0430\u0437\u0430\u0442\u044c \u0434\u043e 20. \u044f\u043d\u0432\u0430\u0440\u044f, \u0434\u043e\u0441\u0442\u0430\u0432\u043a\u0430 \u0438\u0445 \u0432 \u041b\u0430\u0442\u0432\u0438\u0438&hellip;","og_url":"https:\/\/berzini.lv\/ru\/jub-\u043b\u0443\u043a\u043e\u0432\u0438\u0446\u044b\/","og_site_name":"Zemnieku Saimniec\u012bba &quot;B\u0113rzi\u0146i&quot;","article_modified_time":"2020-07-15T19:22:39+00:00","twitter_card":"summary_large_image","schema":{"@context":"https:\/\/schema.org","@graph":[{"@type":"WebPage","@id":"https:\/\/berzini.lv\/ru\/jub-%d0%bb%d1%83%d0%ba%d0%be%d0%b2%d0%b8%d1%86%d1%8b\/","url":"https:\/\/berzini.lv\/ru\/jub-%d0%bb%d1%83%d0%ba%d0%be%d0%b2%d0%b8%d1%86%d1%8b\/","name":"JUB \u043b\u0443\u043a\u043e\u0432\u0438\u0446\u044b - Zemnieku Saimniec\u012bba &quot;B\u0113rzi\u0146i&quot;","isPartOf":{"@id":"https:\/\/berzini.lv\/#website"},"datePublished":"2016-06-09T10:45:13+00:00","dateModified":"2020-07-15T19:22:39+00:00","breadcrumb":{"@id":"https:\/\/berzini.lv\/ru\/jub-%d0%bb%d1%83%d0%ba%d0%be%d0%b2%d0%b8%d1%86%d1%8b\/#breadcrumb"},"inLanguage":"ru-RU","potentialAction":[{"@type":"ReadAction","target":["https:\/\/berzini.lv\/ru\/jub-%d0%bb%d1%83%d0%ba%d0%be%d0%b2%d0%b8%d1%86%d1%8b\/"]}]},{"@type":"BreadcrumbList","@id":"https:\/\/berzini.lv\/ru\/jub-%d0%bb%d1%83%d0%ba%d0%be%d0%b2%d0%b8%d1%86%d1%8b\/#breadcrumb","itemListElement":[{"@type":"ListItem","position":1,"name":"Home","item":"https:\/\/berzini.lv\/ru\/"},{"@type":"ListItem","position":2,"name":"JUB \u043b\u0443\u043a\u043e\u0432\u0438\u0446\u044b"}]},{"@type":"WebSite","@id":"https:\/\/berzini.lv\/#website","url":"https:\/\/berzini.lv\/","name":"Zemnieku Saimniec\u012bba &quot;B\u0113rzi\u0146i&quot;","description":"ee","potentialAction":[{"@type":"SearchAction","target":{"@type":"EntryPoint","urlTemplate":"https:\/\/berzini.lv\/?s={search_term_string}"},"query-input":{"@type":"PropertyValueSpecification","valueRequired":true,"valueName":"search_term_string"}}],"inLanguage":"ru-RU"}]}},"_links":{"self":[{"href":"https:\/\/berzini.lv\/ru\/wp-json\/wp\/v2\/pages\/762","targetHints":{"allow":["GET"]}}],"collection":[{"href":"https:\/\/berzini.lv\/ru\/wp-json\/wp\/v2\/pages"}],"about":[{"href":"https:\/\/berzini.lv\/ru\/wp-json\/wp\/v2\/types\/page"}],"author":[{"embeddable":true,"href":"https:\/\/berzini.lv\/ru\/wp-json\/wp\/v2\/users\/1"}],"replies":[{"embeddable":true,"href":"https:\/\/berzini.lv\/ru\/wp-json\/wp\/v2\/comments?post=762"}],"version-history":[{"count":3,"href":"https:\/\/berzini.lv\/ru\/wp-json\/wp\/v2\/pages\/762\/revisions"}],"predecessor-version":[{"id":5179,"href":"https:\/\/berzini.lv\/ru\/wp-json\/wp\/v2\/pages\/762\/revisions\/5179"}],"wp:attachment":[{"href":"https:\/\/berzini.lv\/ru\/wp-json\/wp\/v2\/media?parent=762"}],"curies":[{"name":"wp","href":"https:\/\/api.w.org\/{rel}","templated":true}]}}