{"id":740,"date":"2016-06-09T10:37:26","date_gmt":"2016-06-09T10:37:26","guid":{"rendered":"https:\/\/berzini.lv\/ru\/?page_id=740"},"modified":"2018-01-23T11:38:04","modified_gmt":"2018-01-23T11:38:04","slug":"%d0%ba%d0%be%d0%bd%d1%82%d0%b0%d0%ba%d1%82%d1%8b","status":"publish","type":"page","link":"https:\/\/berzini.lv\/ru\/%d0%ba%d0%be%d0%bd%d1%82%d0%b0%d0%ba%d1%82%d1%8b\/","title":{"rendered":"\u041a\u043e\u043d\u0442\u0430\u043a\u0442\u044b"},"content":{"rendered":"<div class=\"row\">\n<div class=\"col-md-6\">\n<p>\u044d\u043b\u0435\u043a\u0442\u0440\u043e\u043d\u043d\u0430\u044f \u043f\u043e\u0447\u0442\u0430: berzini@berzini.lv<br \/>\n+371 29506611 &#8212; Iveta &#8212; \u0432\u0441\u0435 \u0446\u0432\u0435\u0442\u044b<br \/>\n+371 29430098 &#8212; Gunta &#8212; \u0417\u0438\u043c\u043e\u0441\u0442\u043e\u0439\u043a\u0438\u0435 \u0440\u0430\u0441\u0442\u0435\u043d\u0438\u044f<br \/>\n+371 26012280 &#8212; Didzis &#8212; \u0432\u0441\u0435 \u0432\u043e\u043f\u0440\u043e\u0441\u044b, \u0434\u043e\u0433\u043e\u0432\u043e\u0440\u0430<br \/>\n+371 29501519 &#8212; Imants &#8212; \u043e\u0431\u0449\u0438\u0435 \u0432\u043e\u043f\u0440\u043e\u0441\u044b<\/p>\n<p><img loading=\"lazy\" decoding=\"async\" src=\"https:\/\/berzini.lv\/wp-content\/uploads\/2016\/06\/karte_small-300x170.jpg\" alt=\"\" width=\"448\" height=\"254\" class=\"aligncenter size-medium wp-image-3796\" srcset=\"https:\/\/berzini.lv\/wp-content\/uploads\/2016\/06\/karte_small-300x170.jpg 300w, https:\/\/berzini.lv\/wp-content\/uploads\/2016\/06\/karte_small.jpg 448w\" sizes=\"auto, (max-width: 448px) 100vw, 448px\" \/><\/p>\n<\/div>\n<p><iframe loading=\"lazy\" src=\"https:\/\/www.google.com\/maps\/embed?pb=!1m18!1m12!1m3!1d2149.6652070070154!2d21.85349161630743!3d57.39884668102551!2m3!1f0!2f0!3f0!3m2!1i1024!2i768!4f13.1!3m3!1m2!1s0x46f1da92680189df%3A0xa801876a2417d29d!2sLiepu+iela+4%2C+Pope%2C+Popes+pagasts%2C+LV-3614!5e0!3m2!1sen!2slv!4v1516706949953\" width=\"600\" height=\"450\" frameborder=\"0\" style=\"border:0\" allowfullscreen><\/iframe>\n<\/div>\n","protected":false},"excerpt":{"rendered":"<p>\u044d\u043b\u0435\u043a\u0442\u0440\u043e\u043d\u043d\u0430\u044f \u043f\u043e\u0447\u0442\u0430: berzini@berzini.lv +371 29506611 &#8212; Iveta &#8212; \u0432\u0441\u0435 \u0446\u0432\u0435\u0442\u044b +371 29430098 &#8212; Gunta &#8212; \u0417\u0438\u043c\u043e\u0441\u0442\u043e\u0439\u043a\u0438\u0435 \u0440\u0430\u0441\u0442\u0435\u043d\u0438\u044f +371 26012280 &#8212; Didzis &#8212; \u0432\u0441\u0435 \u0432\u043e\u043f\u0440\u043e\u0441\u044b, \u0434\u043e\u0433\u043e\u0432\u043e\u0440\u0430 +371 29501519 &#8212; Imants &#8212; \u043e\u0431\u0449\u0438\u0435 \u0432\u043e\u043f\u0440\u043e\u0441\u044b<\/p>\n","protected":false},"author":1,"featured_media":0,"parent":0,"menu_order":0,"comment_status":"closed","ping_status":"closed","template":"","meta":{"ngg_post_thumbnail":0,"footnotes":""},"class_list":["post-740","page","type-page","status-publish","hentry"],"yoast_head":"<!-- This site is optimized with the Yoast SEO plugin v24.1 - https:\/\/yoast.com\/wordpress\/plugins\/seo\/ -->\n<title>\u041a\u043e\u043d\u0442\u0430\u043a\u0442\u044b - Zemnieku Saimniec\u012bba &quot;B\u0113rzi\u0146i&quot;<\/title>\n<meta name=\"robots\" content=\"index, follow, max-snippet:-1, max-image-preview:large, max-video-preview:-1\" \/>\n<link rel=\"canonical\" href=\"https:\/\/berzini.lv\/kontakti\/\" \/>\n<meta property=\"og:locale\" content=\"ru_RU\" \/>\n<meta property=\"og:type\" content=\"article\" \/>\n<meta property=\"og:title\" content=\"\u041a\u043e\u043d\u0442\u0430\u043a\u0442\u044b - Zemnieku Saimniec\u012bba &quot;B\u0113rzi\u0146i&quot;\" \/>\n<meta property=\"og:description\" content=\"\u044d\u043b\u0435\u043a\u0442\u0440\u043e\u043d\u043d\u0430\u044f \u043f\u043e\u0447\u0442\u0430: berzini@berzini.lv +371 29506611 &#8212; Iveta &#8212; \u0432\u0441\u0435 \u0446\u0432\u0435\u0442\u044b +371 29430098 &#8212; Gunta &#8212; \u0417\u0438\u043c\u043e\u0441\u0442\u043e\u0439\u043a\u0438\u0435 \u0440\u0430\u0441\u0442\u0435\u043d\u0438\u044f +371 26012280 &#8212; Didzis &#8212; \u0432\u0441\u0435 \u0432\u043e\u043f\u0440\u043e\u0441\u044b, \u0434\u043e\u0433\u043e\u0432\u043e\u0440\u0430 +371 29501519 &#8212; Imants &#8212; \u043e\u0431\u0449\u0438\u0435 \u0432\u043e\u043f\u0440\u043e\u0441\u044b\" \/>\n<meta property=\"og:url\" content=\"https:\/\/berzini.lv\/kontakti\/\" \/>\n<meta property=\"og:site_name\" content=\"Zemnieku Saimniec\u012bba &quot;B\u0113rzi\u0146i&quot;\" \/>\n<meta property=\"article:modified_time\" content=\"2018-01-23T11:38:04+00:00\" \/>\n<meta property=\"og:image\" content=\"https:\/\/berzini.lv\/wp-content\/uploads\/2016\/06\/karte_small.jpg\" \/>\n\t<meta property=\"og:image:width\" content=\"448\" \/>\n\t<meta property=\"og:image:height\" content=\"254\" \/>\n\t<meta property=\"og:image:type\" content=\"image\/jpeg\" \/>\n<meta name=\"twitter:card\" content=\"summary_large_image\" \/>\n<script type=\"application\/ld+json\" class=\"yoast-schema-graph\">{\"@context\":\"https:\/\/schema.org\",\"@graph\":[{\"@type\":\"WebPage\",\"@id\":\"https:\/\/berzini.lv\/kontakti\/\",\"url\":\"https:\/\/berzini.lv\/kontakti\/\",\"name\":\"\u041a\u043e\u043d\u0442\u0430\u043a\u0442\u044b - Zemnieku Saimniec\u012bba &quot;B\u0113rzi\u0146i&quot;\",\"isPartOf\":{\"@id\":\"https:\/\/berzini.lv\/#website\"},\"primaryImageOfPage\":{\"@id\":\"https:\/\/berzini.lv\/kontakti\/#primaryimage\"},\"image\":{\"@id\":\"https:\/\/berzini.lv\/kontakti\/#primaryimage\"},\"thumbnailUrl\":\"https:\/\/berzini.lv\/wp-content\/uploads\/2016\/06\/karte_small-300x170.jpg\",\"datePublished\":\"2016-06-09T10:37:26+00:00\",\"dateModified\":\"2018-01-23T11:38:04+00:00\",\"breadcrumb\":{\"@id\":\"https:\/\/berzini.lv\/kontakti\/#breadcrumb\"},\"inLanguage\":\"ru-RU\",\"potentialAction\":[{\"@type\":\"ReadAction\",\"target\":[\"https:\/\/berzini.lv\/kontakti\/\"]}]},{\"@type\":\"ImageObject\",\"inLanguage\":\"ru-RU\",\"@id\":\"https:\/\/berzini.lv\/kontakti\/#primaryimage\",\"url\":\"https:\/\/berzini.lv\/wp-content\/uploads\/2016\/06\/karte_small-300x170.jpg\",\"contentUrl\":\"https:\/\/berzini.lv\/wp-content\/uploads\/2016\/06\/karte_small-300x170.jpg\"},{\"@type\":\"BreadcrumbList\",\"@id\":\"https:\/\/berzini.lv\/kontakti\/#breadcrumb\",\"itemListElement\":[{\"@type\":\"ListItem\",\"position\":1,\"name\":\"Home\",\"item\":\"https:\/\/berzini.lv\/ru\/\"},{\"@type\":\"ListItem\",\"position\":2,\"name\":\"\u041a\u043e\u043d\u0442\u0430\u043a\u0442\u044b\"}]},{\"@type\":\"WebSite\",\"@id\":\"https:\/\/berzini.lv\/#website\",\"url\":\"https:\/\/berzini.lv\/\",\"name\":\"Zemnieku Saimniec\u012bba &quot;B\u0113rzi\u0146i&quot;\",\"description\":\"ee\",\"potentialAction\":[{\"@type\":\"SearchAction\",\"target\":{\"@type\":\"EntryPoint\",\"urlTemplate\":\"https:\/\/berzini.lv\/?s={search_term_string}\"},\"query-input\":{\"@type\":\"PropertyValueSpecification\",\"valueRequired\":true,\"valueName\":\"search_term_string\"}}],\"inLanguage\":\"ru-RU\"}]}<\/script>\n<!-- \/ Yoast SEO plugin. -->","yoast_head_json":{"title":"\u041a\u043e\u043d\u0442\u0430\u043a\u0442\u044b - Zemnieku Saimniec\u012bba &quot;B\u0113rzi\u0146i&quot;","robots":{"index":"index","follow":"follow","max-snippet":"max-snippet:-1","max-image-preview":"max-image-preview:large","max-video-preview":"max-video-preview:-1"},"canonical":"https:\/\/berzini.lv\/kontakti\/","og_locale":"ru_RU","og_type":"article","og_title":"\u041a\u043e\u043d\u0442\u0430\u043a\u0442\u044b - Zemnieku Saimniec\u012bba &quot;B\u0113rzi\u0146i&quot;","og_description":"\u044d\u043b\u0435\u043a\u0442\u0440\u043e\u043d\u043d\u0430\u044f \u043f\u043e\u0447\u0442\u0430: berzini@berzini.lv +371 29506611 &#8212; Iveta &#8212; \u0432\u0441\u0435 \u0446\u0432\u0435\u0442\u044b +371 29430098 &#8212; Gunta &#8212; \u0417\u0438\u043c\u043e\u0441\u0442\u043e\u0439\u043a\u0438\u0435 \u0440\u0430\u0441\u0442\u0435\u043d\u0438\u044f +371 26012280 &#8212; Didzis &#8212; \u0432\u0441\u0435 \u0432\u043e\u043f\u0440\u043e\u0441\u044b, \u0434\u043e\u0433\u043e\u0432\u043e\u0440\u0430 +371 29501519 &#8212; Imants &#8212; \u043e\u0431\u0449\u0438\u0435 \u0432\u043e\u043f\u0440\u043e\u0441\u044b","og_url":"https:\/\/berzini.lv\/kontakti\/","og_site_name":"Zemnieku Saimniec\u012bba &quot;B\u0113rzi\u0146i&quot;","article_modified_time":"2018-01-23T11:38:04+00:00","og_image":[{"width":448,"height":254,"url":"https:\/\/berzini.lv\/wp-content\/uploads\/2016\/06\/karte_small.jpg","type":"image\/jpeg"}],"twitter_card":"summary_large_image","schema":{"@context":"https:\/\/schema.org","@graph":[{"@type":"WebPage","@id":"https:\/\/berzini.lv\/kontakti\/","url":"https:\/\/berzini.lv\/kontakti\/","name":"\u041a\u043e\u043d\u0442\u0430\u043a\u0442\u044b - Zemnieku Saimniec\u012bba &quot;B\u0113rzi\u0146i&quot;","isPartOf":{"@id":"https:\/\/berzini.lv\/#website"},"primaryImageOfPage":{"@id":"https:\/\/berzini.lv\/kontakti\/#primaryimage"},"image":{"@id":"https:\/\/berzini.lv\/kontakti\/#primaryimage"},"thumbnailUrl":"https:\/\/berzini.lv\/wp-content\/uploads\/2016\/06\/karte_small-300x170.jpg","datePublished":"2016-06-09T10:37:26+00:00","dateModified":"2018-01-23T11:38:04+00:00","breadcrumb":{"@id":"https:\/\/berzini.lv\/kontakti\/#breadcrumb"},"inLanguage":"ru-RU","potentialAction":[{"@type":"ReadAction","target":["https:\/\/berzini.lv\/kontakti\/"]}]},{"@type":"ImageObject","inLanguage":"ru-RU","@id":"https:\/\/berzini.lv\/kontakti\/#primaryimage","url":"https:\/\/berzini.lv\/wp-content\/uploads\/2016\/06\/karte_small-300x170.jpg","contentUrl":"https:\/\/berzini.lv\/wp-content\/uploads\/2016\/06\/karte_small-300x170.jpg"},{"@type":"BreadcrumbList","@id":"https:\/\/berzini.lv\/kontakti\/#breadcrumb","itemListElement":[{"@type":"ListItem","position":1,"name":"Home","item":"https:\/\/berzini.lv\/ru\/"},{"@type":"ListItem","position":2,"name":"\u041a\u043e\u043d\u0442\u0430\u043a\u0442\u044b"}]},{"@type":"WebSite","@id":"https:\/\/berzini.lv\/#website","url":"https:\/\/berzini.lv\/","name":"Zemnieku Saimniec\u012bba &quot;B\u0113rzi\u0146i&quot;","description":"ee","potentialAction":[{"@type":"SearchAction","target":{"@type":"EntryPoint","urlTemplate":"https:\/\/berzini.lv\/?s={search_term_string}"},"query-input":{"@type":"PropertyValueSpecification","valueRequired":true,"valueName":"search_term_string"}}],"inLanguage":"ru-RU"}]}},"_links":{"self":[{"href":"https:\/\/berzini.lv\/ru\/wp-json\/wp\/v2\/pages\/740","targetHints":{"allow":["GET"]}}],"collection":[{"href":"https:\/\/berzini.lv\/ru\/wp-json\/wp\/v2\/pages"}],"about":[{"href":"https:\/\/berzini.lv\/ru\/wp-json\/wp\/v2\/types\/page"}],"author":[{"embeddable":true,"href":"https:\/\/berzini.lv\/ru\/wp-json\/wp\/v2\/users\/1"}],"replies":[{"embeddable":true,"href":"https:\/\/berzini.lv\/ru\/wp-json\/wp\/v2\/comments?post=740"}],"version-history":[{"count":5,"href":"https:\/\/berzini.lv\/ru\/wp-json\/wp\/v2\/pages\/740\/revisions"}],"predecessor-version":[{"id":3801,"href":"https:\/\/berzini.lv\/ru\/wp-json\/wp\/v2\/pages\/740\/revisions\/3801"}],"wp:attachment":[{"href":"https:\/\/berzini.lv\/ru\/wp-json\/wp\/v2\/media?parent=740"}],"curies":[{"name":"wp","href":"https:\/\/api.w.org\/{rel}","templated":true}]}}