{"id":873,"date":"2016-06-09T18:00:58","date_gmt":"2016-06-09T18:00:58","guid":{"rendered":"https:\/\/berzini.lv\/en\/?page_id=873"},"modified":"2018-02-01T13:00:43","modified_gmt":"2018-02-01T13:00:43","slug":"garden-grid","status":"publish","type":"page","link":"https:\/\/berzini.lv\/en\/garden-grid\/","title":{"rendered":"Garden Grid"},"content":{"rendered":"<p>The eco-friendly lawn grid is a product used in construction, horticulture, transport, etc. The product works well in the development of public usable area.<br \/>\nHigh quality and high esistance parameters are the guarantee of the long-term utility. An additional advantage of the grid is an optional system of mounting with anchors, which enables to assembly it even on the slopes with a high inclination angle. Garden Grid is an ecological product made from materials produced in the recycling process. It has very good characteristics of drainage , which allows rainwater to penetrate naturally into ground.<br \/>\nThe lawn lattice is distinguished by the flexibility of design, thanks to the possibility of filling it with various types of materials and giving it diverse shapes. Most often, it is filled with grass, what preserves green and natural area. It is also possible to fill the grid with decorative aggregates.<br \/>\nGarden Grid is an alternative to conventional methods of soil stabilization and<br \/>\nit is definitely ousting paving stones as well as concrete openwork slabs.<\/p>\nngg_shortcode_0_placeholder\n<noscript class=\"ninja-forms-noscript-message\">\n\tNotice: JavaScript is required for this content.<\/noscript>\nNo Fields Found.<div id=\"nf-form-17-cont\" class=\"nf-form-cont\" aria-live=\"polite\" aria-labelledby=\"nf-form-title-17\" aria-describedby=\"nf-form-errors-17\" role=\"form\">\n\n    <div class=\"nf-loading-spinner\"><\/div>\n\n<\/div>\n        <!-- That data is being printed as a workaround to page builders reordering the order of the scripts loaded-->\n        <script>var formDisplay=1;var nfForms=nfForms||[];var form=[];form.id='17';form.settings={\"ninjaForms\":\"Ninja Forms\",\"changeEmailErrorMsg\":\"Please enter a valid email address!\",\"changeDateErrorMsg\":\"Please enter a valid date!\",\"confirmFieldErrorMsg\":\"These fields must match!\",\"fieldNumberNumMinError\":\"Number Min Error\",\"fieldNumberNumMaxError\":\"Number Max Error\",\"fieldNumberIncrementBy\":\"Please increment by \",\"fieldTextareaRTEInsertLink\":\"Insert Link\",\"fieldTextareaRTEInsertMedia\":\"Insert Media\",\"fieldTextareaRTESelectAFile\":\"Select a file\",\"formErrorsCorrectErrors\":\"Please correct errors before submitting this form.\",\"formHoneypot\":\"If you are a human seeing this field, please leave it empty.\",\"validateRequiredField\":\"This is a required field.\",\"honeypotHoneypotError\":\"Honeypot Error\",\"fileUploadOldCodeFileUploadInProgress\":\"File Upload in Progress.\",\"fileUploadOldCodeFileUpload\":\"FILE UPLOAD\",\"currencySymbol\":\"$\",\"fieldsMarkedRequired\":\"Fields marked with an <span class=\\\"ninja-forms-req-symbol\\\">*<\\\/span> are required\",\"thousands_sep\":\",\",\"decimal_point\":\".\",\"siteLocale\":\"en_US\",\"dateFormat\":\"d\\\/m\\\/Y\",\"startOfWeek\":\"1\",\"of\":\"of\",\"previousMonth\":\"Previous Month\",\"nextMonth\":\"Next Month\",\"months\":[\"January\",\"February\",\"March\",\"April\",\"May\",\"June\",\"July\",\"August\",\"September\",\"October\",\"November\",\"December\"],\"monthsShort\":[\"Jan\",\"Feb\",\"Mar\",\"Apr\",\"May\",\"Jun\",\"Jul\",\"Aug\",\"Sep\",\"Oct\",\"Nov\",\"Dec\"],\"weekdays\":[\"Sunday\",\"Monday\",\"Tuesday\",\"Wednesday\",\"Thursday\",\"Friday\",\"Saturday\"],\"weekdaysShort\":[\"Sun\",\"Mon\",\"Tue\",\"Wed\",\"Thu\",\"Fri\",\"Sat\"],\"weekdaysMin\":[\"Su\",\"Mo\",\"Tu\",\"We\",\"Th\",\"Fr\",\"Sa\"],\"recaptchaConsentMissing\":\"reCaptcha validation couldn&#039;t load.\",\"recaptchaMissingCookie\":\"reCaptcha v3 validation couldn&#039;t load the cookie needed to submit the form.\",\"recaptchaConsentEvent\":\"Accept reCaptcha cookies before sending the form.\",\"embed_form\":\"\",\"currency_symbol\":\"\",\"title\":\"\",\"beforeForm\":\"\",\"beforeFields\":\"\",\"afterFields\":\"\",\"afterForm\":\"\"};form.fields=[];nfForms.push(form);<\/script>\n        \n","protected":false},"excerpt":{"rendered":"<p>The eco-friendly lawn grid is a product used in construction, horticulture, transport, etc. The product works well in the development of public usable area. High quality and high esistance parameters are the guarantee of the long-term utility. An additional advantage of the grid is an optional system of mounting with anchors, which enables to assembly&hellip;<\/p>\n","protected":false},"author":1,"featured_media":0,"parent":0,"menu_order":0,"comment_status":"closed","ping_status":"closed","template":"","meta":{"ngg_post_thumbnail":0,"footnotes":""},"class_list":["post-873","page","type-page","status-publish","hentry"],"yoast_head":"<!-- This site is optimized with the Yoast SEO plugin v24.1 - https:\/\/yoast.com\/wordpress\/plugins\/seo\/ -->\n<title>Garden Grid - Zemnieku Saimniec\u012bba &quot;B\u0113rzi\u0146i&quot;<\/title>\n<meta name=\"robots\" content=\"index, follow, max-snippet:-1, max-image-preview:large, max-video-preview:-1\" \/>\n<link rel=\"canonical\" href=\"https:\/\/berzini.lv\/en\/garden-grid\/\" \/>\n<meta property=\"og:locale\" content=\"en_US\" \/>\n<meta property=\"og:type\" content=\"article\" \/>\n<meta property=\"og:title\" content=\"Garden Grid - Zemnieku Saimniec\u012bba &quot;B\u0113rzi\u0146i&quot;\" \/>\n<meta property=\"og:description\" content=\"The eco-friendly lawn grid is a product used in construction, horticulture, transport, etc. The product works well in the development of public usable area. High quality and high esistance parameters are the guarantee of the long-term utility. An additional advantage of the grid is an optional system of mounting with anchors, which enables to assembly&hellip;\" \/>\n<meta property=\"og:url\" content=\"https:\/\/berzini.lv\/en\/garden-grid\/\" \/>\n<meta property=\"og:site_name\" content=\"Zemnieku Saimniec\u012bba &quot;B\u0113rzi\u0146i&quot;\" \/>\n<meta property=\"article:modified_time\" content=\"2018-02-01T13:00:43+00:00\" \/>\n<meta name=\"twitter:card\" content=\"summary_large_image\" \/>\n<meta name=\"twitter:label1\" content=\"Est. reading time\" \/>\n\t<meta name=\"twitter:data1\" content=\"1 minute\" \/>\n<script type=\"application\/ld+json\" class=\"yoast-schema-graph\">{\"@context\":\"https:\/\/schema.org\",\"@graph\":[{\"@type\":\"WebPage\",\"@id\":\"https:\/\/berzini.lv\/en\/garden-grid\/\",\"url\":\"https:\/\/berzini.lv\/en\/garden-grid\/\",\"name\":\"Garden Grid - Zemnieku Saimniec\u012bba &quot;B\u0113rzi\u0146i&quot;\",\"isPartOf\":{\"@id\":\"https:\/\/berzini.lv\/#website\"},\"datePublished\":\"2016-06-09T18:00:58+00:00\",\"dateModified\":\"2018-02-01T13:00:43+00:00\",\"breadcrumb\":{\"@id\":\"https:\/\/berzini.lv\/en\/garden-grid\/#breadcrumb\"},\"inLanguage\":\"en-US\",\"potentialAction\":[{\"@type\":\"ReadAction\",\"target\":[\"https:\/\/berzini.lv\/en\/garden-grid\/\"]}]},{\"@type\":\"BreadcrumbList\",\"@id\":\"https:\/\/berzini.lv\/en\/garden-grid\/#breadcrumb\",\"itemListElement\":[{\"@type\":\"ListItem\",\"position\":1,\"name\":\"Home\",\"item\":\"https:\/\/berzini.lv\/en\/\"},{\"@type\":\"ListItem\",\"position\":2,\"name\":\"Garden Grid\"}]},{\"@type\":\"WebSite\",\"@id\":\"https:\/\/berzini.lv\/#website\",\"url\":\"https:\/\/berzini.lv\/\",\"name\":\"Zemnieku Saimniec\u012bba &quot;B\u0113rzi\u0146i&quot;\",\"description\":\"ee\",\"potentialAction\":[{\"@type\":\"SearchAction\",\"target\":{\"@type\":\"EntryPoint\",\"urlTemplate\":\"https:\/\/berzini.lv\/?s={search_term_string}\"},\"query-input\":{\"@type\":\"PropertyValueSpecification\",\"valueRequired\":true,\"valueName\":\"search_term_string\"}}],\"inLanguage\":\"en-US\"}]}<\/script>\n<!-- \/ Yoast SEO plugin. -->","yoast_head_json":{"title":"Garden Grid - Zemnieku Saimniec\u012bba &quot;B\u0113rzi\u0146i&quot;","robots":{"index":"index","follow":"follow","max-snippet":"max-snippet:-1","max-image-preview":"max-image-preview:large","max-video-preview":"max-video-preview:-1"},"canonical":"https:\/\/berzini.lv\/en\/garden-grid\/","og_locale":"en_US","og_type":"article","og_title":"Garden Grid - Zemnieku Saimniec\u012bba &quot;B\u0113rzi\u0146i&quot;","og_description":"The eco-friendly lawn grid is a product used in construction, horticulture, transport, etc. The product works well in the development of public usable area. High quality and high esistance parameters are the guarantee of the long-term utility. An additional advantage of the grid is an optional system of mounting with anchors, which enables to assembly&hellip;","og_url":"https:\/\/berzini.lv\/en\/garden-grid\/","og_site_name":"Zemnieku Saimniec\u012bba &quot;B\u0113rzi\u0146i&quot;","article_modified_time":"2018-02-01T13:00:43+00:00","twitter_card":"summary_large_image","twitter_misc":{"Est. reading time":"1 minute"},"schema":{"@context":"https:\/\/schema.org","@graph":[{"@type":"WebPage","@id":"https:\/\/berzini.lv\/en\/garden-grid\/","url":"https:\/\/berzini.lv\/en\/garden-grid\/","name":"Garden Grid - Zemnieku Saimniec\u012bba &quot;B\u0113rzi\u0146i&quot;","isPartOf":{"@id":"https:\/\/berzini.lv\/#website"},"datePublished":"2016-06-09T18:00:58+00:00","dateModified":"2018-02-01T13:00:43+00:00","breadcrumb":{"@id":"https:\/\/berzini.lv\/en\/garden-grid\/#breadcrumb"},"inLanguage":"en-US","potentialAction":[{"@type":"ReadAction","target":["https:\/\/berzini.lv\/en\/garden-grid\/"]}]},{"@type":"BreadcrumbList","@id":"https:\/\/berzini.lv\/en\/garden-grid\/#breadcrumb","itemListElement":[{"@type":"ListItem","position":1,"name":"Home","item":"https:\/\/berzini.lv\/en\/"},{"@type":"ListItem","position":2,"name":"Garden Grid"}]},{"@type":"WebSite","@id":"https:\/\/berzini.lv\/#website","url":"https:\/\/berzini.lv\/","name":"Zemnieku Saimniec\u012bba &quot;B\u0113rzi\u0146i&quot;","description":"ee","potentialAction":[{"@type":"SearchAction","target":{"@type":"EntryPoint","urlTemplate":"https:\/\/berzini.lv\/?s={search_term_string}"},"query-input":{"@type":"PropertyValueSpecification","valueRequired":true,"valueName":"search_term_string"}}],"inLanguage":"en-US"}]}},"_links":{"self":[{"href":"https:\/\/berzini.lv\/en\/wp-json\/wp\/v2\/pages\/873","targetHints":{"allow":["GET"]}}],"collection":[{"href":"https:\/\/berzini.lv\/en\/wp-json\/wp\/v2\/pages"}],"about":[{"href":"https:\/\/berzini.lv\/en\/wp-json\/wp\/v2\/types\/page"}],"author":[{"embeddable":true,"href":"https:\/\/berzini.lv\/en\/wp-json\/wp\/v2\/users\/1"}],"replies":[{"embeddable":true,"href":"https:\/\/berzini.lv\/en\/wp-json\/wp\/v2\/comments?post=873"}],"version-history":[{"count":3,"href":"https:\/\/berzini.lv\/en\/wp-json\/wp\/v2\/pages\/873\/revisions"}],"predecessor-version":[{"id":3921,"href":"https:\/\/berzini.lv\/en\/wp-json\/wp\/v2\/pages\/873\/revisions\/3921"}],"wp:attachment":[{"href":"https:\/\/berzini.lv\/en\/wp-json\/wp\/v2\/media?parent=873"}],"curies":[{"name":"wp","href":"https:\/\/api.w.org\/{rel}","templated":true}]}}