{"id":819,"date":"2016-06-09T11:26:22","date_gmt":"2016-06-09T11:26:22","guid":{"rendered":"https:\/\/berzini.lv\/en\/?page_id=819"},"modified":"2016-06-09T11:26:22","modified_gmt":"2016-06-09T11:26:22","slug":"retail","status":"publish","type":"page","link":"https:\/\/berzini.lv\/en\/retail\/","title":{"rendered":"Retail"},"content":{"rendered":"<h3>How to Shop &#8211; Retail<\/h3>\n<p>You can buy plants on working days from 8 a.m. to 5 p.m. right in the farm. If it is very necessary, you can do that also in other time, agreeing upon it in advance by phone 29506611 (Iveta). It is recommendable to ascertain about the availability of particular plants by calling, even if you come at the given time.<\/p>\n<p>You can buy our production, for prices that differ only slightly, also from our partners:<\/p>\n<ul>\n<li><a href=\"http:\/\/www.alderman.lv\/\">Ltd &#8220;D\u0101rzi&#8221;, Riga, Bi\u0137ernieku Street<\/a><\/li>\n<li><a href=\"http:\/\/www.cenuklubs.lv\/\">&#8220;cenuklubs lv&#8221;<\/a><\/li>\n<li><a href=\"http:\/\/majaiundarzam.lv\/\">Joint Stock Company <\/a><a href=\"http:\/\/majaiundarzam.lv\/\">&#8220;Di\u0101n\u0101&#8221;shop \u201eM\u0101jai un D\u0101rzam\u201d in Ventspils<\/a><\/li>\n<li><a href=\"http:\/\/www.domoveikals.lv\/\">&#8220;Domo&#8221; shops in Kuldiga and Riga<\/a><\/li>\n<li><a href=\"http:\/\/bauhof.ee\/\">&#8220;Ehitus service&#8221; Ltd shops &#8220;Bauhof&#8221; in Estonia<\/a><\/li>\n<li><a href=\"http:\/\/janvila.lv\/?page=1\">Shop &#8220;Janvila&#8221;, Riga, Murj\u0101\u0146u Street<\/a><\/li>\n<li><a href=\"http:\/\/www.k-rauta.lv\/\">Ltd &#8220;K-Rauta&#8221; shops<\/a><\/li>\n<li>Ltd &#8220;Lauku apg\u0101ds un melior\u0101cija&#8221; in Smiltene<\/li>\n<li>&#8220;Kronis &#8211; 93&#8221; trade place in Kekava<\/li>\n<li><a href=\"http:\/\/www.lvm.lv\/\">Joint Stock Company<\/a> <a href=\"http:\/\/www.lvm.lv\/\">&#8220;Latvijas Valsts Me\u017ei&#8221; Jelgava nursery and Daugavpils trade place<\/a><\/li>\n<li><a href=\"http:\/\/www.silja.biz\/\">Ltd &#8220;SilJa&#8221;, parish of M\u0101rupe, next to the Jelgava highway<\/a><\/li>\n<li>&#8220;Sedumi&#8221; shop in Jekabpils<\/li>\n<li>P\u012bl\u0101d\u017ei &#8211; tradeplace in Durbe<\/li>\n<li><a href=\"http:\/\/stadisim.lv\/\">&#8220;st\u0101d\u012bsim.lv&#8221;<\/a><\/li>\n<li><a href=\"http:\/\/www.zalaisserviss.lv\/\">Ltd &#8220;Za\u013cais serviss&#8221; next to the Riga- Ventspils highway between P\u016bre and Kandava, and in Salaspils at the NBD gates from Riga street<\/a><\/li>\n<li><a href=\"http:\/\/www.zalenieki.lv\/\">&#8220;Za\u013cenieku kokaudz\u0113tava&#8221; in region of Jelgava<\/a><\/li>\n<li><a href=\"http:\/\/www.baltezers.lv\/\">Ltd &#8220;Kokaudz\u0113tava Baltezers&#8221; trading places<\/a><\/li>\n<\/ul>\n<p>You can meet us in almost all major expositions and fairs which take place from the end of April until the beginning of September: \u201cLatekspo\u201d exposition in Riga at the end of April \u2013 beginning of May; \u201cLatvijas st\u0101du par\u0101de\u201d organized by SAB (<a href=\"http:\/\/www.stadi.lv\" target=\"_blank\">www.stadi.lv<\/a>)\tat the end of April \u2013 beginning of May; monthly fairs in the Salaspils Botanical Garden; in Liep\u0101ja next to Latvian Society House at the end of May; \u201cBT 1\u201d \u201cVasaras sv\u0113tki d\u0101rzam\u201d on the second weekend of June; \u201cZiedu balle\u201d organized by \u201cD\u0101rzu Pasaule\u201d; SAB autumn\u2019s fair in Bulduri on the second half of September. More about events <a href=\"\/pasakumi\">here<\/a>.<\/p>\n","protected":false},"excerpt":{"rendered":"<p>How to Shop &#8211; Retail You can buy plants on working days from 8 a.m. to 5 p.m. right in the farm. If it is very necessary, you can do that also in other time, agreeing upon it in advance by phone 29506611 (Iveta). It is recommendable to ascertain about the availability of particular plants&hellip;<\/p>\n","protected":false},"author":1,"featured_media":0,"parent":0,"menu_order":0,"comment_status":"closed","ping_status":"closed","template":"","meta":{"ngg_post_thumbnail":0,"footnotes":""},"class_list":["post-819","page","type-page","status-publish","hentry"],"yoast_head":"<!-- This site is optimized with the Yoast SEO plugin v24.1 - https:\/\/yoast.com\/wordpress\/plugins\/seo\/ -->\n<title>Retail - Zemnieku Saimniec\u012bba &quot;B\u0113rzi\u0146i&quot;<\/title>\n<meta name=\"robots\" content=\"index, follow, max-snippet:-1, max-image-preview:large, max-video-preview:-1\" \/>\n<link rel=\"canonical\" href=\"https:\/\/berzini.lv\/en\/retail\/\" \/>\n<meta property=\"og:locale\" content=\"en_US\" \/>\n<meta property=\"og:type\" content=\"article\" \/>\n<meta property=\"og:title\" content=\"Retail - Zemnieku Saimniec\u012bba &quot;B\u0113rzi\u0146i&quot;\" \/>\n<meta property=\"og:description\" content=\"How to Shop &#8211; Retail You can buy plants on working days from 8 a.m. to 5 p.m. right in the farm. If it is very necessary, you can do that also in other time, agreeing upon it in advance by phone 29506611 (Iveta). It is recommendable to ascertain about the availability of particular plants&hellip;\" \/>\n<meta property=\"og:url\" content=\"https:\/\/berzini.lv\/en\/retail\/\" \/>\n<meta property=\"og:site_name\" content=\"Zemnieku Saimniec\u012bba &quot;B\u0113rzi\u0146i&quot;\" \/>\n<meta name=\"twitter:card\" content=\"summary_large_image\" \/>\n<meta name=\"twitter:label1\" content=\"Est. reading time\" \/>\n\t<meta name=\"twitter:data1\" content=\"2 minutes\" \/>\n<script type=\"application\/ld+json\" class=\"yoast-schema-graph\">{\"@context\":\"https:\/\/schema.org\",\"@graph\":[{\"@type\":\"WebPage\",\"@id\":\"https:\/\/berzini.lv\/en\/retail\/\",\"url\":\"https:\/\/berzini.lv\/en\/retail\/\",\"name\":\"Retail - Zemnieku Saimniec\u012bba &quot;B\u0113rzi\u0146i&quot;\",\"isPartOf\":{\"@id\":\"https:\/\/berzini.lv\/#website\"},\"datePublished\":\"2016-06-09T11:26:22+00:00\",\"dateModified\":\"2016-06-09T11:26:22+00:00\",\"breadcrumb\":{\"@id\":\"https:\/\/berzini.lv\/en\/retail\/#breadcrumb\"},\"inLanguage\":\"en-US\",\"potentialAction\":[{\"@type\":\"ReadAction\",\"target\":[\"https:\/\/berzini.lv\/en\/retail\/\"]}]},{\"@type\":\"BreadcrumbList\",\"@id\":\"https:\/\/berzini.lv\/en\/retail\/#breadcrumb\",\"itemListElement\":[{\"@type\":\"ListItem\",\"position\":1,\"name\":\"Home\",\"item\":\"https:\/\/berzini.lv\/en\/\"},{\"@type\":\"ListItem\",\"position\":2,\"name\":\"Retail\"}]},{\"@type\":\"WebSite\",\"@id\":\"https:\/\/berzini.lv\/#website\",\"url\":\"https:\/\/berzini.lv\/\",\"name\":\"Zemnieku Saimniec\u012bba &quot;B\u0113rzi\u0146i&quot;\",\"description\":\"ee\",\"potentialAction\":[{\"@type\":\"SearchAction\",\"target\":{\"@type\":\"EntryPoint\",\"urlTemplate\":\"https:\/\/berzini.lv\/?s={search_term_string}\"},\"query-input\":{\"@type\":\"PropertyValueSpecification\",\"valueRequired\":true,\"valueName\":\"search_term_string\"}}],\"inLanguage\":\"en-US\"}]}<\/script>\n<!-- \/ Yoast SEO plugin. -->","yoast_head_json":{"title":"Retail - Zemnieku Saimniec\u012bba &quot;B\u0113rzi\u0146i&quot;","robots":{"index":"index","follow":"follow","max-snippet":"max-snippet:-1","max-image-preview":"max-image-preview:large","max-video-preview":"max-video-preview:-1"},"canonical":"https:\/\/berzini.lv\/en\/retail\/","og_locale":"en_US","og_type":"article","og_title":"Retail - Zemnieku Saimniec\u012bba &quot;B\u0113rzi\u0146i&quot;","og_description":"How to Shop &#8211; Retail You can buy plants on working days from 8 a.m. to 5 p.m. right in the farm. If it is very necessary, you can do that also in other time, agreeing upon it in advance by phone 29506611 (Iveta). It is recommendable to ascertain about the availability of particular plants&hellip;","og_url":"https:\/\/berzini.lv\/en\/retail\/","og_site_name":"Zemnieku Saimniec\u012bba &quot;B\u0113rzi\u0146i&quot;","twitter_card":"summary_large_image","twitter_misc":{"Est. reading time":"2 minutes"},"schema":{"@context":"https:\/\/schema.org","@graph":[{"@type":"WebPage","@id":"https:\/\/berzini.lv\/en\/retail\/","url":"https:\/\/berzini.lv\/en\/retail\/","name":"Retail - Zemnieku Saimniec\u012bba &quot;B\u0113rzi\u0146i&quot;","isPartOf":{"@id":"https:\/\/berzini.lv\/#website"},"datePublished":"2016-06-09T11:26:22+00:00","dateModified":"2016-06-09T11:26:22+00:00","breadcrumb":{"@id":"https:\/\/berzini.lv\/en\/retail\/#breadcrumb"},"inLanguage":"en-US","potentialAction":[{"@type":"ReadAction","target":["https:\/\/berzini.lv\/en\/retail\/"]}]},{"@type":"BreadcrumbList","@id":"https:\/\/berzini.lv\/en\/retail\/#breadcrumb","itemListElement":[{"@type":"ListItem","position":1,"name":"Home","item":"https:\/\/berzini.lv\/en\/"},{"@type":"ListItem","position":2,"name":"Retail"}]},{"@type":"WebSite","@id":"https:\/\/berzini.lv\/#website","url":"https:\/\/berzini.lv\/","name":"Zemnieku Saimniec\u012bba &quot;B\u0113rzi\u0146i&quot;","description":"ee","potentialAction":[{"@type":"SearchAction","target":{"@type":"EntryPoint","urlTemplate":"https:\/\/berzini.lv\/?s={search_term_string}"},"query-input":{"@type":"PropertyValueSpecification","valueRequired":true,"valueName":"search_term_string"}}],"inLanguage":"en-US"}]}},"_links":{"self":[{"href":"https:\/\/berzini.lv\/en\/wp-json\/wp\/v2\/pages\/819","targetHints":{"allow":["GET"]}}],"collection":[{"href":"https:\/\/berzini.lv\/en\/wp-json\/wp\/v2\/pages"}],"about":[{"href":"https:\/\/berzini.lv\/en\/wp-json\/wp\/v2\/types\/page"}],"author":[{"embeddable":true,"href":"https:\/\/berzini.lv\/en\/wp-json\/wp\/v2\/users\/1"}],"replies":[{"embeddable":true,"href":"https:\/\/berzini.lv\/en\/wp-json\/wp\/v2\/comments?post=819"}],"version-history":[{"count":1,"href":"https:\/\/berzini.lv\/en\/wp-json\/wp\/v2\/pages\/819\/revisions"}],"predecessor-version":[{"id":820,"href":"https:\/\/berzini.lv\/en\/wp-json\/wp\/v2\/pages\/819\/revisions\/820"}],"wp:attachment":[{"href":"https:\/\/berzini.lv\/en\/wp-json\/wp\/v2\/media?parent=819"}],"curies":[{"name":"wp","href":"https:\/\/api.w.org\/{rel}","templated":true}]}}