{"id":816,"date":"2016-06-09T11:24:56","date_gmt":"2016-06-09T11:24:56","guid":{"rendered":"https:\/\/berzini.lv\/en\/?page_id=816"},"modified":"2018-01-26T13:29:38","modified_gmt":"2018-01-26T13:29:38","slug":"christmas-decorations","status":"publish","type":"page","link":"https:\/\/berzini.lv\/en\/christmas-decorations\/","title":{"rendered":"Christmas decorations"},"content":{"rendered":"<h2>Christmas decorations<\/h2>\n<p>Christmas decoration \u2013 quite new area of our floricultural farm; the reason we started to act in this area was obvious seasonality of basic production. Our girls make Advent wreaths and candlesticks from pinecones and fir-cones of different cultivars. We are offering them coloured \u2013 white, silver and golden. You can use chaplets together with eggs as decoration for Easter. After drying paint is harmless for people. You can utilize decorations after use in nature-friendly way \u2013 if burned or placed in landfill site they are moulding quickly. The only thing that could happen using them \u2013 some seed could fall out from a cone. Decorations are being prepared and coloured manually.<\/p>\n<p>Retail trading prices are specified, check wholesale trade prices here: not available right now.<\/p>\n","protected":false},"excerpt":{"rendered":"<p>Christmas decorations Christmas decoration \u2013 quite new area of our floricultural farm; the reason we started to act in this area was obvious seasonality of basic production. Our girls make Advent wreaths and candlesticks from pinecones and fir-cones of different cultivars. We are offering them coloured \u2013 white, silver and golden. You can use chaplets&hellip;<\/p>\n","protected":false},"author":1,"featured_media":0,"parent":0,"menu_order":0,"comment_status":"closed","ping_status":"closed","template":"","meta":{"ngg_post_thumbnail":0,"footnotes":""},"class_list":["post-816","page","type-page","status-publish","hentry"],"yoast_head":"<!-- This site is optimized with the Yoast SEO plugin v24.1 - https:\/\/yoast.com\/wordpress\/plugins\/seo\/ -->\n<title>Christmas decorations - Zemnieku Saimniec\u012bba &quot;B\u0113rzi\u0146i&quot;<\/title>\n<meta name=\"robots\" content=\"index, follow, max-snippet:-1, max-image-preview:large, max-video-preview:-1\" \/>\n<link rel=\"canonical\" href=\"https:\/\/berzini.lv\/christmas-items\/\" \/>\n<meta property=\"og:locale\" content=\"en_US\" \/>\n<meta property=\"og:type\" content=\"article\" \/>\n<meta property=\"og:title\" content=\"Christmas decorations - Zemnieku Saimniec\u012bba &quot;B\u0113rzi\u0146i&quot;\" \/>\n<meta property=\"og:description\" content=\"Christmas decorations Christmas decoration \u2013 quite new area of our floricultural farm; the reason we started to act in this area was obvious seasonality of basic production. Our girls make Advent wreaths and candlesticks from pinecones and fir-cones of different cultivars. We are offering them coloured \u2013 white, silver and golden. You can use chaplets&hellip;\" \/>\n<meta property=\"og:url\" content=\"https:\/\/berzini.lv\/christmas-items\/\" \/>\n<meta property=\"og:site_name\" content=\"Zemnieku Saimniec\u012bba &quot;B\u0113rzi\u0146i&quot;\" \/>\n<meta property=\"article:modified_time\" content=\"2018-01-26T13:29:38+00:00\" \/>\n<meta name=\"twitter:card\" content=\"summary_large_image\" \/>\n<meta name=\"twitter:label1\" content=\"Est. reading time\" \/>\n\t<meta name=\"twitter:data1\" content=\"1 minute\" \/>\n<script type=\"application\/ld+json\" class=\"yoast-schema-graph\">{\"@context\":\"https:\/\/schema.org\",\"@graph\":[{\"@type\":\"WebPage\",\"@id\":\"https:\/\/berzini.lv\/christmas-items\/\",\"url\":\"https:\/\/berzini.lv\/christmas-items\/\",\"name\":\"Christmas decorations - Zemnieku Saimniec\u012bba &quot;B\u0113rzi\u0146i&quot;\",\"isPartOf\":{\"@id\":\"https:\/\/berzini.lv\/#website\"},\"datePublished\":\"2016-06-09T11:24:56+00:00\",\"dateModified\":\"2018-01-26T13:29:38+00:00\",\"breadcrumb\":{\"@id\":\"https:\/\/berzini.lv\/christmas-items\/#breadcrumb\"},\"inLanguage\":\"en-US\",\"potentialAction\":[{\"@type\":\"ReadAction\",\"target\":[\"https:\/\/berzini.lv\/christmas-items\/\"]}]},{\"@type\":\"BreadcrumbList\",\"@id\":\"https:\/\/berzini.lv\/christmas-items\/#breadcrumb\",\"itemListElement\":[{\"@type\":\"ListItem\",\"position\":1,\"name\":\"Home\",\"item\":\"https:\/\/berzini.lv\/en\/\"},{\"@type\":\"ListItem\",\"position\":2,\"name\":\"Christmas decorations\"}]},{\"@type\":\"WebSite\",\"@id\":\"https:\/\/berzini.lv\/#website\",\"url\":\"https:\/\/berzini.lv\/\",\"name\":\"Zemnieku Saimniec\u012bba &quot;B\u0113rzi\u0146i&quot;\",\"description\":\"ee\",\"potentialAction\":[{\"@type\":\"SearchAction\",\"target\":{\"@type\":\"EntryPoint\",\"urlTemplate\":\"https:\/\/berzini.lv\/?s={search_term_string}\"},\"query-input\":{\"@type\":\"PropertyValueSpecification\",\"valueRequired\":true,\"valueName\":\"search_term_string\"}}],\"inLanguage\":\"en-US\"}]}<\/script>\n<!-- \/ Yoast SEO plugin. -->","yoast_head_json":{"title":"Christmas decorations - Zemnieku Saimniec\u012bba &quot;B\u0113rzi\u0146i&quot;","robots":{"index":"index","follow":"follow","max-snippet":"max-snippet:-1","max-image-preview":"max-image-preview:large","max-video-preview":"max-video-preview:-1"},"canonical":"https:\/\/berzini.lv\/christmas-items\/","og_locale":"en_US","og_type":"article","og_title":"Christmas decorations - Zemnieku Saimniec\u012bba &quot;B\u0113rzi\u0146i&quot;","og_description":"Christmas decorations Christmas decoration \u2013 quite new area of our floricultural farm; the reason we started to act in this area was obvious seasonality of basic production. Our girls make Advent wreaths and candlesticks from pinecones and fir-cones of different cultivars. We are offering them coloured \u2013 white, silver and golden. You can use chaplets&hellip;","og_url":"https:\/\/berzini.lv\/christmas-items\/","og_site_name":"Zemnieku Saimniec\u012bba &quot;B\u0113rzi\u0146i&quot;","article_modified_time":"2018-01-26T13:29:38+00:00","twitter_card":"summary_large_image","twitter_misc":{"Est. reading time":"1 minute"},"schema":{"@context":"https:\/\/schema.org","@graph":[{"@type":"WebPage","@id":"https:\/\/berzini.lv\/christmas-items\/","url":"https:\/\/berzini.lv\/christmas-items\/","name":"Christmas decorations - Zemnieku Saimniec\u012bba &quot;B\u0113rzi\u0146i&quot;","isPartOf":{"@id":"https:\/\/berzini.lv\/#website"},"datePublished":"2016-06-09T11:24:56+00:00","dateModified":"2018-01-26T13:29:38+00:00","breadcrumb":{"@id":"https:\/\/berzini.lv\/christmas-items\/#breadcrumb"},"inLanguage":"en-US","potentialAction":[{"@type":"ReadAction","target":["https:\/\/berzini.lv\/christmas-items\/"]}]},{"@type":"BreadcrumbList","@id":"https:\/\/berzini.lv\/christmas-items\/#breadcrumb","itemListElement":[{"@type":"ListItem","position":1,"name":"Home","item":"https:\/\/berzini.lv\/en\/"},{"@type":"ListItem","position":2,"name":"Christmas decorations"}]},{"@type":"WebSite","@id":"https:\/\/berzini.lv\/#website","url":"https:\/\/berzini.lv\/","name":"Zemnieku Saimniec\u012bba &quot;B\u0113rzi\u0146i&quot;","description":"ee","potentialAction":[{"@type":"SearchAction","target":{"@type":"EntryPoint","urlTemplate":"https:\/\/berzini.lv\/?s={search_term_string}"},"query-input":{"@type":"PropertyValueSpecification","valueRequired":true,"valueName":"search_term_string"}}],"inLanguage":"en-US"}]}},"_links":{"self":[{"href":"https:\/\/berzini.lv\/en\/wp-json\/wp\/v2\/pages\/816","targetHints":{"allow":["GET"]}}],"collection":[{"href":"https:\/\/berzini.lv\/en\/wp-json\/wp\/v2\/pages"}],"about":[{"href":"https:\/\/berzini.lv\/en\/wp-json\/wp\/v2\/types\/page"}],"author":[{"embeddable":true,"href":"https:\/\/berzini.lv\/en\/wp-json\/wp\/v2\/users\/1"}],"replies":[{"embeddable":true,"href":"https:\/\/berzini.lv\/en\/wp-json\/wp\/v2\/comments?post=816"}],"version-history":[{"count":3,"href":"https:\/\/berzini.lv\/en\/wp-json\/wp\/v2\/pages\/816\/revisions"}],"predecessor-version":[{"id":3818,"href":"https:\/\/berzini.lv\/en\/wp-json\/wp\/v2\/pages\/816\/revisions\/3818"}],"wp:attachment":[{"href":"https:\/\/berzini.lv\/en\/wp-json\/wp\/v2\/media?parent=816"}],"curies":[{"name":"wp","href":"https:\/\/api.w.org\/{rel}","templated":true}]}}