{"id":811,"date":"2016-06-09T11:23:46","date_gmt":"2016-06-09T11:23:46","guid":{"rendered":"https:\/\/berzini.lv\/en\/?page_id=811"},"modified":"2018-02-01T13:14:19","modified_gmt":"2018-02-01T13:14:19","slug":"floristic-materials","status":"publish","type":"page","link":"https:\/\/berzini.lv\/en\/floristic-materials\/","title":{"rendered":"Floristic materials"},"content":{"rendered":"<p>You want to spend your weekend together with your family and children? You want to prepare a hand-made present for your friends? We are offering floristic materials for you \u2013 different cones, red oak acorns, chestnuts, beechnuts, knot-grass test-tubes and other natural materials. They could be dried only, or both dried and coloured.<\/p>\nngg_shortcode_0_placeholder\n","protected":false},"excerpt":{"rendered":"<p>You want to spend your weekend together with your family and children? You want to prepare a hand-made present for your friends? We are offering floristic materials for you \u2013 different cones, red oak acorns, chestnuts, beechnuts, knot-grass test-tubes and other natural materials. They could be dried only, or both dried and coloured. &#8221; template=&#8221;\/var\/www\/berzini_lv\/wp-content\/plugins\/nextgen-gallery\/products\/photocrati_nextgen\/modules\/ngglegacy\/view\/gallery-caption.php&#8221;&hellip;<\/p>\n","protected":false},"author":1,"featured_media":0,"parent":0,"menu_order":0,"comment_status":"closed","ping_status":"closed","template":"","meta":{"ngg_post_thumbnail":0,"footnotes":""},"class_list":["post-811","page","type-page","status-publish","hentry"],"yoast_head":"<!-- This site is optimized with the Yoast SEO plugin v24.1 - https:\/\/yoast.com\/wordpress\/plugins\/seo\/ -->\n<title>Floristic materials - Zemnieku Saimniec\u012bba &quot;B\u0113rzi\u0146i&quot;<\/title>\n<meta name=\"robots\" content=\"index, follow, max-snippet:-1, max-image-preview:large, max-video-preview:-1\" \/>\n<link rel=\"canonical\" href=\"https:\/\/berzini.lv\/en\/floristic-materials\/\" \/>\n<meta property=\"og:locale\" content=\"en_US\" \/>\n<meta property=\"og:type\" content=\"article\" \/>\n<meta property=\"og:title\" content=\"Floristic materials - Zemnieku Saimniec\u012bba &quot;B\u0113rzi\u0146i&quot;\" \/>\n<meta property=\"og:description\" content=\"You want to spend your weekend together with your family and children? You want to prepare a hand-made present for your friends? We are offering floristic materials for you \u2013 different cones, red oak acorns, chestnuts, beechnuts, knot-grass test-tubes and other natural materials. They could be dried only, or both dried and coloured. &#8221; template=&#8221;\/var\/www\/berzini_lv\/wp-content\/plugins\/nextgen-gallery\/products\/photocrati_nextgen\/modules\/ngglegacy\/view\/gallery-caption.php&#8221;&hellip;\" \/>\n<meta property=\"og:url\" content=\"https:\/\/berzini.lv\/en\/floristic-materials\/\" \/>\n<meta property=\"og:site_name\" content=\"Zemnieku Saimniec\u012bba &quot;B\u0113rzi\u0146i&quot;\" \/>\n<meta property=\"article:modified_time\" content=\"2018-02-01T13:14:19+00:00\" \/>\n<meta name=\"twitter:card\" content=\"summary_large_image\" \/>\n<meta name=\"twitter:label1\" content=\"Est. reading time\" \/>\n\t<meta name=\"twitter:data1\" content=\"1 minute\" \/>\n<script type=\"application\/ld+json\" class=\"yoast-schema-graph\">{\"@context\":\"https:\/\/schema.org\",\"@graph\":[{\"@type\":\"WebPage\",\"@id\":\"https:\/\/berzini.lv\/en\/floristic-materials\/\",\"url\":\"https:\/\/berzini.lv\/en\/floristic-materials\/\",\"name\":\"Floristic materials - Zemnieku Saimniec\u012bba &quot;B\u0113rzi\u0146i&quot;\",\"isPartOf\":{\"@id\":\"https:\/\/berzini.lv\/#website\"},\"datePublished\":\"2016-06-09T11:23:46+00:00\",\"dateModified\":\"2018-02-01T13:14:19+00:00\",\"breadcrumb\":{\"@id\":\"https:\/\/berzini.lv\/en\/floristic-materials\/#breadcrumb\"},\"inLanguage\":\"en-US\",\"potentialAction\":[{\"@type\":\"ReadAction\",\"target\":[\"https:\/\/berzini.lv\/en\/floristic-materials\/\"]}]},{\"@type\":\"BreadcrumbList\",\"@id\":\"https:\/\/berzini.lv\/en\/floristic-materials\/#breadcrumb\",\"itemListElement\":[{\"@type\":\"ListItem\",\"position\":1,\"name\":\"Home\",\"item\":\"https:\/\/berzini.lv\/en\/\"},{\"@type\":\"ListItem\",\"position\":2,\"name\":\"Floristic materials\"}]},{\"@type\":\"WebSite\",\"@id\":\"https:\/\/berzini.lv\/#website\",\"url\":\"https:\/\/berzini.lv\/\",\"name\":\"Zemnieku Saimniec\u012bba &quot;B\u0113rzi\u0146i&quot;\",\"description\":\"ee\",\"potentialAction\":[{\"@type\":\"SearchAction\",\"target\":{\"@type\":\"EntryPoint\",\"urlTemplate\":\"https:\/\/berzini.lv\/?s={search_term_string}\"},\"query-input\":{\"@type\":\"PropertyValueSpecification\",\"valueRequired\":true,\"valueName\":\"search_term_string\"}}],\"inLanguage\":\"en-US\"}]}<\/script>\n<!-- \/ Yoast SEO plugin. -->","yoast_head_json":{"title":"Floristic materials - Zemnieku Saimniec\u012bba &quot;B\u0113rzi\u0146i&quot;","robots":{"index":"index","follow":"follow","max-snippet":"max-snippet:-1","max-image-preview":"max-image-preview:large","max-video-preview":"max-video-preview:-1"},"canonical":"https:\/\/berzini.lv\/en\/floristic-materials\/","og_locale":"en_US","og_type":"article","og_title":"Floristic materials - Zemnieku Saimniec\u012bba &quot;B\u0113rzi\u0146i&quot;","og_description":"You want to spend your weekend together with your family and children? You want to prepare a hand-made present for your friends? We are offering floristic materials for you \u2013 different cones, red oak acorns, chestnuts, beechnuts, knot-grass test-tubes and other natural materials. They could be dried only, or both dried and coloured. &#8221; template=&#8221;\/var\/www\/berzini_lv\/wp-content\/plugins\/nextgen-gallery\/products\/photocrati_nextgen\/modules\/ngglegacy\/view\/gallery-caption.php&#8221;&hellip;","og_url":"https:\/\/berzini.lv\/en\/floristic-materials\/","og_site_name":"Zemnieku Saimniec\u012bba &quot;B\u0113rzi\u0146i&quot;","article_modified_time":"2018-02-01T13:14:19+00:00","twitter_card":"summary_large_image","twitter_misc":{"Est. reading time":"1 minute"},"schema":{"@context":"https:\/\/schema.org","@graph":[{"@type":"WebPage","@id":"https:\/\/berzini.lv\/en\/floristic-materials\/","url":"https:\/\/berzini.lv\/en\/floristic-materials\/","name":"Floristic materials - Zemnieku Saimniec\u012bba &quot;B\u0113rzi\u0146i&quot;","isPartOf":{"@id":"https:\/\/berzini.lv\/#website"},"datePublished":"2016-06-09T11:23:46+00:00","dateModified":"2018-02-01T13:14:19+00:00","breadcrumb":{"@id":"https:\/\/berzini.lv\/en\/floristic-materials\/#breadcrumb"},"inLanguage":"en-US","potentialAction":[{"@type":"ReadAction","target":["https:\/\/berzini.lv\/en\/floristic-materials\/"]}]},{"@type":"BreadcrumbList","@id":"https:\/\/berzini.lv\/en\/floristic-materials\/#breadcrumb","itemListElement":[{"@type":"ListItem","position":1,"name":"Home","item":"https:\/\/berzini.lv\/en\/"},{"@type":"ListItem","position":2,"name":"Floristic materials"}]},{"@type":"WebSite","@id":"https:\/\/berzini.lv\/#website","url":"https:\/\/berzini.lv\/","name":"Zemnieku Saimniec\u012bba &quot;B\u0113rzi\u0146i&quot;","description":"ee","potentialAction":[{"@type":"SearchAction","target":{"@type":"EntryPoint","urlTemplate":"https:\/\/berzini.lv\/?s={search_term_string}"},"query-input":{"@type":"PropertyValueSpecification","valueRequired":true,"valueName":"search_term_string"}}],"inLanguage":"en-US"}]}},"_links":{"self":[{"href":"https:\/\/berzini.lv\/en\/wp-json\/wp\/v2\/pages\/811","targetHints":{"allow":["GET"]}}],"collection":[{"href":"https:\/\/berzini.lv\/en\/wp-json\/wp\/v2\/pages"}],"about":[{"href":"https:\/\/berzini.lv\/en\/wp-json\/wp\/v2\/types\/page"}],"author":[{"embeddable":true,"href":"https:\/\/berzini.lv\/en\/wp-json\/wp\/v2\/users\/1"}],"replies":[{"embeddable":true,"href":"https:\/\/berzini.lv\/en\/wp-json\/wp\/v2\/comments?post=811"}],"version-history":[{"count":2,"href":"https:\/\/berzini.lv\/en\/wp-json\/wp\/v2\/pages\/811\/revisions"}],"predecessor-version":[{"id":3925,"href":"https:\/\/berzini.lv\/en\/wp-json\/wp\/v2\/pages\/811\/revisions\/3925"}],"wp:attachment":[{"href":"https:\/\/berzini.lv\/en\/wp-json\/wp\/v2\/media?parent=811"}],"curies":[{"name":"wp","href":"https:\/\/api.w.org\/{rel}","templated":true}]}}