{"id":808,"date":"2016-06-09T11:22:26","date_gmt":"2016-06-09T11:22:26","guid":{"rendered":"https:\/\/berzini.lv\/en\/?page_id=808"},"modified":"2020-05-18T09:04:55","modified_gmt":"2020-05-18T09:04:55","slug":"perennials","status":"publish","type":"page","link":"https:\/\/berzini.lv\/en\/perennials\/","title":{"rendered":"Perennials"},"content":{"rendered":"<p>Unfortunately, due to a large variety and variable demand we cannot ensure persistent offer all season long. Some of plants could be unavailable any more for the reason of increased demand, however in the middle of the season assortment could be increased by other plants, received from propagation and planting stock suppliers. Therefore we propose to follow the spring offer ( ref. Excel offer table below); in every specific case please contact us over the phone +371 29506611 or e-mail berzini@berzini.lv.<\/p>\n<p><strong><span class=\"tlid-translation translation\" lang=\"en\"><span class=\"\" title=\"\">Plant catalog for mailing<\/span><\/span><\/strong><\/p>\n<p><a href=\"https:\/\/berzini.lv\/wp-content\/uploads\/2020\/05\/Sutisanai_podos_2020-1.xls\">Poted <\/a><\/p>\n<div id=\"accordion-1\" class=\"accordion no-js\" role=\"tablist\" aria-multiselectable=\"true\"><br \/>\n<h3 id=\"accordion-1-t1\" class=\"accordion-title\" role=\"tab\" aria-controls=\"accordion-1-c1\" aria-selected=\"false\" aria-expanded=\"false\" tabindex=\"0\" >Offer retail 2020:<\/h3><div id=\"accordion-1-c1\" class=\"accordion-content\" role=\"tabpanel\" aria-labelledby=\"accordion-1-t1\" aria-hidden=\"true\"><div class=\"ead-preview\"><div class=\"ead-document\" style=\"position: relative;\"><iframe src=\"\/\/view.officeapps.live.com\/op\/embed.aspx?src=https%3A%2F%2Fberzini.lv%2Fwp-content%2Fuploads%2F2020%2F02%2FBerzini_2020_mazuma.xls\" title=\"Embedded Document\" class=\"ead-iframe\" style=\"width: 100%;height: 500px;border: none;\"><\/iframe><\/div><p class=\"embed_download\"><a href=\"https:\/\/berzini.lv\/wp-content\/uploads\/2020\/02\/Berzini_2020_mazuma.xls\" download >Download <\/a><\/p><\/div><\/div><br \/>\n<\/div>\n<p><strong>Offer wholesale 2020:<\/strong><br \/>\n<noscript class=\"ninja-forms-noscript-message\">\n\tNotice: JavaScript is required for this content.<\/noscript>\nNo Fields Found.<div id=\"nf-form-19-cont\" class=\"nf-form-cont\" aria-live=\"polite\" aria-labelledby=\"nf-form-title-19\" aria-describedby=\"nf-form-errors-19\" role=\"form\">\n\n    <div class=\"nf-loading-spinner\"><\/div>\n\n<\/div>\n        <!-- That data is being printed as a workaround to page builders reordering the order of the scripts loaded-->\n        <script>var formDisplay=1;var nfForms=nfForms||[];var form=[];form.id='19';form.settings={\"ninjaForms\":\"Ninja Forms\",\"changeEmailErrorMsg\":\"Please enter a valid email address!\",\"changeDateErrorMsg\":\"Please enter a valid date!\",\"confirmFieldErrorMsg\":\"These fields must match!\",\"fieldNumberNumMinError\":\"Number Min Error\",\"fieldNumberNumMaxError\":\"Number Max Error\",\"fieldNumberIncrementBy\":\"Please increment by \",\"fieldTextareaRTEInsertLink\":\"Insert Link\",\"fieldTextareaRTEInsertMedia\":\"Insert Media\",\"fieldTextareaRTESelectAFile\":\"Select a file\",\"formErrorsCorrectErrors\":\"Please correct errors before submitting this form.\",\"formHoneypot\":\"If you are a human seeing this field, please leave it empty.\",\"validateRequiredField\":\"This is a required field.\",\"honeypotHoneypotError\":\"Honeypot Error\",\"fileUploadOldCodeFileUploadInProgress\":\"File Upload in Progress.\",\"fileUploadOldCodeFileUpload\":\"FILE UPLOAD\",\"currencySymbol\":\"$\",\"fieldsMarkedRequired\":\"Fields marked with an <span class=\\\"ninja-forms-req-symbol\\\">*<\\\/span> are required\",\"thousands_sep\":\",\",\"decimal_point\":\".\",\"siteLocale\":\"en_US\",\"dateFormat\":\"d\\\/m\\\/Y\",\"startOfWeek\":\"1\",\"of\":\"of\",\"previousMonth\":\"Previous Month\",\"nextMonth\":\"Next Month\",\"months\":[\"January\",\"February\",\"March\",\"April\",\"May\",\"June\",\"July\",\"August\",\"September\",\"October\",\"November\",\"December\"],\"monthsShort\":[\"Jan\",\"Feb\",\"Mar\",\"Apr\",\"May\",\"Jun\",\"Jul\",\"Aug\",\"Sep\",\"Oct\",\"Nov\",\"Dec\"],\"weekdays\":[\"Sunday\",\"Monday\",\"Tuesday\",\"Wednesday\",\"Thursday\",\"Friday\",\"Saturday\"],\"weekdaysShort\":[\"Sun\",\"Mon\",\"Tue\",\"Wed\",\"Thu\",\"Fri\",\"Sat\"],\"weekdaysMin\":[\"Su\",\"Mo\",\"Tu\",\"We\",\"Th\",\"Fr\",\"Sa\"],\"recaptchaConsentMissing\":\"reCaptcha validation couldn&#039;t load.\",\"recaptchaMissingCookie\":\"reCaptcha v3 validation couldn&#039;t load the cookie needed to submit the form.\",\"recaptchaConsentEvent\":\"Accept reCaptcha cookies before sending the form.\",\"embed_form\":\"\",\"currency_symbol\":\"\",\"title\":\"\",\"beforeForm\":\"\",\"beforeFields\":\"\",\"afterFields\":\"\",\"afterForm\":\"\"};form.fields=[];nfForms.push(form);<\/script>\n        <\/p>\n","protected":false},"excerpt":{"rendered":"<p>Unfortunately, due to a large variety and variable demand we cannot ensure persistent offer all season long. Some of plants could be unavailable any more for the reason of increased demand, however in the middle of the season assortment could be increased by other plants, received from propagation and planting stock suppliers. Therefore we propose&hellip;<\/p>\n","protected":false},"author":1,"featured_media":0,"parent":0,"menu_order":0,"comment_status":"closed","ping_status":"closed","template":"","meta":{"ngg_post_thumbnail":0,"footnotes":""},"class_list":["post-808","page","type-page","status-publish","hentry"],"yoast_head":"<!-- This site is optimized with the Yoast SEO plugin v24.1 - https:\/\/yoast.com\/wordpress\/plugins\/seo\/ -->\n<title>Perennials - Zemnieku Saimniec\u012bba &quot;B\u0113rzi\u0146i&quot;<\/title>\n<meta name=\"robots\" content=\"index, follow, max-snippet:-1, max-image-preview:large, max-video-preview:-1\" \/>\n<link rel=\"canonical\" href=\"https:\/\/berzini.lv\/perennials\/\" \/>\n<meta property=\"og:locale\" content=\"en_US\" \/>\n<meta property=\"og:type\" content=\"article\" \/>\n<meta property=\"og:title\" content=\"Perennials - Zemnieku Saimniec\u012bba &quot;B\u0113rzi\u0146i&quot;\" \/>\n<meta property=\"og:description\" content=\"Unfortunately, due to a large variety and variable demand we cannot ensure persistent offer all season long. Some of plants could be unavailable any more for the reason of increased demand, however in the middle of the season assortment could be increased by other plants, received from propagation and planting stock suppliers. Therefore we propose&hellip;\" \/>\n<meta property=\"og:url\" content=\"https:\/\/berzini.lv\/perennials\/\" \/>\n<meta property=\"og:site_name\" content=\"Zemnieku Saimniec\u012bba &quot;B\u0113rzi\u0146i&quot;\" \/>\n<meta property=\"article:modified_time\" content=\"2020-05-18T09:04:55+00:00\" \/>\n<meta name=\"twitter:card\" content=\"summary_large_image\" \/>\n<meta name=\"twitter:label1\" content=\"Est. reading time\" \/>\n\t<meta name=\"twitter:data1\" content=\"1 minute\" \/>\n<script type=\"application\/ld+json\" class=\"yoast-schema-graph\">{\"@context\":\"https:\/\/schema.org\",\"@graph\":[{\"@type\":\"WebPage\",\"@id\":\"https:\/\/berzini.lv\/perennials\/\",\"url\":\"https:\/\/berzini.lv\/perennials\/\",\"name\":\"Perennials - Zemnieku Saimniec\u012bba &quot;B\u0113rzi\u0146i&quot;\",\"isPartOf\":{\"@id\":\"https:\/\/berzini.lv\/#website\"},\"datePublished\":\"2016-06-09T11:22:26+00:00\",\"dateModified\":\"2020-05-18T09:04:55+00:00\",\"breadcrumb\":{\"@id\":\"https:\/\/berzini.lv\/perennials\/#breadcrumb\"},\"inLanguage\":\"en-US\",\"potentialAction\":[{\"@type\":\"ReadAction\",\"target\":[\"https:\/\/berzini.lv\/perennials\/\"]}]},{\"@type\":\"BreadcrumbList\",\"@id\":\"https:\/\/berzini.lv\/perennials\/#breadcrumb\",\"itemListElement\":[{\"@type\":\"ListItem\",\"position\":1,\"name\":\"Home\",\"item\":\"https:\/\/berzini.lv\/en\/\"},{\"@type\":\"ListItem\",\"position\":2,\"name\":\"Perennials\"}]},{\"@type\":\"WebSite\",\"@id\":\"https:\/\/berzini.lv\/#website\",\"url\":\"https:\/\/berzini.lv\/\",\"name\":\"Zemnieku Saimniec\u012bba &quot;B\u0113rzi\u0146i&quot;\",\"description\":\"ee\",\"potentialAction\":[{\"@type\":\"SearchAction\",\"target\":{\"@type\":\"EntryPoint\",\"urlTemplate\":\"https:\/\/berzini.lv\/?s={search_term_string}\"},\"query-input\":{\"@type\":\"PropertyValueSpecification\",\"valueRequired\":true,\"valueName\":\"search_term_string\"}}],\"inLanguage\":\"en-US\"}]}<\/script>\n<!-- \/ Yoast SEO plugin. -->","yoast_head_json":{"title":"Perennials - Zemnieku Saimniec\u012bba &quot;B\u0113rzi\u0146i&quot;","robots":{"index":"index","follow":"follow","max-snippet":"max-snippet:-1","max-image-preview":"max-image-preview:large","max-video-preview":"max-video-preview:-1"},"canonical":"https:\/\/berzini.lv\/perennials\/","og_locale":"en_US","og_type":"article","og_title":"Perennials - Zemnieku Saimniec\u012bba &quot;B\u0113rzi\u0146i&quot;","og_description":"Unfortunately, due to a large variety and variable demand we cannot ensure persistent offer all season long. Some of plants could be unavailable any more for the reason of increased demand, however in the middle of the season assortment could be increased by other plants, received from propagation and planting stock suppliers. Therefore we propose&hellip;","og_url":"https:\/\/berzini.lv\/perennials\/","og_site_name":"Zemnieku Saimniec\u012bba &quot;B\u0113rzi\u0146i&quot;","article_modified_time":"2020-05-18T09:04:55+00:00","twitter_card":"summary_large_image","twitter_misc":{"Est. reading time":"1 minute"},"schema":{"@context":"https:\/\/schema.org","@graph":[{"@type":"WebPage","@id":"https:\/\/berzini.lv\/perennials\/","url":"https:\/\/berzini.lv\/perennials\/","name":"Perennials - Zemnieku Saimniec\u012bba &quot;B\u0113rzi\u0146i&quot;","isPartOf":{"@id":"https:\/\/berzini.lv\/#website"},"datePublished":"2016-06-09T11:22:26+00:00","dateModified":"2020-05-18T09:04:55+00:00","breadcrumb":{"@id":"https:\/\/berzini.lv\/perennials\/#breadcrumb"},"inLanguage":"en-US","potentialAction":[{"@type":"ReadAction","target":["https:\/\/berzini.lv\/perennials\/"]}]},{"@type":"BreadcrumbList","@id":"https:\/\/berzini.lv\/perennials\/#breadcrumb","itemListElement":[{"@type":"ListItem","position":1,"name":"Home","item":"https:\/\/berzini.lv\/en\/"},{"@type":"ListItem","position":2,"name":"Perennials"}]},{"@type":"WebSite","@id":"https:\/\/berzini.lv\/#website","url":"https:\/\/berzini.lv\/","name":"Zemnieku Saimniec\u012bba &quot;B\u0113rzi\u0146i&quot;","description":"ee","potentialAction":[{"@type":"SearchAction","target":{"@type":"EntryPoint","urlTemplate":"https:\/\/berzini.lv\/?s={search_term_string}"},"query-input":{"@type":"PropertyValueSpecification","valueRequired":true,"valueName":"search_term_string"}}],"inLanguage":"en-US"}]}},"_links":{"self":[{"href":"https:\/\/berzini.lv\/en\/wp-json\/wp\/v2\/pages\/808","targetHints":{"allow":["GET"]}}],"collection":[{"href":"https:\/\/berzini.lv\/en\/wp-json\/wp\/v2\/pages"}],"about":[{"href":"https:\/\/berzini.lv\/en\/wp-json\/wp\/v2\/types\/page"}],"author":[{"embeddable":true,"href":"https:\/\/berzini.lv\/en\/wp-json\/wp\/v2\/users\/1"}],"replies":[{"embeddable":true,"href":"https:\/\/berzini.lv\/en\/wp-json\/wp\/v2\/comments?post=808"}],"version-history":[{"count":12,"href":"https:\/\/berzini.lv\/en\/wp-json\/wp\/v2\/pages\/808\/revisions"}],"predecessor-version":[{"id":5051,"href":"https:\/\/berzini.lv\/en\/wp-json\/wp\/v2\/pages\/808\/revisions\/5051"}],"wp:attachment":[{"href":"https:\/\/berzini.lv\/en\/wp-json\/wp\/v2\/media?parent=808"}],"curies":[{"name":"wp","href":"https:\/\/api.w.org\/{rel}","templated":true}]}}