{"id":803,"date":"2016-06-09T11:21:01","date_gmt":"2016-06-09T11:21:01","guid":{"rendered":"https:\/\/berzini.lv\/en\/?page_id=803"},"modified":"2016-06-09T11:21:01","modified_gmt":"2016-06-09T11:21:01","slug":"planters-and-pyramids","status":"publish","type":"page","link":"https:\/\/berzini.lv\/en\/planters-and-pyramids\/","title":{"rendered":"Planters and Pyramids"},"content":{"rendered":"<p>Planters and pyramids are the solution for using flowers where it is impossible or unsuitable to settle a flowerbed. Planters make it possible to lift flowers in third dimension \u2013 place them on barriers, bridge railings, lighting columns or in specially prepared tripods. Whereas pyramids are efficient in big paved places, near massive public or office buildings, on small isles, dividing streets.<\/p>\n<p>Client has to ensure planters and pyramids by his own. As for planting, you can entrust it to us. 5 \u2013 10 planters will not become a problem; please order bigger offers not later than in October preceding year.<\/p>\n","protected":false},"excerpt":{"rendered":"<p>Planters and pyramids are the solution for using flowers where it is impossible or unsuitable to settle a flowerbed. Planters make it possible to lift flowers in third dimension \u2013 place them on barriers, bridge railings, lighting columns or in specially prepared tripods. Whereas pyramids are efficient in big paved places, near massive public or&hellip;<\/p>\n","protected":false},"author":1,"featured_media":0,"parent":0,"menu_order":0,"comment_status":"closed","ping_status":"closed","template":"","meta":{"ngg_post_thumbnail":0,"footnotes":""},"class_list":["post-803","page","type-page","status-publish","hentry"],"yoast_head":"<!-- This site is optimized with the Yoast SEO plugin v24.1 - https:\/\/yoast.com\/wordpress\/plugins\/seo\/ -->\n<title>Planters and Pyramids - Zemnieku Saimniec\u012bba &quot;B\u0113rzi\u0146i&quot;<\/title>\n<meta name=\"robots\" content=\"index, follow, max-snippet:-1, max-image-preview:large, max-video-preview:-1\" \/>\n<link rel=\"canonical\" href=\"https:\/\/berzini.lv\/planters-and-pyramids\/\" \/>\n<meta property=\"og:locale\" content=\"en_US\" \/>\n<meta property=\"og:type\" content=\"article\" \/>\n<meta property=\"og:title\" content=\"Planters and Pyramids - Zemnieku Saimniec\u012bba &quot;B\u0113rzi\u0146i&quot;\" \/>\n<meta property=\"og:description\" content=\"Planters and pyramids are the solution for using flowers where it is impossible or unsuitable to settle a flowerbed. Planters make it possible to lift flowers in third dimension \u2013 place them on barriers, bridge railings, lighting columns or in specially prepared tripods. Whereas pyramids are efficient in big paved places, near massive public or&hellip;\" \/>\n<meta property=\"og:url\" content=\"https:\/\/berzini.lv\/planters-and-pyramids\/\" \/>\n<meta property=\"og:site_name\" content=\"Zemnieku Saimniec\u012bba &quot;B\u0113rzi\u0146i&quot;\" \/>\n<meta name=\"twitter:card\" content=\"summary_large_image\" \/>\n<script type=\"application\/ld+json\" class=\"yoast-schema-graph\">{\"@context\":\"https:\/\/schema.org\",\"@graph\":[{\"@type\":\"WebPage\",\"@id\":\"https:\/\/berzini.lv\/planters-and-pyramids\/\",\"url\":\"https:\/\/berzini.lv\/planters-and-pyramids\/\",\"name\":\"Planters and Pyramids - Zemnieku Saimniec\u012bba &quot;B\u0113rzi\u0146i&quot;\",\"isPartOf\":{\"@id\":\"https:\/\/berzini.lv\/#website\"},\"datePublished\":\"2016-06-09T11:21:01+00:00\",\"dateModified\":\"2016-06-09T11:21:01+00:00\",\"breadcrumb\":{\"@id\":\"https:\/\/berzini.lv\/planters-and-pyramids\/#breadcrumb\"},\"inLanguage\":\"en-US\",\"potentialAction\":[{\"@type\":\"ReadAction\",\"target\":[\"https:\/\/berzini.lv\/planters-and-pyramids\/\"]}]},{\"@type\":\"BreadcrumbList\",\"@id\":\"https:\/\/berzini.lv\/planters-and-pyramids\/#breadcrumb\",\"itemListElement\":[{\"@type\":\"ListItem\",\"position\":1,\"name\":\"Home\",\"item\":\"https:\/\/berzini.lv\/en\/\"},{\"@type\":\"ListItem\",\"position\":2,\"name\":\"Planters and Pyramids\"}]},{\"@type\":\"WebSite\",\"@id\":\"https:\/\/berzini.lv\/#website\",\"url\":\"https:\/\/berzini.lv\/\",\"name\":\"Zemnieku Saimniec\u012bba &quot;B\u0113rzi\u0146i&quot;\",\"description\":\"ee\",\"potentialAction\":[{\"@type\":\"SearchAction\",\"target\":{\"@type\":\"EntryPoint\",\"urlTemplate\":\"https:\/\/berzini.lv\/?s={search_term_string}\"},\"query-input\":{\"@type\":\"PropertyValueSpecification\",\"valueRequired\":true,\"valueName\":\"search_term_string\"}}],\"inLanguage\":\"en-US\"}]}<\/script>\n<!-- \/ Yoast SEO plugin. -->","yoast_head_json":{"title":"Planters and Pyramids - Zemnieku Saimniec\u012bba &quot;B\u0113rzi\u0146i&quot;","robots":{"index":"index","follow":"follow","max-snippet":"max-snippet:-1","max-image-preview":"max-image-preview:large","max-video-preview":"max-video-preview:-1"},"canonical":"https:\/\/berzini.lv\/planters-and-pyramids\/","og_locale":"en_US","og_type":"article","og_title":"Planters and Pyramids - Zemnieku Saimniec\u012bba &quot;B\u0113rzi\u0146i&quot;","og_description":"Planters and pyramids are the solution for using flowers where it is impossible or unsuitable to settle a flowerbed. Planters make it possible to lift flowers in third dimension \u2013 place them on barriers, bridge railings, lighting columns or in specially prepared tripods. Whereas pyramids are efficient in big paved places, near massive public or&hellip;","og_url":"https:\/\/berzini.lv\/planters-and-pyramids\/","og_site_name":"Zemnieku Saimniec\u012bba &quot;B\u0113rzi\u0146i&quot;","twitter_card":"summary_large_image","schema":{"@context":"https:\/\/schema.org","@graph":[{"@type":"WebPage","@id":"https:\/\/berzini.lv\/planters-and-pyramids\/","url":"https:\/\/berzini.lv\/planters-and-pyramids\/","name":"Planters and Pyramids - Zemnieku Saimniec\u012bba &quot;B\u0113rzi\u0146i&quot;","isPartOf":{"@id":"https:\/\/berzini.lv\/#website"},"datePublished":"2016-06-09T11:21:01+00:00","dateModified":"2016-06-09T11:21:01+00:00","breadcrumb":{"@id":"https:\/\/berzini.lv\/planters-and-pyramids\/#breadcrumb"},"inLanguage":"en-US","potentialAction":[{"@type":"ReadAction","target":["https:\/\/berzini.lv\/planters-and-pyramids\/"]}]},{"@type":"BreadcrumbList","@id":"https:\/\/berzini.lv\/planters-and-pyramids\/#breadcrumb","itemListElement":[{"@type":"ListItem","position":1,"name":"Home","item":"https:\/\/berzini.lv\/en\/"},{"@type":"ListItem","position":2,"name":"Planters and Pyramids"}]},{"@type":"WebSite","@id":"https:\/\/berzini.lv\/#website","url":"https:\/\/berzini.lv\/","name":"Zemnieku Saimniec\u012bba &quot;B\u0113rzi\u0146i&quot;","description":"ee","potentialAction":[{"@type":"SearchAction","target":{"@type":"EntryPoint","urlTemplate":"https:\/\/berzini.lv\/?s={search_term_string}"},"query-input":{"@type":"PropertyValueSpecification","valueRequired":true,"valueName":"search_term_string"}}],"inLanguage":"en-US"}]}},"_links":{"self":[{"href":"https:\/\/berzini.lv\/en\/wp-json\/wp\/v2\/pages\/803","targetHints":{"allow":["GET"]}}],"collection":[{"href":"https:\/\/berzini.lv\/en\/wp-json\/wp\/v2\/pages"}],"about":[{"href":"https:\/\/berzini.lv\/en\/wp-json\/wp\/v2\/types\/page"}],"author":[{"embeddable":true,"href":"https:\/\/berzini.lv\/en\/wp-json\/wp\/v2\/users\/1"}],"replies":[{"embeddable":true,"href":"https:\/\/berzini.lv\/en\/wp-json\/wp\/v2\/comments?post=803"}],"version-history":[{"count":1,"href":"https:\/\/berzini.lv\/en\/wp-json\/wp\/v2\/pages\/803\/revisions"}],"predecessor-version":[{"id":804,"href":"https:\/\/berzini.lv\/en\/wp-json\/wp\/v2\/pages\/803\/revisions\/804"}],"wp:attachment":[{"href":"https:\/\/berzini.lv\/en\/wp-json\/wp\/v2\/media?parent=803"}],"curies":[{"name":"wp","href":"https:\/\/api.w.org\/{rel}","templated":true}]}}