{"id":791,"date":"2016-06-09T11:15:42","date_gmt":"2016-06-09T11:15:42","guid":{"rendered":"https:\/\/berzini.lv\/en\/?page_id=791"},"modified":"2025-01-28T06:03:27","modified_gmt":"2025-01-28T06:03:27","slug":"partners","status":"publish","type":"page","link":"https:\/\/berzini.lv\/en\/partners\/","title":{"rendered":"Partners"},"content":{"rendered":"<h3>Suppliers<\/h3>\n<p>We are purchasing raw materials and materials necessary for our work from Latvian producers and exporters of foreign products in Latvia.<\/p>\n<p>Biggest providers of seeds, seedling and cuttings are:<\/p>\n<ul>\n<li>Farm &#8220;Bites&#8221;<\/li>\n<li>LLC &#8220;Onava&#8221; <a href=\"http:\/\/www.onava.lv\/\" target=\"_blank\" rel=\"noopener\">www.onava.lv<\/a><\/li>\n<li>We purchased the most necessary technological equipment for our farm from LLC \u201cSilja\u201d\u2013 pot filling machine \u201cDemtec 800\u201d, tractor Agrokid 210, BIG-pack spreader and conveyer belts, as well as plants, pots and covering materials. <a href=\"http:\/\/www.silja.biz\" target=\"_blank\" rel=\"noopener\">www.silja.biz<\/a><\/li>\n<li>Bare-roots for growing and potting we are purchasing from Jan Verschoor company \u201eA. Verschoor Horticulture import \u2013 export\u201d, Holland.<a href=\"http:\/\/www.verschoorperennials.com\/\" target=\"_blank\" rel=\"noopener\">http:\/\/www.verschoorperennials.com\/<\/a><\/li>\n<li>We are also a distributor of Holland bulb flower growing and packing company JUB. <a href=\"http:\/\/www.jubholland.nl\" target=\"_blank\" rel=\"noopener\">www.jubholland.nl<\/a><\/li>\n<\/ul>\n<p>We are purchasing substratum, manure and pesticide mostly from:<\/p>\n<ul>\n<li>&#8220;Agro Tukums&#8221; LLC<\/li>\n<li>&#8220;Nordtorf&#8221; LLC <a href=\"http:\/\/www.nordtorf.eu\" target=\"_blank\" rel=\"noopener\">www.nordtorf.eu<\/a><\/li>\n<li>&#8220;Laflora&#8221; LLC <a href=\"http:\/\/www.laflora.lv\" target=\"_blank\" rel=\"noopener\">www.laflora.lv <\/a><\/li>\n<li>&#8220;Compactpeat&#8221; LLC <a href=\"http:\/\/www.compaqpeat.lv\" target=\"_blank\" rel=\"noopener\">www.compaqpeat.lv <\/a><\/li>\n<li>\u201cSaldus lab\u012bba\u201d SC<\/li>\n<\/ul>\n<p>Thanks to our partners farm \u201e\u0136ik\u0161i\u201d and Ltd. \u201eKokaudz\u0113tava Baltezers\u201d we have delivered perennials for roof gardens in Moscow and also for parks and seedling dealers in Saint Petersburg.<\/p>\n<h3>Collaboration partners<\/h3>\n<p>From the very first day of our self-dependent farming, we were borrowing money for both big and small purchases and projects from SEB Unibanka, Ventspils branch office. Mutual trust is increasing every year of successful cooperation.<\/p>\n<p>We are actively performing within State Employment Agency programs, providing working places for pupils in summer holidays and employing unemployed persons from target group.<\/p>\n<p>As long as we are farmers, our work is impossible without cooperation with Lauku Atbalsta dienests Zieme\u013ckurzemes RLP.<\/p>\n<p>However, most active cooperation is established among most active plant growers. Large deliveries over the border are impossible without combining offers. Our closest cooperation partners are Plant growers \u201cBai\u017eas\u201d <a href=\"http:\/\/www.baizas.lv\" target=\"_blank\" rel=\"noopener\">www.baizas.lv<\/a> and \u201cPu\u0137u Lauki\u201d <a href=\"http:\/\/www.pukulauki.lv\" target=\"_blank\" rel=\"noopener\">www.pukulauki.lv<\/a>.<\/p>\n<p>Many big and small greening companies are purchasing plants to their clients from us.<\/p>\n<p>We are solving various small technical matters and big problems of strategy together with other farms at St\u0101du Audz\u0113t\u0101ju biedr\u012bba: www.stadi.lv; please check information about our assortment and assortment of other farms and gardening on websites <a href=\"http:\/\/www.horti.lv\" target=\"_blank\" rel=\"noopener\">www.horti.lv<\/a> , <a href=\"http:\/\/www.darzniekiem.lv\" target=\"_blank\" rel=\"noopener\">www.darzniekiem.lv<\/a> and <a href=\"http:\/\/www.darznica.lv\" target=\"_blank\" rel=\"noopener\">www.darznica.lv<\/a>.<\/p>\n","protected":false},"excerpt":{"rendered":"<p>Suppliers We are purchasing raw materials and materials necessary for our work from Latvian producers and exporters of foreign products in Latvia. Biggest providers of seeds, seedling and cuttings are: Farm &#8220;Bites&#8221; LLC &#8220;Onava&#8221; www.onava.lv We purchased the most necessary technological equipment for our farm from LLC \u201cSilja\u201d\u2013 pot filling machine \u201cDemtec 800\u201d, tractor Agrokid&hellip;<\/p>\n","protected":false},"author":1,"featured_media":0,"parent":0,"menu_order":0,"comment_status":"closed","ping_status":"closed","template":"","meta":{"ngg_post_thumbnail":0,"footnotes":""},"class_list":["post-791","page","type-page","status-publish","hentry"],"yoast_head":"<!-- This site is optimized with the Yoast SEO plugin v24.1 - https:\/\/yoast.com\/wordpress\/plugins\/seo\/ -->\n<title>Partners - Zemnieku Saimniec\u012bba &quot;B\u0113rzi\u0146i&quot;<\/title>\n<meta name=\"robots\" content=\"index, follow, max-snippet:-1, max-image-preview:large, max-video-preview:-1\" \/>\n<link rel=\"canonical\" href=\"https:\/\/berzini.lv\/en\/partners\/\" \/>\n<meta property=\"og:locale\" content=\"en_US\" \/>\n<meta property=\"og:type\" content=\"article\" \/>\n<meta property=\"og:title\" content=\"Partners - Zemnieku Saimniec\u012bba &quot;B\u0113rzi\u0146i&quot;\" \/>\n<meta property=\"og:description\" content=\"Suppliers We are purchasing raw materials and materials necessary for our work from Latvian producers and exporters of foreign products in Latvia. Biggest providers of seeds, seedling and cuttings are: Farm &#8220;Bites&#8221; LLC &#8220;Onava&#8221; www.onava.lv We purchased the most necessary technological equipment for our farm from LLC \u201cSilja\u201d\u2013 pot filling machine \u201cDemtec 800\u201d, tractor Agrokid&hellip;\" \/>\n<meta property=\"og:url\" content=\"https:\/\/berzini.lv\/en\/partners\/\" \/>\n<meta property=\"og:site_name\" content=\"Zemnieku Saimniec\u012bba &quot;B\u0113rzi\u0146i&quot;\" \/>\n<meta property=\"article:modified_time\" content=\"2025-01-28T06:03:27+00:00\" \/>\n<meta name=\"twitter:card\" content=\"summary_large_image\" \/>\n<meta name=\"twitter:label1\" content=\"Est. reading time\" \/>\n\t<meta name=\"twitter:data1\" content=\"2 minutes\" \/>\n<script type=\"application\/ld+json\" class=\"yoast-schema-graph\">{\"@context\":\"https:\/\/schema.org\",\"@graph\":[{\"@type\":\"WebPage\",\"@id\":\"https:\/\/berzini.lv\/en\/partners\/\",\"url\":\"https:\/\/berzini.lv\/en\/partners\/\",\"name\":\"Partners - Zemnieku Saimniec\u012bba &quot;B\u0113rzi\u0146i&quot;\",\"isPartOf\":{\"@id\":\"https:\/\/berzini.lv\/#website\"},\"datePublished\":\"2016-06-09T11:15:42+00:00\",\"dateModified\":\"2025-01-28T06:03:27+00:00\",\"breadcrumb\":{\"@id\":\"https:\/\/berzini.lv\/en\/partners\/#breadcrumb\"},\"inLanguage\":\"en-US\",\"potentialAction\":[{\"@type\":\"ReadAction\",\"target\":[\"https:\/\/berzini.lv\/en\/partners\/\"]}]},{\"@type\":\"BreadcrumbList\",\"@id\":\"https:\/\/berzini.lv\/en\/partners\/#breadcrumb\",\"itemListElement\":[{\"@type\":\"ListItem\",\"position\":1,\"name\":\"Home\",\"item\":\"https:\/\/berzini.lv\/en\/\"},{\"@type\":\"ListItem\",\"position\":2,\"name\":\"Partners\"}]},{\"@type\":\"WebSite\",\"@id\":\"https:\/\/berzini.lv\/#website\",\"url\":\"https:\/\/berzini.lv\/\",\"name\":\"Zemnieku Saimniec\u012bba &quot;B\u0113rzi\u0146i&quot;\",\"description\":\"ee\",\"potentialAction\":[{\"@type\":\"SearchAction\",\"target\":{\"@type\":\"EntryPoint\",\"urlTemplate\":\"https:\/\/berzini.lv\/?s={search_term_string}\"},\"query-input\":{\"@type\":\"PropertyValueSpecification\",\"valueRequired\":true,\"valueName\":\"search_term_string\"}}],\"inLanguage\":\"en-US\"}]}<\/script>\n<!-- \/ Yoast SEO plugin. -->","yoast_head_json":{"title":"Partners - Zemnieku Saimniec\u012bba &quot;B\u0113rzi\u0146i&quot;","robots":{"index":"index","follow":"follow","max-snippet":"max-snippet:-1","max-image-preview":"max-image-preview:large","max-video-preview":"max-video-preview:-1"},"canonical":"https:\/\/berzini.lv\/en\/partners\/","og_locale":"en_US","og_type":"article","og_title":"Partners - Zemnieku Saimniec\u012bba &quot;B\u0113rzi\u0146i&quot;","og_description":"Suppliers We are purchasing raw materials and materials necessary for our work from Latvian producers and exporters of foreign products in Latvia. Biggest providers of seeds, seedling and cuttings are: Farm &#8220;Bites&#8221; LLC &#8220;Onava&#8221; www.onava.lv We purchased the most necessary technological equipment for our farm from LLC \u201cSilja\u201d\u2013 pot filling machine \u201cDemtec 800\u201d, tractor Agrokid&hellip;","og_url":"https:\/\/berzini.lv\/en\/partners\/","og_site_name":"Zemnieku Saimniec\u012bba &quot;B\u0113rzi\u0146i&quot;","article_modified_time":"2025-01-28T06:03:27+00:00","twitter_card":"summary_large_image","twitter_misc":{"Est. reading time":"2 minutes"},"schema":{"@context":"https:\/\/schema.org","@graph":[{"@type":"WebPage","@id":"https:\/\/berzini.lv\/en\/partners\/","url":"https:\/\/berzini.lv\/en\/partners\/","name":"Partners - Zemnieku Saimniec\u012bba &quot;B\u0113rzi\u0146i&quot;","isPartOf":{"@id":"https:\/\/berzini.lv\/#website"},"datePublished":"2016-06-09T11:15:42+00:00","dateModified":"2025-01-28T06:03:27+00:00","breadcrumb":{"@id":"https:\/\/berzini.lv\/en\/partners\/#breadcrumb"},"inLanguage":"en-US","potentialAction":[{"@type":"ReadAction","target":["https:\/\/berzini.lv\/en\/partners\/"]}]},{"@type":"BreadcrumbList","@id":"https:\/\/berzini.lv\/en\/partners\/#breadcrumb","itemListElement":[{"@type":"ListItem","position":1,"name":"Home","item":"https:\/\/berzini.lv\/en\/"},{"@type":"ListItem","position":2,"name":"Partners"}]},{"@type":"WebSite","@id":"https:\/\/berzini.lv\/#website","url":"https:\/\/berzini.lv\/","name":"Zemnieku Saimniec\u012bba &quot;B\u0113rzi\u0146i&quot;","description":"ee","potentialAction":[{"@type":"SearchAction","target":{"@type":"EntryPoint","urlTemplate":"https:\/\/berzini.lv\/?s={search_term_string}"},"query-input":{"@type":"PropertyValueSpecification","valueRequired":true,"valueName":"search_term_string"}}],"inLanguage":"en-US"}]}},"_links":{"self":[{"href":"https:\/\/berzini.lv\/en\/wp-json\/wp\/v2\/pages\/791","targetHints":{"allow":["GET"]}}],"collection":[{"href":"https:\/\/berzini.lv\/en\/wp-json\/wp\/v2\/pages"}],"about":[{"href":"https:\/\/berzini.lv\/en\/wp-json\/wp\/v2\/types\/page"}],"author":[{"embeddable":true,"href":"https:\/\/berzini.lv\/en\/wp-json\/wp\/v2\/users\/1"}],"replies":[{"embeddable":true,"href":"https:\/\/berzini.lv\/en\/wp-json\/wp\/v2\/comments?post=791"}],"version-history":[{"count":2,"href":"https:\/\/berzini.lv\/en\/wp-json\/wp\/v2\/pages\/791\/revisions"}],"predecessor-version":[{"id":5850,"href":"https:\/\/berzini.lv\/en\/wp-json\/wp\/v2\/pages\/791\/revisions\/5850"}],"wp:attachment":[{"href":"https:\/\/berzini.lv\/en\/wp-json\/wp\/v2\/media?parent=791"}],"curies":[{"name":"wp","href":"https:\/\/api.w.org\/{rel}","templated":true}]}}