{"id":772,"date":"2016-06-09T10:51:49","date_gmt":"2016-06-09T10:51:49","guid":{"rendered":"https:\/\/berzini.lv\/en\/?page_id=772"},"modified":"2016-06-09T10:51:49","modified_gmt":"2016-06-09T10:51:49","slug":"wholesale","status":"publish","type":"page","link":"https:\/\/berzini.lv\/en\/wholesale\/","title":{"rendered":"Wholesale"},"content":{"rendered":"<h2>How to shop &#8211; Wholesale<\/h2>\n<p>We are offering discount system for Planting companies and landscape designers; discount rates in this system are increasing depending on common volume of purchased goods. We could deliver plants directly to customer\u2019s object \u2013 payments are depending on the volume of purchase and on possibility to combine this delivery together with other deliveries.  We are also selling our production to storekeepers for price, essentially different from retail price. For wholesale prices and procedure of delivery and payment, please call 29501519 Imants or 26012280 Didzis. For information about assortment, please call Iveta 29506611, however, the best way is to send your question or order in Excel table form via e-mail berzini@berzini.lv and pointing out your phone number for us to be able to contact you.<\/p>\n","protected":false},"excerpt":{"rendered":"<p>How to shop &#8211; Wholesale We are offering discount system for Planting companies and landscape designers; discount rates in this system are increasing depending on common volume of purchased goods. We could deliver plants directly to customer\u2019s object \u2013 payments are depending on the volume of purchase and on possibility to combine this delivery together&hellip;<\/p>\n","protected":false},"author":1,"featured_media":0,"parent":0,"menu_order":0,"comment_status":"closed","ping_status":"closed","template":"","meta":{"ngg_post_thumbnail":0,"footnotes":""},"class_list":["post-772","page","type-page","status-publish","hentry"],"yoast_head":"<!-- This site is optimized with the Yoast SEO plugin v24.1 - https:\/\/yoast.com\/wordpress\/plugins\/seo\/ -->\n<title>Wholesale - Zemnieku Saimniec\u012bba &quot;B\u0113rzi\u0146i&quot;<\/title>\n<meta name=\"robots\" content=\"index, follow, max-snippet:-1, max-image-preview:large, max-video-preview:-1\" \/>\n<link rel=\"canonical\" href=\"https:\/\/berzini.lv\/en\/wholesale\/\" \/>\n<meta property=\"og:locale\" content=\"en_US\" \/>\n<meta property=\"og:type\" content=\"article\" \/>\n<meta property=\"og:title\" content=\"Wholesale - Zemnieku Saimniec\u012bba &quot;B\u0113rzi\u0146i&quot;\" \/>\n<meta property=\"og:description\" content=\"How to shop &#8211; Wholesale We are offering discount system for Planting companies and landscape designers; discount rates in this system are increasing depending on common volume of purchased goods. We could deliver plants directly to customer\u2019s object \u2013 payments are depending on the volume of purchase and on possibility to combine this delivery together&hellip;\" \/>\n<meta property=\"og:url\" content=\"https:\/\/berzini.lv\/en\/wholesale\/\" \/>\n<meta property=\"og:site_name\" content=\"Zemnieku Saimniec\u012bba &quot;B\u0113rzi\u0146i&quot;\" \/>\n<meta name=\"twitter:card\" content=\"summary_large_image\" \/>\n<meta name=\"twitter:label1\" content=\"Est. reading time\" \/>\n\t<meta name=\"twitter:data1\" content=\"1 minute\" \/>\n<script type=\"application\/ld+json\" class=\"yoast-schema-graph\">{\"@context\":\"https:\/\/schema.org\",\"@graph\":[{\"@type\":\"WebPage\",\"@id\":\"https:\/\/berzini.lv\/en\/wholesale\/\",\"url\":\"https:\/\/berzini.lv\/en\/wholesale\/\",\"name\":\"Wholesale - Zemnieku Saimniec\u012bba &quot;B\u0113rzi\u0146i&quot;\",\"isPartOf\":{\"@id\":\"https:\/\/berzini.lv\/#website\"},\"datePublished\":\"2016-06-09T10:51:49+00:00\",\"dateModified\":\"2016-06-09T10:51:49+00:00\",\"breadcrumb\":{\"@id\":\"https:\/\/berzini.lv\/en\/wholesale\/#breadcrumb\"},\"inLanguage\":\"en-US\",\"potentialAction\":[{\"@type\":\"ReadAction\",\"target\":[\"https:\/\/berzini.lv\/en\/wholesale\/\"]}]},{\"@type\":\"BreadcrumbList\",\"@id\":\"https:\/\/berzini.lv\/en\/wholesale\/#breadcrumb\",\"itemListElement\":[{\"@type\":\"ListItem\",\"position\":1,\"name\":\"Home\",\"item\":\"https:\/\/berzini.lv\/en\/\"},{\"@type\":\"ListItem\",\"position\":2,\"name\":\"Wholesale\"}]},{\"@type\":\"WebSite\",\"@id\":\"https:\/\/berzini.lv\/#website\",\"url\":\"https:\/\/berzini.lv\/\",\"name\":\"Zemnieku Saimniec\u012bba &quot;B\u0113rzi\u0146i&quot;\",\"description\":\"ee\",\"potentialAction\":[{\"@type\":\"SearchAction\",\"target\":{\"@type\":\"EntryPoint\",\"urlTemplate\":\"https:\/\/berzini.lv\/?s={search_term_string}\"},\"query-input\":{\"@type\":\"PropertyValueSpecification\",\"valueRequired\":true,\"valueName\":\"search_term_string\"}}],\"inLanguage\":\"en-US\"}]}<\/script>\n<!-- \/ Yoast SEO plugin. -->","yoast_head_json":{"title":"Wholesale - Zemnieku Saimniec\u012bba &quot;B\u0113rzi\u0146i&quot;","robots":{"index":"index","follow":"follow","max-snippet":"max-snippet:-1","max-image-preview":"max-image-preview:large","max-video-preview":"max-video-preview:-1"},"canonical":"https:\/\/berzini.lv\/en\/wholesale\/","og_locale":"en_US","og_type":"article","og_title":"Wholesale - Zemnieku Saimniec\u012bba &quot;B\u0113rzi\u0146i&quot;","og_description":"How to shop &#8211; Wholesale We are offering discount system for Planting companies and landscape designers; discount rates in this system are increasing depending on common volume of purchased goods. We could deliver plants directly to customer\u2019s object \u2013 payments are depending on the volume of purchase and on possibility to combine this delivery together&hellip;","og_url":"https:\/\/berzini.lv\/en\/wholesale\/","og_site_name":"Zemnieku Saimniec\u012bba &quot;B\u0113rzi\u0146i&quot;","twitter_card":"summary_large_image","twitter_misc":{"Est. reading time":"1 minute"},"schema":{"@context":"https:\/\/schema.org","@graph":[{"@type":"WebPage","@id":"https:\/\/berzini.lv\/en\/wholesale\/","url":"https:\/\/berzini.lv\/en\/wholesale\/","name":"Wholesale - Zemnieku Saimniec\u012bba &quot;B\u0113rzi\u0146i&quot;","isPartOf":{"@id":"https:\/\/berzini.lv\/#website"},"datePublished":"2016-06-09T10:51:49+00:00","dateModified":"2016-06-09T10:51:49+00:00","breadcrumb":{"@id":"https:\/\/berzini.lv\/en\/wholesale\/#breadcrumb"},"inLanguage":"en-US","potentialAction":[{"@type":"ReadAction","target":["https:\/\/berzini.lv\/en\/wholesale\/"]}]},{"@type":"BreadcrumbList","@id":"https:\/\/berzini.lv\/en\/wholesale\/#breadcrumb","itemListElement":[{"@type":"ListItem","position":1,"name":"Home","item":"https:\/\/berzini.lv\/en\/"},{"@type":"ListItem","position":2,"name":"Wholesale"}]},{"@type":"WebSite","@id":"https:\/\/berzini.lv\/#website","url":"https:\/\/berzini.lv\/","name":"Zemnieku Saimniec\u012bba &quot;B\u0113rzi\u0146i&quot;","description":"ee","potentialAction":[{"@type":"SearchAction","target":{"@type":"EntryPoint","urlTemplate":"https:\/\/berzini.lv\/?s={search_term_string}"},"query-input":{"@type":"PropertyValueSpecification","valueRequired":true,"valueName":"search_term_string"}}],"inLanguage":"en-US"}]}},"_links":{"self":[{"href":"https:\/\/berzini.lv\/en\/wp-json\/wp\/v2\/pages\/772","targetHints":{"allow":["GET"]}}],"collection":[{"href":"https:\/\/berzini.lv\/en\/wp-json\/wp\/v2\/pages"}],"about":[{"href":"https:\/\/berzini.lv\/en\/wp-json\/wp\/v2\/types\/page"}],"author":[{"embeddable":true,"href":"https:\/\/berzini.lv\/en\/wp-json\/wp\/v2\/users\/1"}],"replies":[{"embeddable":true,"href":"https:\/\/berzini.lv\/en\/wp-json\/wp\/v2\/comments?post=772"}],"version-history":[{"count":1,"href":"https:\/\/berzini.lv\/en\/wp-json\/wp\/v2\/pages\/772\/revisions"}],"predecessor-version":[{"id":773,"href":"https:\/\/berzini.lv\/en\/wp-json\/wp\/v2\/pages\/772\/revisions\/773"}],"wp:attachment":[{"href":"https:\/\/berzini.lv\/en\/wp-json\/wp\/v2\/media?parent=772"}],"curies":[{"name":"wp","href":"https:\/\/api.w.org\/{rel}","templated":true}]}}