{"id":769,"date":"2016-06-09T10:50:13","date_gmt":"2016-06-09T10:50:13","guid":{"rendered":"https:\/\/berzini.lv\/en\/?page_id=769"},"modified":"2022-07-21T13:49:19","modified_gmt":"2022-07-21T13:49:19","slug":"bare-root-perennials-from-holland","status":"publish","type":"page","link":"https:\/\/berzini.lv\/en\/bare-root-perennials-from-holland\/","title":{"rendered":"Bare root perennials from Holland"},"content":{"rendered":"<p>Verschoor\u2019s Company offers more than 3000 different bare-root perennial plants. Majority of them are being grown at more than a hundred nurseries of collaboration partners in the Holland, however our demand also includes plants grown both in America and China. Not all the plants from this offer are specialized for Latvian climate and climate of lands further north than Latvia. When offering plants, please take measures if they are specialized for corresponding zone and assess risks.<\/p>\n<p>Purchase order form &#8211; Excel table for next spring is available in late June &#8211; early July. You can see our previous offer below. To avoid situation when plants are unavailable inasmuch as reserved for other client, we summarize purchase orders and send them to the Holland before September 15. Therefore we are accepting such orders from our clients till September 10. Delivery to Latvia is being carried out in early March. Minimum order is one box for separate species and cultivars there is a different multiple specified.<\/p>\n<p><a href=\"https:\/\/berzini.lv\/wp-content\/uploads\/2022\/07\/ENG-bare-root-perennials-Winter-2022-Spring-2023.xlsx\">Bare root perennials 2023<\/a><\/p>\n<p><a href=\"https:\/\/berzini.lv\/wp-content\/uploads\/2022\/07\/ENG-Paeonia-price-list-2022-2023.xlsx\">Paeonia 2023<\/a><\/p>\n<p><a href=\"https:\/\/berzini.lv\/wp-content\/uploads\/2022\/07\/ENG-Paeonia-suffruticosa-Spring-2023-1.xlsx\">Paeonia suffruticosa 2023<\/a><\/p>\n<p><a href=\"https:\/\/berzini.lv\/wp-content\/uploads\/2022\/07\/ENG-Clematis-Spring-2023-1.xlsx\">Clematis 2023<\/a><\/p>\n<p><a href=\"https:\/\/berzini.lv\/wp-content\/uploads\/2022\/07\/ENG-Bare-Root-grasses-and-Bare-Root-Ferns-Spring-2023-1.xlsx\">Bare root grases and ferns 2023<\/a><\/p>\n<p><a href=\"https:\/\/berzini.lv\/wp-content\/uploads\/2022\/07\/ENG-Iris-sibirica-Peacock-Butterfly-Series-Winter-2022-Spring-2023-1.xlsx\">Iris sibirica Peacock Butterfly Series 2023<\/a><\/p>\n<p>&nbsp;<\/p>\n","protected":false},"excerpt":{"rendered":"<p>Verschoor\u2019s Company offers more than 3000 different bare-root perennial plants. Majority of them are being grown at more than a hundred nurseries of collaboration partners in the Holland, however our demand also includes plants grown both in America and China. Not all the plants from this offer are specialized for Latvian climate and climate of&hellip;<\/p>\n","protected":false},"author":1,"featured_media":0,"parent":0,"menu_order":0,"comment_status":"closed","ping_status":"closed","template":"","meta":{"ngg_post_thumbnail":0,"footnotes":""},"class_list":["post-769","page","type-page","status-publish","hentry"],"yoast_head":"<!-- This site is optimized with the Yoast SEO plugin v24.1 - https:\/\/yoast.com\/wordpress\/plugins\/seo\/ -->\n<title>Bare root perennials from Holland - Zemnieku Saimniec\u012bba &quot;B\u0113rzi\u0146i&quot;<\/title>\n<meta name=\"robots\" content=\"index, follow, max-snippet:-1, max-image-preview:large, max-video-preview:-1\" \/>\n<link rel=\"canonical\" href=\"https:\/\/berzini.lv\/bare-root-perennials-from-holland\/\" \/>\n<meta property=\"og:locale\" content=\"en_US\" \/>\n<meta property=\"og:type\" content=\"article\" \/>\n<meta property=\"og:title\" content=\"Bare root perennials from Holland - Zemnieku Saimniec\u012bba &quot;B\u0113rzi\u0146i&quot;\" \/>\n<meta property=\"og:description\" content=\"Verschoor\u2019s Company offers more than 3000 different bare-root perennial plants. Majority of them are being grown at more than a hundred nurseries of collaboration partners in the Holland, however our demand also includes plants grown both in America and China. Not all the plants from this offer are specialized for Latvian climate and climate of&hellip;\" \/>\n<meta property=\"og:url\" content=\"https:\/\/berzini.lv\/bare-root-perennials-from-holland\/\" \/>\n<meta property=\"og:site_name\" content=\"Zemnieku Saimniec\u012bba &quot;B\u0113rzi\u0146i&quot;\" \/>\n<meta property=\"article:modified_time\" content=\"2022-07-21T13:49:19+00:00\" \/>\n<meta name=\"twitter:card\" content=\"summary_large_image\" \/>\n<meta name=\"twitter:label1\" content=\"Est. reading time\" \/>\n\t<meta name=\"twitter:data1\" content=\"1 minute\" \/>\n<script type=\"application\/ld+json\" class=\"yoast-schema-graph\">{\"@context\":\"https:\/\/schema.org\",\"@graph\":[{\"@type\":\"WebPage\",\"@id\":\"https:\/\/berzini.lv\/bare-root-perennials-from-holland\/\",\"url\":\"https:\/\/berzini.lv\/bare-root-perennials-from-holland\/\",\"name\":\"Bare root perennials from Holland - Zemnieku Saimniec\u012bba &quot;B\u0113rzi\u0146i&quot;\",\"isPartOf\":{\"@id\":\"https:\/\/berzini.lv\/#website\"},\"datePublished\":\"2016-06-09T10:50:13+00:00\",\"dateModified\":\"2022-07-21T13:49:19+00:00\",\"breadcrumb\":{\"@id\":\"https:\/\/berzini.lv\/bare-root-perennials-from-holland\/#breadcrumb\"},\"inLanguage\":\"en-US\",\"potentialAction\":[{\"@type\":\"ReadAction\",\"target\":[\"https:\/\/berzini.lv\/bare-root-perennials-from-holland\/\"]}]},{\"@type\":\"BreadcrumbList\",\"@id\":\"https:\/\/berzini.lv\/bare-root-perennials-from-holland\/#breadcrumb\",\"itemListElement\":[{\"@type\":\"ListItem\",\"position\":1,\"name\":\"Home\",\"item\":\"https:\/\/berzini.lv\/en\/\"},{\"@type\":\"ListItem\",\"position\":2,\"name\":\"Bare root perennials from Holland\"}]},{\"@type\":\"WebSite\",\"@id\":\"https:\/\/berzini.lv\/#website\",\"url\":\"https:\/\/berzini.lv\/\",\"name\":\"Zemnieku Saimniec\u012bba &quot;B\u0113rzi\u0146i&quot;\",\"description\":\"ee\",\"potentialAction\":[{\"@type\":\"SearchAction\",\"target\":{\"@type\":\"EntryPoint\",\"urlTemplate\":\"https:\/\/berzini.lv\/?s={search_term_string}\"},\"query-input\":{\"@type\":\"PropertyValueSpecification\",\"valueRequired\":true,\"valueName\":\"search_term_string\"}}],\"inLanguage\":\"en-US\"}]}<\/script>\n<!-- \/ Yoast SEO plugin. -->","yoast_head_json":{"title":"Bare root perennials from Holland - Zemnieku Saimniec\u012bba &quot;B\u0113rzi\u0146i&quot;","robots":{"index":"index","follow":"follow","max-snippet":"max-snippet:-1","max-image-preview":"max-image-preview:large","max-video-preview":"max-video-preview:-1"},"canonical":"https:\/\/berzini.lv\/bare-root-perennials-from-holland\/","og_locale":"en_US","og_type":"article","og_title":"Bare root perennials from Holland - Zemnieku Saimniec\u012bba &quot;B\u0113rzi\u0146i&quot;","og_description":"Verschoor\u2019s Company offers more than 3000 different bare-root perennial plants. Majority of them are being grown at more than a hundred nurseries of collaboration partners in the Holland, however our demand also includes plants grown both in America and China. Not all the plants from this offer are specialized for Latvian climate and climate of&hellip;","og_url":"https:\/\/berzini.lv\/bare-root-perennials-from-holland\/","og_site_name":"Zemnieku Saimniec\u012bba &quot;B\u0113rzi\u0146i&quot;","article_modified_time":"2022-07-21T13:49:19+00:00","twitter_card":"summary_large_image","twitter_misc":{"Est. reading time":"1 minute"},"schema":{"@context":"https:\/\/schema.org","@graph":[{"@type":"WebPage","@id":"https:\/\/berzini.lv\/bare-root-perennials-from-holland\/","url":"https:\/\/berzini.lv\/bare-root-perennials-from-holland\/","name":"Bare root perennials from Holland - Zemnieku Saimniec\u012bba &quot;B\u0113rzi\u0146i&quot;","isPartOf":{"@id":"https:\/\/berzini.lv\/#website"},"datePublished":"2016-06-09T10:50:13+00:00","dateModified":"2022-07-21T13:49:19+00:00","breadcrumb":{"@id":"https:\/\/berzini.lv\/bare-root-perennials-from-holland\/#breadcrumb"},"inLanguage":"en-US","potentialAction":[{"@type":"ReadAction","target":["https:\/\/berzini.lv\/bare-root-perennials-from-holland\/"]}]},{"@type":"BreadcrumbList","@id":"https:\/\/berzini.lv\/bare-root-perennials-from-holland\/#breadcrumb","itemListElement":[{"@type":"ListItem","position":1,"name":"Home","item":"https:\/\/berzini.lv\/en\/"},{"@type":"ListItem","position":2,"name":"Bare root perennials from Holland"}]},{"@type":"WebSite","@id":"https:\/\/berzini.lv\/#website","url":"https:\/\/berzini.lv\/","name":"Zemnieku Saimniec\u012bba &quot;B\u0113rzi\u0146i&quot;","description":"ee","potentialAction":[{"@type":"SearchAction","target":{"@type":"EntryPoint","urlTemplate":"https:\/\/berzini.lv\/?s={search_term_string}"},"query-input":{"@type":"PropertyValueSpecification","valueRequired":true,"valueName":"search_term_string"}}],"inLanguage":"en-US"}]}},"_links":{"self":[{"href":"https:\/\/berzini.lv\/en\/wp-json\/wp\/v2\/pages\/769","targetHints":{"allow":["GET"]}}],"collection":[{"href":"https:\/\/berzini.lv\/en\/wp-json\/wp\/v2\/pages"}],"about":[{"href":"https:\/\/berzini.lv\/en\/wp-json\/wp\/v2\/types\/page"}],"author":[{"embeddable":true,"href":"https:\/\/berzini.lv\/en\/wp-json\/wp\/v2\/users\/1"}],"replies":[{"embeddable":true,"href":"https:\/\/berzini.lv\/en\/wp-json\/wp\/v2\/comments?post=769"}],"version-history":[{"count":4,"href":"https:\/\/berzini.lv\/en\/wp-json\/wp\/v2\/pages\/769\/revisions"}],"predecessor-version":[{"id":5523,"href":"https:\/\/berzini.lv\/en\/wp-json\/wp\/v2\/pages\/769\/revisions\/5523"}],"wp:attachment":[{"href":"https:\/\/berzini.lv\/en\/wp-json\/wp\/v2\/media?parent=769"}],"curies":[{"name":"wp","href":"https:\/\/api.w.org\/{rel}","templated":true}]}}