{"id":764,"date":"2016-06-09T10:45:37","date_gmt":"2016-06-09T10:45:37","guid":{"rendered":"https:\/\/berzini.lv\/en\/?page_id=764"},"modified":"2022-12-13T11:01:59","modified_gmt":"2022-12-13T11:01:59","slug":"jub-flowerbulbs","status":"publish","type":"page","link":"https:\/\/berzini.lv\/en\/jub-flowerbulbs\/","title":{"rendered":"JUB flowerbulbs"},"content":{"rendered":"<h2>JUB flower bulbs and rhizome<\/h2>\n<p><a href=\"http:\/\/www.jubholland.nl\/\" target=\"_blank\" rel=\"noopener noreferrer\">www.jubholland.nl<\/a><\/p>\n<p>Main product of JUB is flower bulbs, corms, rhizomes and tubers. There are also some perennials, roots and rhizomes of which consist bigger reserves of foodstuff and able to stain storage in packing suitable for retail trade.<\/p>\n<p>You should order flowers to be planted in spring before January 20; we are delivering them to Latvia in early March. As for flowers to be planted in autumn, they shall be ordered before July 20; we are delivering them to Latvia in early September. Please check out previous offer below.<\/p>\n<p><a href=\"https:\/\/berzini.lv\/wp-content\/uploads\/2022\/12\/Showboxes-2023-Spring.xls\">Flower bulbs 2023 spring<\/a><\/p>\n<p><a href=\"https:\/\/berzini.lv\/wp-content\/uploads\/2022\/12\/Showboxes-2023-pavasaris.xls\">Showboxes 2023 spring<\/a><\/p>\n<p>We are JUB production distributors in Baltic countries. For mor information about JUB production contact:<\/p>\n<p>Jac Uittenbogaard &amp; Zonen BV<\/p>\n<p>Robijnslaan 43<\/p>\n<p>2211 TG Noordwijkerhout<\/p>\n<p>The Netherlands<\/p>\n<p>Phone: +31 (0)252 373762<\/p>\n<p>Fax: +31 (0)252 377402<\/p>\n<p>E-mail: info@jubholland.nl<\/p>\n<p>Web: <a href=\"http:\/\/www.jubholland.nl\/\" target=\"_blank\" rel=\"noopener noreferrer\">www.jubholland.nl<\/a><\/p>\n","protected":false},"excerpt":{"rendered":"<p>JUB flower bulbs and rhizome www.jubholland.nl Main product of JUB is flower bulbs, corms, rhizomes and tubers. There are also some perennials, roots and rhizomes of which consist bigger reserves of foodstuff and able to stain storage in packing suitable for retail trade. You should order flowers to be planted in spring before January 20;&hellip;<\/p>\n","protected":false},"author":1,"featured_media":0,"parent":0,"menu_order":0,"comment_status":"closed","ping_status":"closed","template":"","meta":{"ngg_post_thumbnail":0,"footnotes":""},"class_list":["post-764","page","type-page","status-publish","hentry"],"yoast_head":"<!-- This site is optimized with the Yoast SEO plugin v24.1 - https:\/\/yoast.com\/wordpress\/plugins\/seo\/ -->\n<title>JUB flowerbulbs - Zemnieku Saimniec\u012bba &quot;B\u0113rzi\u0146i&quot;<\/title>\n<meta name=\"robots\" content=\"index, follow, max-snippet:-1, max-image-preview:large, max-video-preview:-1\" \/>\n<link rel=\"canonical\" href=\"https:\/\/berzini.lv\/en\/jub-flowerbulbs\/\" \/>\n<meta property=\"og:locale\" content=\"en_US\" \/>\n<meta property=\"og:type\" content=\"article\" \/>\n<meta property=\"og:title\" content=\"JUB flowerbulbs - Zemnieku Saimniec\u012bba &quot;B\u0113rzi\u0146i&quot;\" \/>\n<meta property=\"og:description\" content=\"JUB flower bulbs and rhizome www.jubholland.nl Main product of JUB is flower bulbs, corms, rhizomes and tubers. There are also some perennials, roots and rhizomes of which consist bigger reserves of foodstuff and able to stain storage in packing suitable for retail trade. You should order flowers to be planted in spring before January 20;&hellip;\" \/>\n<meta property=\"og:url\" content=\"https:\/\/berzini.lv\/en\/jub-flowerbulbs\/\" \/>\n<meta property=\"og:site_name\" content=\"Zemnieku Saimniec\u012bba &quot;B\u0113rzi\u0146i&quot;\" \/>\n<meta property=\"article:modified_time\" content=\"2022-12-13T11:01:59+00:00\" \/>\n<meta name=\"twitter:card\" content=\"summary_large_image\" \/>\n<meta name=\"twitter:label1\" content=\"Est. reading time\" \/>\n\t<meta name=\"twitter:data1\" content=\"1 minute\" \/>\n<script type=\"application\/ld+json\" class=\"yoast-schema-graph\">{\"@context\":\"https:\/\/schema.org\",\"@graph\":[{\"@type\":\"WebPage\",\"@id\":\"https:\/\/berzini.lv\/en\/jub-flowerbulbs\/\",\"url\":\"https:\/\/berzini.lv\/en\/jub-flowerbulbs\/\",\"name\":\"JUB flowerbulbs - Zemnieku Saimniec\u012bba &quot;B\u0113rzi\u0146i&quot;\",\"isPartOf\":{\"@id\":\"https:\/\/berzini.lv\/#website\"},\"datePublished\":\"2016-06-09T10:45:37+00:00\",\"dateModified\":\"2022-12-13T11:01:59+00:00\",\"breadcrumb\":{\"@id\":\"https:\/\/berzini.lv\/en\/jub-flowerbulbs\/#breadcrumb\"},\"inLanguage\":\"en-US\",\"potentialAction\":[{\"@type\":\"ReadAction\",\"target\":[\"https:\/\/berzini.lv\/en\/jub-flowerbulbs\/\"]}]},{\"@type\":\"BreadcrumbList\",\"@id\":\"https:\/\/berzini.lv\/en\/jub-flowerbulbs\/#breadcrumb\",\"itemListElement\":[{\"@type\":\"ListItem\",\"position\":1,\"name\":\"Home\",\"item\":\"https:\/\/berzini.lv\/en\/\"},{\"@type\":\"ListItem\",\"position\":2,\"name\":\"JUB flowerbulbs\"}]},{\"@type\":\"WebSite\",\"@id\":\"https:\/\/berzini.lv\/#website\",\"url\":\"https:\/\/berzini.lv\/\",\"name\":\"Zemnieku Saimniec\u012bba &quot;B\u0113rzi\u0146i&quot;\",\"description\":\"ee\",\"potentialAction\":[{\"@type\":\"SearchAction\",\"target\":{\"@type\":\"EntryPoint\",\"urlTemplate\":\"https:\/\/berzini.lv\/?s={search_term_string}\"},\"query-input\":{\"@type\":\"PropertyValueSpecification\",\"valueRequired\":true,\"valueName\":\"search_term_string\"}}],\"inLanguage\":\"en-US\"}]}<\/script>\n<!-- \/ Yoast SEO plugin. -->","yoast_head_json":{"title":"JUB flowerbulbs - Zemnieku Saimniec\u012bba &quot;B\u0113rzi\u0146i&quot;","robots":{"index":"index","follow":"follow","max-snippet":"max-snippet:-1","max-image-preview":"max-image-preview:large","max-video-preview":"max-video-preview:-1"},"canonical":"https:\/\/berzini.lv\/en\/jub-flowerbulbs\/","og_locale":"en_US","og_type":"article","og_title":"JUB flowerbulbs - Zemnieku Saimniec\u012bba &quot;B\u0113rzi\u0146i&quot;","og_description":"JUB flower bulbs and rhizome www.jubholland.nl Main product of JUB is flower bulbs, corms, rhizomes and tubers. There are also some perennials, roots and rhizomes of which consist bigger reserves of foodstuff and able to stain storage in packing suitable for retail trade. You should order flowers to be planted in spring before January 20;&hellip;","og_url":"https:\/\/berzini.lv\/en\/jub-flowerbulbs\/","og_site_name":"Zemnieku Saimniec\u012bba &quot;B\u0113rzi\u0146i&quot;","article_modified_time":"2022-12-13T11:01:59+00:00","twitter_card":"summary_large_image","twitter_misc":{"Est. reading time":"1 minute"},"schema":{"@context":"https:\/\/schema.org","@graph":[{"@type":"WebPage","@id":"https:\/\/berzini.lv\/en\/jub-flowerbulbs\/","url":"https:\/\/berzini.lv\/en\/jub-flowerbulbs\/","name":"JUB flowerbulbs - Zemnieku Saimniec\u012bba &quot;B\u0113rzi\u0146i&quot;","isPartOf":{"@id":"https:\/\/berzini.lv\/#website"},"datePublished":"2016-06-09T10:45:37+00:00","dateModified":"2022-12-13T11:01:59+00:00","breadcrumb":{"@id":"https:\/\/berzini.lv\/en\/jub-flowerbulbs\/#breadcrumb"},"inLanguage":"en-US","potentialAction":[{"@type":"ReadAction","target":["https:\/\/berzini.lv\/en\/jub-flowerbulbs\/"]}]},{"@type":"BreadcrumbList","@id":"https:\/\/berzini.lv\/en\/jub-flowerbulbs\/#breadcrumb","itemListElement":[{"@type":"ListItem","position":1,"name":"Home","item":"https:\/\/berzini.lv\/en\/"},{"@type":"ListItem","position":2,"name":"JUB flowerbulbs"}]},{"@type":"WebSite","@id":"https:\/\/berzini.lv\/#website","url":"https:\/\/berzini.lv\/","name":"Zemnieku Saimniec\u012bba &quot;B\u0113rzi\u0146i&quot;","description":"ee","potentialAction":[{"@type":"SearchAction","target":{"@type":"EntryPoint","urlTemplate":"https:\/\/berzini.lv\/?s={search_term_string}"},"query-input":{"@type":"PropertyValueSpecification","valueRequired":true,"valueName":"search_term_string"}}],"inLanguage":"en-US"}]}},"_links":{"self":[{"href":"https:\/\/berzini.lv\/en\/wp-json\/wp\/v2\/pages\/764","targetHints":{"allow":["GET"]}}],"collection":[{"href":"https:\/\/berzini.lv\/en\/wp-json\/wp\/v2\/pages"}],"about":[{"href":"https:\/\/berzini.lv\/en\/wp-json\/wp\/v2\/types\/page"}],"author":[{"embeddable":true,"href":"https:\/\/berzini.lv\/en\/wp-json\/wp\/v2\/users\/1"}],"replies":[{"embeddable":true,"href":"https:\/\/berzini.lv\/en\/wp-json\/wp\/v2\/comments?post=764"}],"version-history":[{"count":7,"href":"https:\/\/berzini.lv\/en\/wp-json\/wp\/v2\/pages\/764\/revisions"}],"predecessor-version":[{"id":5584,"href":"https:\/\/berzini.lv\/en\/wp-json\/wp\/v2\/pages\/764\/revisions\/5584"}],"wp:attachment":[{"href":"https:\/\/berzini.lv\/en\/wp-json\/wp\/v2\/media?parent=764"}],"curies":[{"name":"wp","href":"https:\/\/api.w.org\/{rel}","templated":true}]}}