{"id":759,"date":"2016-02-18T17:19:24","date_gmt":"2016-02-18T17:19:24","guid":{"rendered":"https:\/\/berzini.lv\/en\/?page_id=759"},"modified":"2016-07-04T17:18:16","modified_gmt":"2016-07-04T17:18:16","slug":"galerija","status":"publish","type":"page","link":"https:\/\/berzini.lv\/en\/galerija\/","title":{"rendered":"Gallery"},"content":{"rendered":"<p><div class=\"ngg-pro-album nextgen_pro_grid_album\" id=\"displayed_gallery_f0d8933b62bff11adac03b97fb3b0b20\">\n            <div class='image_container'>\n            <div class='image_link_wrapper'>\n                                <span class=\"gallery_link\">\n                    <a href='https:\/\/berzini.lv\/en\/galerija\/nggallery\/galleries\/izstades-un-gadatirgos'\n                               title=''><picture>\n\t\n<source srcset='https:\/\/berzini.lv\/wp-content\/gallery\/izstades-un-gadatirgos\/thumbs\/thumbs_p_0001.jpg' media=''>\n<img class=\"gallery_preview\" title=\"p_0001\" alt=\"p_0001\" width=\"240\" height=\"160\" style=\"max-width:240px;max-height:160px\" srcset=\"https:\/\/berzini.lv\/wp-content\/gallery\/izstades-un-gadatirgos\/thumbs\/thumbs_p_0001.jpg\"\/>\n<\/picture>                    <\/a>\n                <\/span>\n                <span class=\"caption_link\">\n                    <a href='https:\/\/berzini.lv\/en\/galerija\/nggallery\/galleries\/izstades-un-gadatirgos'\n                               title=''>Exhibitions and fairs<\/a>\n                <\/span>\n                <div class=\"image_description\">\n                                    <\/div>\n                <br class=\"clear\"\/>\n            <\/div>\n        <\/div>\n            <div class='image_container'>\n            <div class='image_link_wrapper'>\n                                <span class=\"gallery_link\">\n                    <a href='https:\/\/berzini.lv\/en\/galerija\/nggallery\/galleries\/lauka'\n                               title=''><picture>\n\t\n<source srcset='https:\/\/berzini.lv\/wp-content\/gallery\/lauka\/thumbs\/thumbs_p_0001.jpg' media=''>\n<img class=\"gallery_preview\" title=\"p_0001\" alt=\"p_0001\" width=\"240\" height=\"160\" style=\"max-width:240px;max-height:160px\" srcset=\"https:\/\/berzini.lv\/wp-content\/gallery\/lauka\/thumbs\/thumbs_p_0001.jpg\"\/>\n<\/picture>                    <\/a>\n                <\/span>\n                <span class=\"caption_link\">\n                    <a href='https:\/\/berzini.lv\/en\/galerija\/nggallery\/galleries\/lauka'\n                               title=''>On field<\/a>\n                <\/span>\n                <div class=\"image_description\">\n                                    <\/div>\n                <br class=\"clear\"\/>\n            <\/div>\n        <\/div>\n            <div class='image_container'>\n            <div class='image_link_wrapper'>\n                                <span class=\"gallery_link\">\n                    <a href='https:\/\/berzini.lv\/en\/galerija\/nggallery\/galleries\/objektos'\n                               title=''><picture>\n\t\n<source srcset='https:\/\/berzini.lv\/wp-content\/gallery\/objektos\/thumbs\/thumbs_p_0001.jpg' media=''>\n<img class=\"gallery_preview\" title=\"p_0001\" alt=\"p_0001\" width=\"240\" height=\"160\" style=\"max-width:240px;max-height:160px\" srcset=\"https:\/\/berzini.lv\/wp-content\/gallery\/objektos\/thumbs\/thumbs_p_0001.jpg\"\/>\n<\/picture>                    <\/a>\n                <\/span>\n                <span class=\"caption_link\">\n                    <a href='https:\/\/berzini.lv\/en\/galerija\/nggallery\/galleries\/objektos'\n                               title=''>In objects<\/a>\n                <\/span>\n                <div class=\"image_description\">\n                                    <\/div>\n                <br class=\"clear\"\/>\n            <\/div>\n        <\/div>\n            <div class='image_container'>\n            <div class='image_link_wrapper'>\n                                <span class=\"gallery_link\">\n                    <a href='https:\/\/berzini.lv\/en\/galerija\/nggallery\/galleries\/siltumnicas'\n                               title=''><picture>\n\t\n<source srcset='https:\/\/berzini.lv\/wp-content\/gallery\/siltumnicas\/thumbs\/thumbs_p_0011.jpg' media=''>\n<img class=\"gallery_preview\" title=\"p_0011\" alt=\"p_0011\" width=\"240\" height=\"160\" style=\"max-width:240px;max-height:160px\" srcset=\"https:\/\/berzini.lv\/wp-content\/gallery\/siltumnicas\/thumbs\/thumbs_p_0011.jpg\"\/>\n<\/picture>                    <\/a>\n                <\/span>\n                <span class=\"caption_link\">\n                    <a href='https:\/\/berzini.lv\/en\/galerija\/nggallery\/galleries\/siltumnicas'\n                               title=''>In greenhouses<\/a>\n                <\/span>\n                <div class=\"image_description\">\n                                    <\/div>\n                <br class=\"clear\"\/>\n            <\/div>\n        <\/div>\n            <div class='image_container'>\n            <div class='image_link_wrapper'>\n                                <span class=\"gallery_link\">\n                    <a href='https:\/\/berzini.lv\/en\/galerija\/nggallery\/galleries\/saimnieciba'\n                               title=''><picture>\n\t\n<source srcset='https:\/\/berzini.lv\/wp-content\/gallery\/saimnieciba\/thumbs\/thumbs_p_0001.jpg' media=''>\n<img class=\"gallery_preview\" title=\"p_0001\" alt=\"p_0001\" width=\"240\" height=\"160\" style=\"max-width:240px;max-height:160px\" srcset=\"https:\/\/berzini.lv\/wp-content\/gallery\/saimnieciba\/thumbs\/thumbs_p_0001.jpg\"\/>\n<\/picture>                    <\/a>\n                <\/span>\n                <span class=\"caption_link\">\n                    <a href='https:\/\/berzini.lv\/en\/galerija\/nggallery\/galleries\/saimnieciba'\n                               title=''>Farm<\/a>\n                <\/span>\n                <div class=\"image_description\">\n                                    <\/div>\n                <br class=\"clear\"\/>\n            <\/div>\n        <\/div>\n    <\/div>\n<\/p>\n","protected":false},"excerpt":{"rendered":"<p>Exhibitions and fairs On field In objects In greenhouses Farm<\/p>\n","protected":false},"author":1,"featured_media":0,"parent":0,"menu_order":0,"comment_status":"closed","ping_status":"closed","template":"","meta":{"ngg_post_thumbnail":0,"footnotes":""},"class_list":["post-759","page","type-page","status-publish","hentry"],"yoast_head":"<!-- This site is optimized with the Yoast SEO plugin v24.1 - https:\/\/yoast.com\/wordpress\/plugins\/seo\/ -->\n<title>Gallery - Zemnieku Saimniec\u012bba &quot;B\u0113rzi\u0146i&quot;<\/title>\n<meta name=\"robots\" content=\"index, follow, max-snippet:-1, max-image-preview:large, max-video-preview:-1\" \/>\n<link rel=\"canonical\" href=\"https:\/\/berzini.lv\/galerija\/\" \/>\n<meta property=\"og:locale\" content=\"en_US\" \/>\n<meta property=\"og:type\" content=\"article\" \/>\n<meta property=\"og:title\" content=\"Gallery - Zemnieku Saimniec\u012bba &quot;B\u0113rzi\u0146i&quot;\" \/>\n<meta property=\"og:description\" content=\"Exhibitions and fairs On field In objects In greenhouses Farm\" \/>\n<meta property=\"og:url\" content=\"https:\/\/berzini.lv\/galerija\/\" \/>\n<meta property=\"og:site_name\" content=\"Zemnieku Saimniec\u012bba &quot;B\u0113rzi\u0146i&quot;\" \/>\n<meta property=\"article:modified_time\" content=\"2016-07-04T17:18:16+00:00\" \/>\n<meta property=\"og:image\" content=\"https:\/\/berzini.lv\/nextgen-attach_to_post\/preview\/id--1423\" \/>\n<meta name=\"twitter:card\" content=\"summary_large_image\" \/>\n<script type=\"application\/ld+json\" class=\"yoast-schema-graph\">{\"@context\":\"https:\/\/schema.org\",\"@graph\":[{\"@type\":\"WebPage\",\"@id\":\"https:\/\/berzini.lv\/galerija\/\",\"url\":\"https:\/\/berzini.lv\/galerija\/\",\"name\":\"Gallery - Zemnieku Saimniec\u012bba &quot;B\u0113rzi\u0146i&quot;\",\"isPartOf\":{\"@id\":\"https:\/\/berzini.lv\/#website\"},\"primaryImageOfPage\":{\"@id\":\"https:\/\/berzini.lv\/galerija\/#primaryimage\"},\"image\":{\"@id\":\"https:\/\/berzini.lv\/galerija\/#primaryimage\"},\"thumbnailUrl\":\"https:\/\/berzini.lv\/nextgen-attach_to_post\/preview\/id--1423\",\"datePublished\":\"2016-02-18T17:19:24+00:00\",\"dateModified\":\"2016-07-04T17:18:16+00:00\",\"breadcrumb\":{\"@id\":\"https:\/\/berzini.lv\/galerija\/#breadcrumb\"},\"inLanguage\":\"en-US\",\"potentialAction\":[{\"@type\":\"ReadAction\",\"target\":[\"https:\/\/berzini.lv\/galerija\/\"]}]},{\"@type\":\"ImageObject\",\"inLanguage\":\"en-US\",\"@id\":\"https:\/\/berzini.lv\/galerija\/#primaryimage\",\"url\":\"https:\/\/berzini.lv\/nextgen-attach_to_post\/preview\/id--1423\",\"contentUrl\":\"https:\/\/berzini.lv\/nextgen-attach_to_post\/preview\/id--1423\"},{\"@type\":\"BreadcrumbList\",\"@id\":\"https:\/\/berzini.lv\/galerija\/#breadcrumb\",\"itemListElement\":[{\"@type\":\"ListItem\",\"position\":1,\"name\":\"Home\",\"item\":\"https:\/\/berzini.lv\/en\/\"},{\"@type\":\"ListItem\",\"position\":2,\"name\":\"Gallery\"}]},{\"@type\":\"WebSite\",\"@id\":\"https:\/\/berzini.lv\/#website\",\"url\":\"https:\/\/berzini.lv\/\",\"name\":\"Zemnieku Saimniec\u012bba &quot;B\u0113rzi\u0146i&quot;\",\"description\":\"ee\",\"potentialAction\":[{\"@type\":\"SearchAction\",\"target\":{\"@type\":\"EntryPoint\",\"urlTemplate\":\"https:\/\/berzini.lv\/?s={search_term_string}\"},\"query-input\":{\"@type\":\"PropertyValueSpecification\",\"valueRequired\":true,\"valueName\":\"search_term_string\"}}],\"inLanguage\":\"en-US\"}]}<\/script>\n<!-- \/ Yoast SEO plugin. -->","yoast_head_json":{"title":"Gallery - Zemnieku Saimniec\u012bba &quot;B\u0113rzi\u0146i&quot;","robots":{"index":"index","follow":"follow","max-snippet":"max-snippet:-1","max-image-preview":"max-image-preview:large","max-video-preview":"max-video-preview:-1"},"canonical":"https:\/\/berzini.lv\/galerija\/","og_locale":"en_US","og_type":"article","og_title":"Gallery - Zemnieku Saimniec\u012bba &quot;B\u0113rzi\u0146i&quot;","og_description":"Exhibitions and fairs On field In objects In greenhouses Farm","og_url":"https:\/\/berzini.lv\/galerija\/","og_site_name":"Zemnieku Saimniec\u012bba &quot;B\u0113rzi\u0146i&quot;","article_modified_time":"2016-07-04T17:18:16+00:00","og_image":[{"url":"https:\/\/berzini.lv\/nextgen-attach_to_post\/preview\/id--1423","type":"","width":"","height":""}],"twitter_card":"summary_large_image","schema":{"@context":"https:\/\/schema.org","@graph":[{"@type":"WebPage","@id":"https:\/\/berzini.lv\/galerija\/","url":"https:\/\/berzini.lv\/galerija\/","name":"Gallery - Zemnieku Saimniec\u012bba &quot;B\u0113rzi\u0146i&quot;","isPartOf":{"@id":"https:\/\/berzini.lv\/#website"},"primaryImageOfPage":{"@id":"https:\/\/berzini.lv\/galerija\/#primaryimage"},"image":{"@id":"https:\/\/berzini.lv\/galerija\/#primaryimage"},"thumbnailUrl":"https:\/\/berzini.lv\/nextgen-attach_to_post\/preview\/id--1423","datePublished":"2016-02-18T17:19:24+00:00","dateModified":"2016-07-04T17:18:16+00:00","breadcrumb":{"@id":"https:\/\/berzini.lv\/galerija\/#breadcrumb"},"inLanguage":"en-US","potentialAction":[{"@type":"ReadAction","target":["https:\/\/berzini.lv\/galerija\/"]}]},{"@type":"ImageObject","inLanguage":"en-US","@id":"https:\/\/berzini.lv\/galerija\/#primaryimage","url":"https:\/\/berzini.lv\/nextgen-attach_to_post\/preview\/id--1423","contentUrl":"https:\/\/berzini.lv\/nextgen-attach_to_post\/preview\/id--1423"},{"@type":"BreadcrumbList","@id":"https:\/\/berzini.lv\/galerija\/#breadcrumb","itemListElement":[{"@type":"ListItem","position":1,"name":"Home","item":"https:\/\/berzini.lv\/en\/"},{"@type":"ListItem","position":2,"name":"Gallery"}]},{"@type":"WebSite","@id":"https:\/\/berzini.lv\/#website","url":"https:\/\/berzini.lv\/","name":"Zemnieku Saimniec\u012bba &quot;B\u0113rzi\u0146i&quot;","description":"ee","potentialAction":[{"@type":"SearchAction","target":{"@type":"EntryPoint","urlTemplate":"https:\/\/berzini.lv\/?s={search_term_string}"},"query-input":{"@type":"PropertyValueSpecification","valueRequired":true,"valueName":"search_term_string"}}],"inLanguage":"en-US"}]}},"_links":{"self":[{"href":"https:\/\/berzini.lv\/en\/wp-json\/wp\/v2\/pages\/759","targetHints":{"allow":["GET"]}}],"collection":[{"href":"https:\/\/berzini.lv\/en\/wp-json\/wp\/v2\/pages"}],"about":[{"href":"https:\/\/berzini.lv\/en\/wp-json\/wp\/v2\/types\/page"}],"author":[{"embeddable":true,"href":"https:\/\/berzini.lv\/en\/wp-json\/wp\/v2\/users\/1"}],"replies":[{"embeddable":true,"href":"https:\/\/berzini.lv\/en\/wp-json\/wp\/v2\/comments?post=759"}],"version-history":[{"count":8,"href":"https:\/\/berzini.lv\/en\/wp-json\/wp\/v2\/pages\/759\/revisions"}],"predecessor-version":[{"id":1424,"href":"https:\/\/berzini.lv\/en\/wp-json\/wp\/v2\/pages\/759\/revisions\/1424"}],"wp:attachment":[{"href":"https:\/\/berzini.lv\/en\/wp-json\/wp\/v2\/media?parent=759"}],"curies":[{"name":"wp","href":"https:\/\/api.w.org\/{rel}","templated":true}]}}