{"id":748,"date":"2016-06-09T10:40:05","date_gmt":"2016-06-09T10:40:05","guid":{"rendered":"https:\/\/berzini.lv\/en\/?page_id=748"},"modified":"2016-06-09T10:40:05","modified_gmt":"2016-06-09T10:40:05","slug":"about-us","status":"publish","type":"page","link":"https:\/\/berzini.lv\/en\/about-us\/","title":{"rendered":"About us"},"content":{"rendered":"<h2>Welcome to our world of flowers!<\/h2>\n<p>Farm \u201eB\u0113rzi\u0146i\u201d started its activity in 1991 as family business. In our first years we were dealing with growing of vegetables and plants of very large variety. In middle nineties due to change of market situation we reorientated to adornment plants \u2013 firstly to summer flowers, later also to perennial ones. Such choice was made due to the fact that we felt lack of perennial flower plants very strongly as well as we started projecting and planting greeneries. After offer we were growing flower planters and pyramids. Our biggest customer for many years is Ventspils Komun\u0101l\u0101 p\u0101rvalde.<\/p>\n<p>There are 2200 m2 seasoned and double-wall greenhouses now, 120 to 140 thousands of potted perennial plants in areas of 7000 square metres.<\/p>\n<p>Fastest growing branch in farming today is perennial flower planting. We offer 300 \u2013 450 various potted plants constantly, but if counting also bare-roots, there are more than 1000 various plants available for landscapers. There are more than one thousand and three hundred of them in collection. You can find dozens of sun-loving plants for dry rock-garden, as well as more than 2m high heliophobes for waterside or tree park shade. Assortment is being enriched every year.<\/p>\n<p>Moreover, our farm is a representative of two Netherland Companies \u2013 \u201eA.Verschoor horticulture import \u2013 export\u201d and \u201eJac Uittenbogaard &amp; Zonen BV\u201d (JUB) in Baltic states. First of them is trading perennial flower plants and Clematises \u2013 both import and export worldwide, as well as selection of different cultivars. Second company is growing and exporting bulb flowers and tuberous plants.<\/p>\n<p>Using support of European Union Fund ELFLA \u201cModernization of farms\u201d farm in 2010-2011 enlarged pot areas, constructed new greenhouses, arranged sprinkler system and purchased new technical equipment.<\/p>\n<p>We started producing Christmas products to decreased seasonality of works. Today this branch gives us possibility to employ workers also in winter. We are making Advent wreaths and candlesticks from different natural materials and providing natural materials for floristic.<\/p>\n<p>\u201cGreen wall\u201d delivery and installation is a completely new branch, where we still have to study a lot.<\/p>\n<p align=\"center\"><img loading=\"lazy\" decoding=\"async\" src=\"\/wp-content\/uploads\/2016\/02\/ES.png\" alt=\"\" width=\"300\" height=\"70\" \/> <img loading=\"lazy\" decoding=\"async\" src=\"\/wp-content\/uploads\/2016\/02\/elfla_logo_7e1d7.png\" alt=\"\" width=\"300\" height=\"70\" \/> <img loading=\"lazy\" decoding=\"async\" src=\"\/wp-content\/uploads\/2016\/02\/lad_bezuzr_kras.png\" alt=\"\" width=\"200\" height=\"70\" \/><\/p>\n","protected":false},"excerpt":{"rendered":"<p>Welcome to our world of flowers! Farm \u201eB\u0113rzi\u0146i\u201d started its activity in 1991 as family business. In our first years we were dealing with growing of vegetables and plants of very large variety. In middle nineties due to change of market situation we reorientated to adornment plants \u2013 firstly to summer flowers, later also to&hellip;<\/p>\n","protected":false},"author":1,"featured_media":0,"parent":0,"menu_order":0,"comment_status":"closed","ping_status":"closed","template":"","meta":{"ngg_post_thumbnail":0,"footnotes":""},"class_list":["post-748","page","type-page","status-publish","hentry"],"yoast_head":"<!-- This site is optimized with the Yoast SEO plugin v24.1 - https:\/\/yoast.com\/wordpress\/plugins\/seo\/ -->\n<title>About us - Zemnieku Saimniec\u012bba &quot;B\u0113rzi\u0146i&quot;<\/title>\n<meta name=\"robots\" content=\"index, follow, max-snippet:-1, max-image-preview:large, max-video-preview:-1\" \/>\n<link rel=\"canonical\" href=\"https:\/\/berzini.lv\/par-mums\/\" \/>\n<meta property=\"og:locale\" content=\"en_US\" \/>\n<meta property=\"og:type\" content=\"article\" \/>\n<meta property=\"og:title\" content=\"About us - Zemnieku Saimniec\u012bba &quot;B\u0113rzi\u0146i&quot;\" \/>\n<meta property=\"og:description\" content=\"Welcome to our world of flowers! Farm \u201eB\u0113rzi\u0146i\u201d started its activity in 1991 as family business. In our first years we were dealing with growing of vegetables and plants of very large variety. In middle nineties due to change of market situation we reorientated to adornment plants \u2013 firstly to summer flowers, later also to&hellip;\" \/>\n<meta property=\"og:url\" content=\"https:\/\/berzini.lv\/par-mums\/\" \/>\n<meta property=\"og:site_name\" content=\"Zemnieku Saimniec\u012bba &quot;B\u0113rzi\u0146i&quot;\" \/>\n<meta name=\"twitter:card\" content=\"summary_large_image\" \/>\n<meta name=\"twitter:label1\" content=\"Est. reading time\" \/>\n\t<meta name=\"twitter:data1\" content=\"2 minutes\" \/>\n<script type=\"application\/ld+json\" class=\"yoast-schema-graph\">{\"@context\":\"https:\/\/schema.org\",\"@graph\":[{\"@type\":\"WebPage\",\"@id\":\"https:\/\/berzini.lv\/par-mums\/\",\"url\":\"https:\/\/berzini.lv\/par-mums\/\",\"name\":\"About us - Zemnieku Saimniec\u012bba &quot;B\u0113rzi\u0146i&quot;\",\"isPartOf\":{\"@id\":\"https:\/\/berzini.lv\/#website\"},\"datePublished\":\"2016-06-09T10:40:05+00:00\",\"dateModified\":\"2016-06-09T10:40:05+00:00\",\"breadcrumb\":{\"@id\":\"https:\/\/berzini.lv\/par-mums\/#breadcrumb\"},\"inLanguage\":\"en-US\",\"potentialAction\":[{\"@type\":\"ReadAction\",\"target\":[\"https:\/\/berzini.lv\/par-mums\/\"]}]},{\"@type\":\"BreadcrumbList\",\"@id\":\"https:\/\/berzini.lv\/par-mums\/#breadcrumb\",\"itemListElement\":[{\"@type\":\"ListItem\",\"position\":1,\"name\":\"Home\",\"item\":\"https:\/\/berzini.lv\/en\/\"},{\"@type\":\"ListItem\",\"position\":2,\"name\":\"About us\"}]},{\"@type\":\"WebSite\",\"@id\":\"https:\/\/berzini.lv\/#website\",\"url\":\"https:\/\/berzini.lv\/\",\"name\":\"Zemnieku Saimniec\u012bba &quot;B\u0113rzi\u0146i&quot;\",\"description\":\"ee\",\"potentialAction\":[{\"@type\":\"SearchAction\",\"target\":{\"@type\":\"EntryPoint\",\"urlTemplate\":\"https:\/\/berzini.lv\/?s={search_term_string}\"},\"query-input\":{\"@type\":\"PropertyValueSpecification\",\"valueRequired\":true,\"valueName\":\"search_term_string\"}}],\"inLanguage\":\"en-US\"}]}<\/script>\n<!-- \/ Yoast SEO plugin. -->","yoast_head_json":{"title":"About us - Zemnieku Saimniec\u012bba &quot;B\u0113rzi\u0146i&quot;","robots":{"index":"index","follow":"follow","max-snippet":"max-snippet:-1","max-image-preview":"max-image-preview:large","max-video-preview":"max-video-preview:-1"},"canonical":"https:\/\/berzini.lv\/par-mums\/","og_locale":"en_US","og_type":"article","og_title":"About us - Zemnieku Saimniec\u012bba &quot;B\u0113rzi\u0146i&quot;","og_description":"Welcome to our world of flowers! Farm \u201eB\u0113rzi\u0146i\u201d started its activity in 1991 as family business. In our first years we were dealing with growing of vegetables and plants of very large variety. In middle nineties due to change of market situation we reorientated to adornment plants \u2013 firstly to summer flowers, later also to&hellip;","og_url":"https:\/\/berzini.lv\/par-mums\/","og_site_name":"Zemnieku Saimniec\u012bba &quot;B\u0113rzi\u0146i&quot;","twitter_card":"summary_large_image","twitter_misc":{"Est. reading time":"2 minutes"},"schema":{"@context":"https:\/\/schema.org","@graph":[{"@type":"WebPage","@id":"https:\/\/berzini.lv\/par-mums\/","url":"https:\/\/berzini.lv\/par-mums\/","name":"About us - Zemnieku Saimniec\u012bba &quot;B\u0113rzi\u0146i&quot;","isPartOf":{"@id":"https:\/\/berzini.lv\/#website"},"datePublished":"2016-06-09T10:40:05+00:00","dateModified":"2016-06-09T10:40:05+00:00","breadcrumb":{"@id":"https:\/\/berzini.lv\/par-mums\/#breadcrumb"},"inLanguage":"en-US","potentialAction":[{"@type":"ReadAction","target":["https:\/\/berzini.lv\/par-mums\/"]}]},{"@type":"BreadcrumbList","@id":"https:\/\/berzini.lv\/par-mums\/#breadcrumb","itemListElement":[{"@type":"ListItem","position":1,"name":"Home","item":"https:\/\/berzini.lv\/en\/"},{"@type":"ListItem","position":2,"name":"About us"}]},{"@type":"WebSite","@id":"https:\/\/berzini.lv\/#website","url":"https:\/\/berzini.lv\/","name":"Zemnieku Saimniec\u012bba &quot;B\u0113rzi\u0146i&quot;","description":"ee","potentialAction":[{"@type":"SearchAction","target":{"@type":"EntryPoint","urlTemplate":"https:\/\/berzini.lv\/?s={search_term_string}"},"query-input":{"@type":"PropertyValueSpecification","valueRequired":true,"valueName":"search_term_string"}}],"inLanguage":"en-US"}]}},"_links":{"self":[{"href":"https:\/\/berzini.lv\/en\/wp-json\/wp\/v2\/pages\/748","targetHints":{"allow":["GET"]}}],"collection":[{"href":"https:\/\/berzini.lv\/en\/wp-json\/wp\/v2\/pages"}],"about":[{"href":"https:\/\/berzini.lv\/en\/wp-json\/wp\/v2\/types\/page"}],"author":[{"embeddable":true,"href":"https:\/\/berzini.lv\/en\/wp-json\/wp\/v2\/users\/1"}],"replies":[{"embeddable":true,"href":"https:\/\/berzini.lv\/en\/wp-json\/wp\/v2\/comments?post=748"}],"version-history":[{"count":1,"href":"https:\/\/berzini.lv\/en\/wp-json\/wp\/v2\/pages\/748\/revisions"}],"predecessor-version":[{"id":749,"href":"https:\/\/berzini.lv\/en\/wp-json\/wp\/v2\/pages\/748\/revisions\/749"}],"wp:attachment":[{"href":"https:\/\/berzini.lv\/en\/wp-json\/wp\/v2\/media?parent=748"}],"curies":[{"name":"wp","href":"https:\/\/api.w.org\/{rel}","templated":true}]}}