{"id":742,"date":"2016-06-09T10:37:43","date_gmt":"2016-06-09T10:37:43","guid":{"rendered":"https:\/\/berzini.lv\/en\/?page_id=742"},"modified":"2018-01-23T11:37:41","modified_gmt":"2018-01-23T11:37:41","slug":"contacts","status":"publish","type":"page","link":"https:\/\/berzini.lv\/en\/contacts\/","title":{"rendered":"Contacts"},"content":{"rendered":"<div class=\"row\">\n<div class=\"col-md-6\">\n<p>e-mail: berzini@berzini.lv<br \/>\nIveta \u2013 flowers, assortment: +371 29506611, iveta@berzini.lv<br \/>\nDidzis \u2013 common questions, contracts: +371 26012280, didzis@berzini.lv<br \/>\nImants \u2013 common questions, contracts: +371 29501519, imants@berzini.lv<br \/>\nOsvalds \u2013 website maintenance: +371 29556028, osvalds@berzini.lv<\/p>\n<p><img loading=\"lazy\" decoding=\"async\" src=\"https:\/\/berzini.lv\/wp-content\/uploads\/2016\/06\/karte_small-300x170.jpg\" alt=\"\" width=\"448\" height=\"254\" class=\"aligncenter size-medium wp-image-3796\" srcset=\"https:\/\/berzini.lv\/wp-content\/uploads\/2016\/06\/karte_small-300x170.jpg 300w, https:\/\/berzini.lv\/wp-content\/uploads\/2016\/06\/karte_small.jpg 448w\" sizes=\"auto, (max-width: 448px) 100vw, 448px\" \/><\/p>\n<\/div>\n<p><iframe loading=\"lazy\" src=\"https:\/\/www.google.com\/maps\/embed?pb=!1m18!1m12!1m3!1d2149.6652070070154!2d21.85349161630743!3d57.39884668102551!2m3!1f0!2f0!3f0!3m2!1i1024!2i768!4f13.1!3m3!1m2!1s0x46f1da92680189df%3A0xa801876a2417d29d!2sLiepu+iela+4%2C+Pope%2C+Popes+pagasts%2C+LV-3614!5e0!3m2!1sen!2slv!4v1516706949953\" width=\"600\" height=\"450\" frameborder=\"0\" style=\"border:0\" allowfullscreen><\/iframe>\n<\/div>\n","protected":false},"excerpt":{"rendered":"<p>e-mail: berzini@berzini.lv Iveta \u2013 flowers, assortment: +371 29506611, iveta@berzini.lv Didzis \u2013 common questions, contracts: +371 26012280, didzis@berzini.lv Imants \u2013 common questions, contracts: +371 29501519, imants@berzini.lv Osvalds \u2013 website maintenance: +371 29556028, osvalds@berzini.lv<\/p>\n","protected":false},"author":1,"featured_media":0,"parent":0,"menu_order":0,"comment_status":"closed","ping_status":"closed","template":"","meta":{"ngg_post_thumbnail":0,"footnotes":""},"class_list":["post-742","page","type-page","status-publish","hentry"],"yoast_head":"<!-- This site is optimized with the Yoast SEO plugin v24.1 - https:\/\/yoast.com\/wordpress\/plugins\/seo\/ -->\n<title>Contacts - Zemnieku Saimniec\u012bba &quot;B\u0113rzi\u0146i&quot;<\/title>\n<meta name=\"robots\" content=\"index, follow, max-snippet:-1, max-image-preview:large, max-video-preview:-1\" \/>\n<link rel=\"canonical\" href=\"https:\/\/berzini.lv\/kontakti\/\" \/>\n<meta property=\"og:locale\" content=\"en_US\" \/>\n<meta property=\"og:type\" content=\"article\" \/>\n<meta property=\"og:title\" content=\"Contacts - Zemnieku Saimniec\u012bba &quot;B\u0113rzi\u0146i&quot;\" \/>\n<meta property=\"og:description\" content=\"e-mail: berzini@berzini.lv Iveta \u2013 flowers, assortment: +371 29506611, iveta@berzini.lv Didzis \u2013 common questions, contracts: +371 26012280, didzis@berzini.lv Imants \u2013 common questions, contracts: +371 29501519, imants@berzini.lv Osvalds \u2013 website maintenance: +371 29556028, osvalds@berzini.lv\" \/>\n<meta property=\"og:url\" content=\"https:\/\/berzini.lv\/kontakti\/\" \/>\n<meta property=\"og:site_name\" content=\"Zemnieku Saimniec\u012bba &quot;B\u0113rzi\u0146i&quot;\" \/>\n<meta property=\"article:modified_time\" content=\"2018-01-23T11:37:41+00:00\" \/>\n<meta property=\"og:image\" content=\"https:\/\/berzini.lv\/wp-content\/uploads\/2016\/06\/karte_small.jpg\" \/>\n\t<meta property=\"og:image:width\" content=\"448\" \/>\n\t<meta property=\"og:image:height\" content=\"254\" \/>\n\t<meta property=\"og:image:type\" content=\"image\/jpeg\" \/>\n<meta name=\"twitter:card\" content=\"summary_large_image\" \/>\n<script type=\"application\/ld+json\" class=\"yoast-schema-graph\">{\"@context\":\"https:\/\/schema.org\",\"@graph\":[{\"@type\":\"WebPage\",\"@id\":\"https:\/\/berzini.lv\/kontakti\/\",\"url\":\"https:\/\/berzini.lv\/kontakti\/\",\"name\":\"Contacts - Zemnieku Saimniec\u012bba &quot;B\u0113rzi\u0146i&quot;\",\"isPartOf\":{\"@id\":\"https:\/\/berzini.lv\/#website\"},\"primaryImageOfPage\":{\"@id\":\"https:\/\/berzini.lv\/kontakti\/#primaryimage\"},\"image\":{\"@id\":\"https:\/\/berzini.lv\/kontakti\/#primaryimage\"},\"thumbnailUrl\":\"https:\/\/berzini.lv\/wp-content\/uploads\/2016\/06\/karte_small-300x170.jpg\",\"datePublished\":\"2016-06-09T10:37:43+00:00\",\"dateModified\":\"2018-01-23T11:37:41+00:00\",\"breadcrumb\":{\"@id\":\"https:\/\/berzini.lv\/kontakti\/#breadcrumb\"},\"inLanguage\":\"en-US\",\"potentialAction\":[{\"@type\":\"ReadAction\",\"target\":[\"https:\/\/berzini.lv\/kontakti\/\"]}]},{\"@type\":\"ImageObject\",\"inLanguage\":\"en-US\",\"@id\":\"https:\/\/berzini.lv\/kontakti\/#primaryimage\",\"url\":\"https:\/\/berzini.lv\/wp-content\/uploads\/2016\/06\/karte_small-300x170.jpg\",\"contentUrl\":\"https:\/\/berzini.lv\/wp-content\/uploads\/2016\/06\/karte_small-300x170.jpg\"},{\"@type\":\"BreadcrumbList\",\"@id\":\"https:\/\/berzini.lv\/kontakti\/#breadcrumb\",\"itemListElement\":[{\"@type\":\"ListItem\",\"position\":1,\"name\":\"Home\",\"item\":\"https:\/\/berzini.lv\/en\/\"},{\"@type\":\"ListItem\",\"position\":2,\"name\":\"Contacts\"}]},{\"@type\":\"WebSite\",\"@id\":\"https:\/\/berzini.lv\/#website\",\"url\":\"https:\/\/berzini.lv\/\",\"name\":\"Zemnieku Saimniec\u012bba &quot;B\u0113rzi\u0146i&quot;\",\"description\":\"ee\",\"potentialAction\":[{\"@type\":\"SearchAction\",\"target\":{\"@type\":\"EntryPoint\",\"urlTemplate\":\"https:\/\/berzini.lv\/?s={search_term_string}\"},\"query-input\":{\"@type\":\"PropertyValueSpecification\",\"valueRequired\":true,\"valueName\":\"search_term_string\"}}],\"inLanguage\":\"en-US\"}]}<\/script>\n<!-- \/ Yoast SEO plugin. -->","yoast_head_json":{"title":"Contacts - Zemnieku Saimniec\u012bba &quot;B\u0113rzi\u0146i&quot;","robots":{"index":"index","follow":"follow","max-snippet":"max-snippet:-1","max-image-preview":"max-image-preview:large","max-video-preview":"max-video-preview:-1"},"canonical":"https:\/\/berzini.lv\/kontakti\/","og_locale":"en_US","og_type":"article","og_title":"Contacts - Zemnieku Saimniec\u012bba &quot;B\u0113rzi\u0146i&quot;","og_description":"e-mail: berzini@berzini.lv Iveta \u2013 flowers, assortment: +371 29506611, iveta@berzini.lv Didzis \u2013 common questions, contracts: +371 26012280, didzis@berzini.lv Imants \u2013 common questions, contracts: +371 29501519, imants@berzini.lv Osvalds \u2013 website maintenance: +371 29556028, osvalds@berzini.lv","og_url":"https:\/\/berzini.lv\/kontakti\/","og_site_name":"Zemnieku Saimniec\u012bba &quot;B\u0113rzi\u0146i&quot;","article_modified_time":"2018-01-23T11:37:41+00:00","og_image":[{"width":448,"height":254,"url":"https:\/\/berzini.lv\/wp-content\/uploads\/2016\/06\/karte_small.jpg","type":"image\/jpeg"}],"twitter_card":"summary_large_image","schema":{"@context":"https:\/\/schema.org","@graph":[{"@type":"WebPage","@id":"https:\/\/berzini.lv\/kontakti\/","url":"https:\/\/berzini.lv\/kontakti\/","name":"Contacts - Zemnieku Saimniec\u012bba &quot;B\u0113rzi\u0146i&quot;","isPartOf":{"@id":"https:\/\/berzini.lv\/#website"},"primaryImageOfPage":{"@id":"https:\/\/berzini.lv\/kontakti\/#primaryimage"},"image":{"@id":"https:\/\/berzini.lv\/kontakti\/#primaryimage"},"thumbnailUrl":"https:\/\/berzini.lv\/wp-content\/uploads\/2016\/06\/karte_small-300x170.jpg","datePublished":"2016-06-09T10:37:43+00:00","dateModified":"2018-01-23T11:37:41+00:00","breadcrumb":{"@id":"https:\/\/berzini.lv\/kontakti\/#breadcrumb"},"inLanguage":"en-US","potentialAction":[{"@type":"ReadAction","target":["https:\/\/berzini.lv\/kontakti\/"]}]},{"@type":"ImageObject","inLanguage":"en-US","@id":"https:\/\/berzini.lv\/kontakti\/#primaryimage","url":"https:\/\/berzini.lv\/wp-content\/uploads\/2016\/06\/karte_small-300x170.jpg","contentUrl":"https:\/\/berzini.lv\/wp-content\/uploads\/2016\/06\/karte_small-300x170.jpg"},{"@type":"BreadcrumbList","@id":"https:\/\/berzini.lv\/kontakti\/#breadcrumb","itemListElement":[{"@type":"ListItem","position":1,"name":"Home","item":"https:\/\/berzini.lv\/en\/"},{"@type":"ListItem","position":2,"name":"Contacts"}]},{"@type":"WebSite","@id":"https:\/\/berzini.lv\/#website","url":"https:\/\/berzini.lv\/","name":"Zemnieku Saimniec\u012bba &quot;B\u0113rzi\u0146i&quot;","description":"ee","potentialAction":[{"@type":"SearchAction","target":{"@type":"EntryPoint","urlTemplate":"https:\/\/berzini.lv\/?s={search_term_string}"},"query-input":{"@type":"PropertyValueSpecification","valueRequired":true,"valueName":"search_term_string"}}],"inLanguage":"en-US"}]}},"_links":{"self":[{"href":"https:\/\/berzini.lv\/en\/wp-json\/wp\/v2\/pages\/742","targetHints":{"allow":["GET"]}}],"collection":[{"href":"https:\/\/berzini.lv\/en\/wp-json\/wp\/v2\/pages"}],"about":[{"href":"https:\/\/berzini.lv\/en\/wp-json\/wp\/v2\/types\/page"}],"author":[{"embeddable":true,"href":"https:\/\/berzini.lv\/en\/wp-json\/wp\/v2\/users\/1"}],"replies":[{"embeddable":true,"href":"https:\/\/berzini.lv\/en\/wp-json\/wp\/v2\/comments?post=742"}],"version-history":[{"count":4,"href":"https:\/\/berzini.lv\/en\/wp-json\/wp\/v2\/pages\/742\/revisions"}],"predecessor-version":[{"id":3800,"href":"https:\/\/berzini.lv\/en\/wp-json\/wp\/v2\/pages\/742\/revisions\/3800"}],"wp:attachment":[{"href":"https:\/\/berzini.lv\/en\/wp-json\/wp\/v2\/media?parent=742"}],"curies":[{"name":"wp","href":"https:\/\/api.w.org\/{rel}","templated":true}]}}